{"id":26043,"date":"2017-02-07T10:20:10","date_gmt":"2017-02-07T10:20:10","guid":{"rendered":"http:\/\/www.travesiatabarcasantapola.com\/first-timers-advice\/"},"modified":"2018-02-13T10:42:38","modified_gmt":"2018-02-13T09:42:38","slug":"first-timers-advice","status":"publish","type":"page","link":"https:\/\/www.travesiatabarcasantapola.com\/de\/first-timers-advice\/","title":{"rendered":"Schwimmanf\u00e4nger"},"content":{"rendered":"<p>[et_pb_section bb_built=&#8221;1&#8243; admin_label=&#8221;section&#8221;][et_pb_row admin_label=&#8221;row&#8221; background_position=&#8221;top_left&#8221; background_repeat=&#8221;repeat&#8221; background_size=&#8221;initial&#8221;][et_pb_column type=&#8221;4_4&#8243;][et_pb_text admin_label=&#8221;SUBTITULO&#8221; background_layout=&#8221;light&#8221; text_font=&#8221;Source Sans Pro Light||||&#8221; text_font_size=&#8221;25&#8243; text_text_color=&#8221;#09688b&#8221; text_line_height=&#8221;1em&#8221; use_border_color=&#8221;off&#8221; custom_margin=&#8221;||0px|&#8221; custom_padding=&#8221;||0px|&#8221; background_position=&#8221;top_left&#8221; background_repeat=&#8221;repeat&#8221; background_size=&#8221;initial&#8221; _builder_version=&#8221;3.0.101&#8243;]<\/p>\n<p><strong>Schwimmanf\u00e4nger<\/strong><\/p>\n<p>[\/et_pb_text][et_pb_text admin_label=&#8221;TITULO&#8221; background_layout=&#8221;light&#8221; text_font=&#8221;Source Sans Pro Light|on|||&#8221; text_font_size=&#8221;50&#8243; text_line_height=&#8221;1em&#8221; use_border_color=&#8221;off&#8221; custom_margin=&#8221;0px||30px|&#8221; custom_padding=&#8221;0px|||&#8221; text_text_color=&#8221;#09688b&#8221; background_position=&#8221;top_left&#8221; background_repeat=&#8221;repeat&#8221; background_size=&#8221;initial&#8221; _builder_version=&#8221;3.0.101&#8243;]<\/p>\n<p><strong>Informationen f\u00fcr Schwimmanf\u00e4nger<\/strong><\/p>\n<p>[\/et_pb_text][et_pb_divider color=&#8221;#09688b&#8221; show_divider=&#8221;on&#8221; height=&#8221;50&#8243; divider_style=&#8221;solid&#8221; divider_position=&#8221;top&#8221; hide_on_mobile=&#8221;on&#8221; custom_css_main_element=&#8221;width: 20%;&#8221; disabled_on=&#8221;on|on|off&#8221; \/][et_pb_text background_layout=&#8221;light&#8221; use_border_color=&#8221;off&#8221; module_class=&#8221;reglamento&#8221; background_position=&#8221;top_left&#8221; background_repeat=&#8221;repeat&#8221; background_size=&#8221;initial&#8221; _builder_version=&#8221;3.0.101&#8243;]<\/p>\n<p>Im unterstehenden Text werde ich einige Punkte beschreiben und m\u00f6gliche Fragen von Schwimmern beantworten\u00a0 die das erste Mal dieses Freiwasseschwimmen versuchen und dadurch Fragen aufkommen oder in der Vergangenheit\u00a0 schon einmal dar\u00fcber informiert werden wollten.<\/p>\n<p>Freiwasserschwimmen oder Langstreckenschwimmen auf offener See und der Schwimmer ist ganz alleine, keiner schwimmt mit ihm und niemand weit und breit, nur Wasser und wieder Wasser, es \u00a0kann bei manchen Personen ein\u00a0 neues, unbekanntes Gef\u00fchl hervorrufen wie Angst und Hilflosigkeit<\/p>\n<p>Wichtig ist, nicht in Panik zu geraten oder nerv\u00f6s zu werden. In Ihrer N\u00e4he ist ganz bestimmt ein Schwimmer oder Kajaker der Ihnen helfen kann, wenn n\u00f6tig.<\/p>\n<p>Der \u00a0Schwimmer, der sich mit einem entsprechenden Training vorbereitet und zum ersten Mal mit dieser Strecke auf offener See konfrontiert wird, muss im Stande sein ohne Probleme \u00fcber 3 Stunden zu schwimmen.<\/p>\n<p>Die Entfernung zwischen der Insel Tabarca und Santa Pola betr\u00e4gt 5900 Meter, wobei Wellengang und Gegenstrom aufkommen kann und eben \u00a0diese 5900 Meter es dem Schwimmer erheblich schwieriger machen k\u00f6nnte, als er\u00a0 erwartet h\u00e4tte.<\/p>\n<p>Die Sichtmerkmale auf offener See sind unterschiedlicher als im Schwimmbad, sie sehen auf dem Grund die weisse Linie oder haben neben sich\u00a0 den Beckenrand.\u00a0 Sie m\u00fcssen auf offener See den Kopf gerade anheben und die n\u00e4chsten Bojen suchen, die die Strecke \u00a0\u00a0\u00a0\u00a0\u00a0markieren, der k\u00fcrzeste Weg.<\/p>\n<p>Wichtig ist es, dass Sie auch auf offener See trainiert haben, denn vielleicht hat man\u00a0 diese\u00a0 Situationen schon einem erlebt, wie am Tage des Wettkampfes, z.B. Seitenwellen, rauer Seegang, gegenl\u00e4ufige Meeresstr\u00f6mungen. Gew\u00f6hnen Sie sich auf den Ausblick, den sie auf offener See haben.(Eine herrliche Aussicht, aber es kann ganz pl\u00f6tzlich dunkel\u00a0 und d\u00fcster werden.)<\/p>\n<p>Wichtig w\u00e4re es, wenn Sie mit noch einem Partner \/Schwimmer kommen, wenn nicht, kann man ihm am Tag des Wettkampfes suchen, bestimmt ist dort jemand, der im gleichen Rhythmus schwimmt.<\/p>\n<p>Mit dem Training auf offener See k\u00f6nnen Sie\u00a0 l\u00e4ngs der K\u00fcste auf die gef\u00fcrchteten Quallen stossen und werden festellen, dass sie nicht so schlimm sind wie gesagt wird.<\/p>\n<ol>\n<li>Einige sehr grosse, sch\u00f6ne Quallen, die mit Ihnen mit schwimmen, meistens sind sie alleine und keine Hindernisse, sie werden sie sehen, denn sie sind sehr gross und sie k\u00f6nnen sie mit einer Handbewegung von oben abwenden ,dass schlimmste sind ihre Fangarme.<\/li>\n<li>Andere Arten von Quallen, h\u00e4ufiger aus dieser Zone, haben einen runden K\u00f6rper und messen von 2 bis 7cm, mit kleinen schmerzhaften, klebrigen Fangarmen. Sie finden sie im geringerem Anteil\u00a0 und das Gift, welches sie benutzt ist nicht so sch\u00e4dlich, aber wenn Sie am Anfang des Wettkampfes mit ihr in Ber\u00fchrung kommen, wissen sie wahrscheinlich nicht mehr wo sie sie ber\u00fchrt haben, wenn\u00a0 Sie am Ziel sind.<\/li>\n<li>Letztlich gibt es dann solche Quallen und nach unserer Ansicht die Schlimmsten, sie haben die gleiche Gr\u00f6sse, aber ihr Gift ist schlimmer, schmerzhafter und sie\u00a0 bewegen sich massenweise fort in Schw\u00e4rmen und sie k\u00f6nnen ihnen ncht ausweichen.<\/li>\n<li>Vor dem Start macht der Veranstalter eine visuelle Kontrolle von der Wettbewerbszone, ob \u00a0solche\u00a0 Schw\u00e4rme von Quallen\u00a0 in dieser Zone auftreten.<\/li>\n<\/ol>\n<p>Was m\u00fcssen Sie tun, wenn sie mit einer Qualle in\u00a0 Ber\u00fchrung kommen:<\/p>\n<p>Geraten Sie nicht in Panik, es kann schwerwiegender sein als die Ber\u00fchrung der Qualle selbst.<\/p>\n<p>Bitte reiben Sie nicht mit der Hand die betroffene Stelle, denn das Gift kann sich auf andere Stellen am K\u00f6rper ausbreiten.<\/p>\n<p>Sofern Sie es f\u00fcr notwendig halten und nach der Ber\u00fchrung der Qualle\u00a0 zu Stoppen, bet\u00e4tigen Sie bitte die Thrillerpfeife und nehmen sie Kontakt \u00a0mit den n\u00e4chstliegenden Booten auf, um aus dem Wasser geholt zu werden.<\/p>\n<p>Folgen Sie den Hinweisen des Veranstalters im Bereich Sicherheit.<\/p>\n<p>Es ist sehr wichtig Ihre Selbsteinsch\u00e4tzung und ihre\u00a0 Befugnisse nicht zu \u00fcberschreiten, es ist vorzuziehen, falls wir uns nicht wohlf\u00fchlen und unter h\u00e4ufig wiederkehrenden Kr\u00e4mpfen leiden, um Hilfe bitten, wenn die Kraft noch vorhanden ist und niemals, niemals zum\u00a0 Zusammenbruch f\u00fchren k\u00f6nnte.<\/p>\n<p><strong>Folgen Sie den Hinweisen des Veranstalters im Bereich Sicherheit.<\/strong><\/p>\n<p>Es ist sehr wichtig Ihre Selbsteinsch\u00e4tzung und ihre\u00a0 Befugnisse nicht zu \u00fcberschreiten, es ist vorzuziehen, falls wir uns nicht wohlf\u00fchlen und unter h\u00e4ufig wiederkehrenden Kr\u00e4mpfen leiden, um Hilfe bitten, wenn die Kraft noch vorhanden ist und niemals, niemals zum\u00a0 Zusammenbruch f\u00fchren k\u00f6nnte.<\/p>\n<p>Der kritische Punkt dieses Wettkampfes ist der Start, wenn die Schwimmer vom schnelleren bis langsameren Schwimmern nicht nach\u00a0 festgelegter Reihenfolge starten und somit St\u00f6reinwirkungen wie Kratzer, Ber\u00fchrungen mit anderen Schwimmern<\/p>\n<p>Wenn man nicht weiss wieviel Zeit man f\u00fcr die Strecke braucht, wenn man unsicher \u00fcber\u00a0 den Rhytmus bez\u00fcglich anderer Schwimmer\u00a0 ist, und wenn sie auf keinen Fall dieses Leiden in Kauf nehmen m\u00f6chten, ist es besser, man bleibt hinten am Start und schwimmt nach seinem eigenem Rhytmus von Anfang an.<\/p>\n<p>Mit Sicherheit \u00fcberholen Sie diese \u00a0\u201eSchwimm-Maschine\u201d, die schnell und z\u00fcgellos am Start war.<\/p>\n<p>Im Falle auftretender Muskelkr\u00e4mpfen, sollten Sie stoppen und den Muskel entspannen, wenn Sie sehr weit weg sind vom Ziel und der Krampf gibt nicht nach, brechen Sie den Wettkampf bitte ab, und versuchen Sie es ein anderes Mal, aber wenn sie schon fast am Ziel sind, \u00a0d\u00fcrfen Sie nicht mehr die Beine \u00fcberanstrengen, damit die Kr\u00e4mpfe weggehen, somit die Muskeln entspannt werden k\u00f6nnen und sie so zum Ziel kommen, auch wenn sie l\u00e4ngere Zeit in Anspruch nehmen.<\/p>\n<p>Ein anderes Problem ist, dass sich Symptome von Seekrankheit einstellen k\u00f6nnen, die gleichen wie bei\u00a0 Schwindel und \u00dcbelkeit\u00a0 und wer \u00a0dies aus seiner pers\u00f3nlichen Erfahrung schon erlebt hat, empfehlen wir Ihnen abzubrechen und es nochmals n\u00e4chstes Jahr zu versuchen.<\/p>\n<p>Wenn Sie beim Trainieren feststellen, dass Ihnen schwindelig wird auf hoher See, versuchen Sie\u00a0 mit Ohrst\u00f6psel zu schwimmen.<\/p>\n<p>Am Anfang des Wettkampfes ist es wichtig, den Beinen einen nicht\u00a0 zu schnellen Rhythmus aufzuerlegen, es ist besser abzuwarten und den Wettkampf mit einem Endspurt zu beenden.<\/p>\n<p>Bevor Sie ins Wasser gehen, empfehlen wir Ihnen sich gut mit Vaseline einzureiben, besonders an den Stellen, wie Achseln, Hals und Nacken um Reibungen zu vermeiden. Manche Schwimmer verteilen Vaseline grossz\u00fcgig auf dem ganzen K\u00f6rper, \u00a0es verbessert die Widerstandskraft und sch\u00fctzt gegen Quallen.<\/p>\n<p>Es darf nicht vergessen werden, dass es ein popul\u00e4rer Wettkampf ist und in den meisten F\u00e4llen k\u00e4mpfen Sie gegen sich selbst, \u00a0machen wir es somit zu einem unvergesslichen Erlebnis oder verwandeln \u00a0ihn\u00a0 in ein grossen Fest. Die Grundvoraussetzung ist die Kameradschaft der Schwimmer auf See\u00a0 und somit kann\u00a0 dieses Vorhaben wirksam erf\u00fcllt werden und wer weiss vielleicht wird damit verhindert, dass er abbrechen muss.<\/p>\n<p>[\/et_pb_text][\/et_pb_column][\/et_pb_row][\/et_pb_section]<\/p>\n","protected":false},"excerpt":{"rendered":"<p>Schwimmanf\u00e4nger Informationen f\u00fcr Schwimmanf\u00e4nger Im unterstehenden Text werde ich einige Punkte beschreiben und m\u00f6gliche Fragen von Schwimmern beantworten\u00a0 die das erste Mal dieses Freiwasseschwimmen versuchen und dadurch Fragen aufkommen oder in der Vergangenheit\u00a0 schon einmal dar\u00fcber informiert werden wollten. Freiwasserschwimmen oder Langstreckenschwimmen auf offener See und der Schwimmer ist ganz alleine, keiner schwimmt mit ihm [&hellip;]<\/p>\n","protected":false},"author":1,"featured_media":0,"parent":0,"menu_order":0,"comment_status":"closed","ping_status":"closed","template":"","meta":{"_et_pb_use_builder":"on","_et_pb_old_content":"","_et_gb_content_width":"","footnotes":""},"class_list":["post-26043","page","type-page","status-publish","hentry"],"yoast_head":"<!-- This site is optimized with the Yoast SEO plugin v27.4 - https:\/\/yoast.com\/product\/yoast-seo-wordpress\/ -->\n<title>Schwimmanf\u00e4nger - Traves\u00eda a Nado Tabarca Santa Pola (Alicante - Espa\u00f1a)<\/title>\n<meta name=\"robots\" content=\"index, follow, max-snippet:-1, max-image-preview:large, max-video-preview:-1\" \/>\n<link rel=\"canonical\" href=\"https:\/\/www.travesiatabarcasantapola.com\/de\/first-timers-advice\/\" \/>\n<meta property=\"og:locale\" content=\"de_DE\" \/>\n<meta property=\"og:type\" content=\"article\" \/>\n<meta property=\"og:title\" content=\"Schwimmanf\u00e4nger - Traves\u00eda a Nado Tabarca Santa Pola (Alicante - Espa\u00f1a)\" \/>\n<meta property=\"og:description\" content=\"Schwimmanf\u00e4nger Informationen f\u00fcr Schwimmanf\u00e4nger Im unterstehenden Text werde ich einige Punkte beschreiben und m\u00f6gliche Fragen von Schwimmern beantworten\u00a0 die das erste Mal dieses Freiwasseschwimmen versuchen und dadurch Fragen aufkommen oder in der Vergangenheit\u00a0 schon einmal dar\u00fcber informiert werden wollten. Freiwasserschwimmen oder Langstreckenschwimmen auf offener See und der Schwimmer ist ganz alleine, keiner schwimmt mit ihm [&hellip;]\" \/>\n<meta property=\"og:url\" content=\"https:\/\/www.travesiatabarcasantapola.com\/de\/first-timers-advice\/\" \/>\n<meta property=\"og:site_name\" content=\"Traves\u00eda a Nado Tabarca Santa Pola (Alicante - Espa\u00f1a)\" \/>\n<meta property=\"article:publisher\" content=\"https:\/\/www.facebook.com\/Travesiaanado\/?fref=ts\" \/>\n<meta property=\"article:modified_time\" content=\"2018-02-13T09:42:38+00:00\" \/>\n<meta name=\"twitter:card\" content=\"summary_large_image\" \/>\n<meta name=\"twitter:site\" content=\"@travesiaanado\" \/>\n<meta name=\"twitter:label1\" content=\"Est. reading time\" \/>\n\t<meta name=\"twitter:data1\" content=\"7 minutes\" \/>\n<script type=\"application\/ld+json\" class=\"yoast-schema-graph\">{\"@context\":\"https:\\\/\\\/schema.org\",\"@graph\":[{\"@type\":\"WebPage\",\"@id\":\"https:\\\/\\\/www.travesiatabarcasantapola.com\\\/de\\\/first-timers-advice\\\/\",\"url\":\"https:\\\/\\\/www.travesiatabarcasantapola.com\\\/de\\\/first-timers-advice\\\/\",\"name\":\"Schwimmanf\u00e4nger - Traves\u00eda a Nado Tabarca Santa Pola (Alicante - Espa\u00f1a)\",\"isPartOf\":{\"@id\":\"https:\\\/\\\/www.travesiatabarcasantapola.com\\\/#website\"},\"datePublished\":\"2017-02-07T10:20:10+00:00\",\"dateModified\":\"2018-02-13T09:42:38+00:00\",\"breadcrumb\":{\"@id\":\"https:\\\/\\\/www.travesiatabarcasantapola.com\\\/de\\\/first-timers-advice\\\/#breadcrumb\"},\"inLanguage\":\"de-DE\",\"potentialAction\":[{\"@type\":\"ReadAction\",\"target\":[\"https:\\\/\\\/www.travesiatabarcasantapola.com\\\/de\\\/first-timers-advice\\\/\"]}]},{\"@type\":\"BreadcrumbList\",\"@id\":\"https:\\\/\\\/www.travesiatabarcasantapola.com\\\/de\\\/first-timers-advice\\\/#breadcrumb\",\"itemListElement\":[{\"@type\":\"ListItem\",\"position\":1,\"name\":\"Portada\",\"item\":\"https:\\\/\\\/www.travesiatabarcasantapola.com\\\/de\\\/\"},{\"@type\":\"ListItem\",\"position\":2,\"name\":\"Schwimmanf\u00e4nger\"}]},{\"@type\":\"WebSite\",\"@id\":\"https:\\\/\\\/www.travesiatabarcasantapola.com\\\/#website\",\"url\":\"https:\\\/\\\/www.travesiatabarcasantapola.com\\\/\",\"name\":\"Traves\u00eda a Nado Tabarca Santa Pola (Alicante - Espa\u00f1a)\",\"description\":\"La mejor traves\u00eda a nado en aguas abiertas de Espa\u00f1a\",\"potentialAction\":[{\"@type\":\"SearchAction\",\"target\":{\"@type\":\"EntryPoint\",\"urlTemplate\":\"https:\\\/\\\/www.travesiatabarcasantapola.com\\\/?s={search_term_string}\"},\"query-input\":{\"@type\":\"PropertyValueSpecification\",\"valueRequired\":true,\"valueName\":\"search_term_string\"}}],\"inLanguage\":\"de-DE\"}]}<\/script>\n<!-- \/ Yoast SEO plugin. -->","yoast_head_json":{"title":"Schwimmanf\u00e4nger - Traves\u00eda a Nado Tabarca Santa Pola (Alicante - Espa\u00f1a)","robots":{"index":"index","follow":"follow","max-snippet":"max-snippet:-1","max-image-preview":"max-image-preview:large","max-video-preview":"max-video-preview:-1"},"canonical":"https:\/\/www.travesiatabarcasantapola.com\/de\/first-timers-advice\/","og_locale":"de_DE","og_type":"article","og_title":"Schwimmanf\u00e4nger - Traves\u00eda a Nado Tabarca Santa Pola (Alicante - Espa\u00f1a)","og_description":"Schwimmanf\u00e4nger Informationen f\u00fcr Schwimmanf\u00e4nger Im unterstehenden Text werde ich einige Punkte beschreiben und m\u00f6gliche Fragen von Schwimmern beantworten\u00a0 die das erste Mal dieses Freiwasseschwimmen versuchen und dadurch Fragen aufkommen oder in der Vergangenheit\u00a0 schon einmal dar\u00fcber informiert werden wollten. Freiwasserschwimmen oder Langstreckenschwimmen auf offener See und der Schwimmer ist ganz alleine, keiner schwimmt mit ihm [&hellip;]","og_url":"https:\/\/www.travesiatabarcasantapola.com\/de\/first-timers-advice\/","og_site_name":"Traves\u00eda a Nado Tabarca Santa Pola (Alicante - Espa\u00f1a)","article_publisher":"https:\/\/www.facebook.com\/Travesiaanado\/?fref=ts","article_modified_time":"2018-02-13T09:42:38+00:00","twitter_card":"summary_large_image","twitter_site":"@travesiaanado","twitter_misc":{"Est. reading time":"7 minutes"},"schema":{"@context":"https:\/\/schema.org","@graph":[{"@type":"WebPage","@id":"https:\/\/www.travesiatabarcasantapola.com\/de\/first-timers-advice\/","url":"https:\/\/www.travesiatabarcasantapola.com\/de\/first-timers-advice\/","name":"Schwimmanf\u00e4nger - Traves\u00eda a Nado Tabarca Santa Pola (Alicante - Espa\u00f1a)","isPartOf":{"@id":"https:\/\/www.travesiatabarcasantapola.com\/#website"},"datePublished":"2017-02-07T10:20:10+00:00","dateModified":"2018-02-13T09:42:38+00:00","breadcrumb":{"@id":"https:\/\/www.travesiatabarcasantapola.com\/de\/first-timers-advice\/#breadcrumb"},"inLanguage":"de-DE","potentialAction":[{"@type":"ReadAction","target":["https:\/\/www.travesiatabarcasantapola.com\/de\/first-timers-advice\/"]}]},{"@type":"BreadcrumbList","@id":"https:\/\/www.travesiatabarcasantapola.com\/de\/first-timers-advice\/#breadcrumb","itemListElement":[{"@type":"ListItem","position":1,"name":"Portada","item":"https:\/\/www.travesiatabarcasantapola.com\/de\/"},{"@type":"ListItem","position":2,"name":"Schwimmanf\u00e4nger"}]},{"@type":"WebSite","@id":"https:\/\/www.travesiatabarcasantapola.com\/#website","url":"https:\/\/www.travesiatabarcasantapola.com\/","name":"Traves\u00eda a Nado Tabarca Santa Pola (Alicante - Espa\u00f1a)","description":"La mejor traves\u00eda a nado en aguas abiertas de Espa\u00f1a","potentialAction":[{"@type":"SearchAction","target":{"@type":"EntryPoint","urlTemplate":"https:\/\/www.travesiatabarcasantapola.com\/?s={search_term_string}"},"query-input":{"@type":"PropertyValueSpecification","valueRequired":true,"valueName":"search_term_string"}}],"inLanguage":"de-DE"}]}},"_links":{"self":[{"href":"https:\/\/www.travesiatabarcasantapola.com\/de\/wp-json\/wp\/v2\/pages\/26043","targetHints":{"allow":["GET"]}}],"collection":[{"href":"https:\/\/www.travesiatabarcasantapola.com\/de\/wp-json\/wp\/v2\/pages"}],"about":[{"href":"https:\/\/www.travesiatabarcasantapola.com\/de\/wp-json\/wp\/v2\/types\/page"}],"author":[{"embeddable":true,"href":"https:\/\/www.travesiatabarcasantapola.com\/de\/wp-json\/wp\/v2\/users\/1"}],"replies":[{"embeddable":true,"href":"https:\/\/www.travesiatabarcasantapola.com\/de\/wp-json\/wp\/v2\/comments?post=26043"}],"version-history":[{"count":12,"href":"https:\/\/www.travesiatabarcasantapola.com\/de\/wp-json\/wp\/v2\/pages\/26043\/revisions"}],"predecessor-version":[{"id":26245,"href":"https:\/\/www.travesiatabarcasantapola.com\/de\/wp-json\/wp\/v2\/pages\/26043\/revisions\/26245"}],"wp:attachment":[{"href":"https:\/\/www.travesiatabarcasantapola.com\/de\/wp-json\/wp\/v2\/media?parent=26043"}],"curies":[{"name":"wp","href":"https:\/\/api.w.org\/{rel}","templated":true}]}}