{"id":26051,"date":"2017-02-07T10:32:44","date_gmt":"2017-02-07T10:32:44","guid":{"rendered":"http:\/\/www.travesiatabarcasantapola.com\/protocolo-seguridad\/"},"modified":"2024-01-29T12:47:32","modified_gmt":"2024-01-29T11:47:32","slug":"protocolo-seguridad","status":"publish","type":"page","link":"https:\/\/www.travesiatabarcasantapola.com\/de\/protocolo-seguridad\/","title":{"rendered":"SAFETY RULES PROCEDURE"},"content":{"rendered":"<p>[et_pb_section fb_built=&#8221;1&#8243; admin_label=&#8221;section&#8221; _builder_version=&#8221;4.16&#8243; global_colors_info=&#8221;{}&#8221;][et_pb_row admin_label=&#8221;row&#8221; _builder_version=&#8221;4.16&#8243; background_size=&#8221;initial&#8221; background_position=&#8221;top_left&#8221; background_repeat=&#8221;repeat&#8221; global_colors_info=&#8221;{}&#8221;][et_pb_column type=&#8221;4_4&#8243; _builder_version=&#8221;4.16&#8243; custom_padding=&#8221;|||&#8221; global_colors_info=&#8221;{}&#8221; custom_padding__hover=&#8221;|||&#8221;][et_pb_text admin_label=&#8221;SUBTITULO&#8221; _builder_version=&#8221;4.16&#8243; text_font=&#8221;Source Sans Pro Light||||&#8221; text_text_color=&#8221;#09688b&#8221; text_font_size=&#8221;25&#8243; text_line_height=&#8221;1em&#8221; background_size=&#8221;initial&#8221; background_position=&#8221;top_left&#8221; background_repeat=&#8221;repeat&#8221; custom_margin=&#8221;||0px|&#8221; custom_padding=&#8221;||0px|&#8221; use_border_color=&#8221;off&#8221; global_colors_info=&#8221;{}&#8221;]HOCHWICHTIG<br \/>\n[\/et_pb_text][et_pb_text admin_label=&#8221;titulo&#8221; _builder_version=&#8221;4.16&#8243; text_font=&#8221;Source Sans Pro Light|on|||&#8221; text_text_color=&#8221;#09688b&#8221; text_font_size=&#8221;50&#8243; text_line_height=&#8221;1em&#8221; background_size=&#8221;initial&#8221; background_position=&#8221;top_left&#8221; background_repeat=&#8221;repeat&#8221; custom_margin=&#8221;0px||30px|&#8221; custom_padding=&#8221;0px|||&#8221; use_border_color=&#8221;off&#8221; global_colors_info=&#8221;{}&#8221;]SICHERHEITSPROTOKOLL<br \/>\n[\/et_pb_text][et_pb_divider disabled_on=&#8221;on|on|off&#8221; _builder_version=&#8221;4.16&#8243; height=&#8221;50px&#8221; custom_css_main_element=&#8221;width: 20%;&#8221; hide_on_mobile=&#8221;on&#8221; global_colors_info=&#8221;{}&#8221;][\/et_pb_divider][et_pb_text module_class=&#8221;reglamento&#8221; _builder_version=&#8221;4.21.0&#8243; background_size=&#8221;initial&#8221; background_position=&#8221;top_left&#8221; background_repeat=&#8221;repeat&#8221; hover_enabled=&#8221;0&#8243; use_border_color=&#8221;off&#8221; global_colors_info=&#8221;{}&#8221; sticky_enabled=&#8221;0&#8243;]<\/p>\n<p>PROTOKOLL IM FALLE EINER ABSAGE DES WETTKAMPFES\u00a0 NACHDEM GESTARTET WURDE.<\/p>\n<p>Falls gestartet wurde,\u00a0 und alle Teilnehmer die im Wasser verbleiben \u00a0und gem\u00e4ss\u00a0 Entscheidung des Sicherheitsleiters evakuiert werden m\u00fcssen , sind folgende Schritte zu befolgen:<\/p>\n<ul>\n<li>Mitteilungen \u00a0der Richter an die Sicherheitsboote, dass der Wettkampf abgesagt wurde..<\/li>\n<li>Der Sicherheitsleiter wird sich \u00fcber den festgelegten Sender mit den grossen Schiffen in Kontakt setzen, die auf die Aufhebung des Wettkampfes hinweisen indem sie die Alarmsirenen aufheulen lassen.<\/li>\n<li>Nach Erhalt der Mitteilung begeben sich die Schwimmer an die n\u00e4chstgelegene Boje und warten auf ihre Abholung.<\/li>\n<li>Diese Bojen sind mit Luftballons gekennzeichnet \u00a0je 200 Meter und eine Boje, etwa, jede 100 Meter. (Ausser\u00a0 auf den ersten Metern am Start und \u00a0den letzten Metern am nahegelegenen Ziel.)<\/li>\n<li>\u00a0Zur Gew\u00e4hrleistung der Sicherheit benutzen Sie nur ihre eigene Boje um unn\u00f6tige St\u00f6rungen anderer Schwimmer zu vermeiden.<\/li>\n<li>Die mittelgrossen Schiffe und Zodiac-Boote kontrolieren, das kein Schwimmer alleine schwimmt oder\u00a0 \u00a0sich verirrt, sie retten bis zum letztem Schwimmer und bringen ihn zu den Booten oder der K\u00fcste.<\/li>\n<li>An \u2013Bord- gehen der Schiffe\u00a0 ist mit gr\u00f6?ter Sorgfalt und Vorsicht zu verfahren und nach Anweisung des\u00a0 Kapit\u00e4ns jedes Schiffes werden die Schwimmer so nah wie m\u00f6glich an die K\u00fcste gebracht, wo sie wieder ins Meer springen und zum Ziel schwimmen.<\/li>\n<li>Die Schwimmer behalten w\u00e4hrend der Evakuierung ihre Position bei und es ist m\u00f6glichst vorsichtig fortzufahren.<\/li>\n<\/ul>\n<p>&nbsp;<\/p>\n<p>Die Schwimmer haben die Pflicht, falls der Wettbeweb annulliert wird \u00a0die Massnahmen der Veranstalter\u00a0 und\u00a0 dem Sicherheitspersonal zu befolgen, und es ihnen nicht m\u00f6glich ist auf eigene Gefahr \u00a0zu schwimmen oder den Wettkampf fortzusetzen.<\/p>\n<p><strong>Wichtig: Die Schwimmer m\u00fcssen das Ziel passieren, so dass der\u00a0 Schwimmer mittels Transponders\u00a0 registriert werden kann.<\/strong><\/p>\n<p>Falls der Wettkampf ausf\u00e4llt darf der Transponder auf keinen Fall entfernt oder einem anderen Schwimmer \u00fcbergeben werden, er ist eine pers\u00f6nliche Kennzeichnung und geh\u00f6rt zum Sicherheitssystem.<\/p>\n<p>Im Falle des Verlustes oder\u00a0 im Nichtbesitz des Transponders m\u00fcssen sie sofort das Sicherheitspersonal in Kenntniss setzen, sowie ihren Namen dem Sicherheitspersonal angeben, die mit der Registrierung der Schwimmer beauftragt sind.<\/p>\n<p><strong>RUHE, GELASSENHEIT, VORSICHT UND VORSORGE<\/strong><\/p>\n<p><strong>SICHERHEITSMABNAHMEN DES EINZELNEN SCHWIMMERS<\/strong><\/p>\n<p>Nummerierte Badekappe<\/p>\n<p>Transponder<\/p>\n<p>Trillerpfeife<\/p>\n<p>Sicherheitsboje mit Startnummer<\/p>\n<p><strong>Diese Bestandteile sind Pflicht f\u00fcr alle Teilnehmer und im Falle der Nichtnutzung von irgendeier Sache werden sie unverz\u00fcglich aus dem Wasser entfernt<\/strong>.<\/p>\n<p><strong>VERPFLICHTUNGER DER SCHWIMMER<\/strong><\/p>\n<p>*Pr\u00fcfen Sie vor dem Einschiffen, dass alle Bestandteile f\u00fcr ihre Sicherheit vorhanden sind.<\/p>\n<p>F\u00fcr eine einwandfreie\u00a0 Durchf\u00fchrung m\u00fcssen Sie mit Sorgfalt alles \u00fcberpr\u00fcfen.<br \/>Nur diese Sachen benutzen<\/p>\n<p>Etwaige Probleme die Anlass zu Bedenken geben k\u00f6nnten, teilen sie dem Veranstalter oder Sicherheitspersonal\u00a0 mit.<\/p>\n<p><strong>GR\u00dcNDE F\u00dcR EINE HERAUSNAHME DES SCHWIMMERS AUS DEM WETTBEWERB :<\/strong><\/p>\n<p>Auf eigenen Wunsch.<\/p>\n<p>Die Nichtbenutzung der Sicherheitselemente.<\/p>\n<p>Die ohne ausreichende Koordination schwimmen.<\/p>\n<p>Jegliche Anzeichen von M\u00fcdigkeit.<\/p>\n<p>Die Nichtbenutzung der Sicherheitselemente.<\/p>\n<p>Nicht imstande sein innerhalb der festgelegten Grenzen des Veranstalters die Richtung einzuhalten.<\/p>\n<p>(25 Meter auf beiden Seiten der\u00a0 zentralen Linie der Bojen).<\/p>\n<p>Gegen die Regeln des Fair Plays verstossen, sowie ein aggressives Verhalten gegen\u00fcber Schwimmern und Veranstalter.<\/p>\n<p>Die Hilfe denjenigen Schwimmern zu \u00a0verweigern die um Hilfe ersuchen.<\/p>\n<p>Unsachgem\u00e4ssen Gebrauch der Thrillerpfeife.<\/p>\n<p>\u00dcberschreiten der vorgegebenen Zeit f\u00fcr die unterschiedliche Entfernung der Strecke.<\/p>\n<p><strong>Die vorgegebenen Regeln des Veranstalters nicht einhalten und das Risikoverhalten eine Gefahr f\u00fcr den Teilnehmer selbst, f\u00fcr andere Schwimmer, dem Organisationsteam, Kajakern und Freiwilligen ist und nach Ansicht des Sicherheitsleiters eine Gefahr darstellen.<\/strong><\/p>\n<p>Bevor und w\u00e4hrend des Wettkampfes und in Anbetracht und\u00a0 nach Entscheidung des Schiedsrichters, kann \u00a0der Veranstalter jeglichen Schwimmer auffordern den Wettkampf abzubrechen ,der nicht diese Regeln\u00a0 oder\u00a0 andere Regeln einh\u00e4lt .<\/p>\n<p><strong>Standardformen \u00fcber Erste Hilfe und Notsignale:<\/strong><\/p>\n<ol>\n<li>Er benutzt die Thrillerpfeife<\/li>\n<\/ol>\n<p>2.Er schwimmt \u00a0mit Hilfe oder auf seiner Boje<\/p>\n<ol start=\"3\">\n<li>Er gestikuliert mit den H\u00e4nden und wendet sich an die von ihm n\u00e4heste Rettungsmannschaft.<\/li>\n<li>Bei dringender Erfordernis um Hilfe teilt er es einem oder mehreren Schwimmern mit, die bei ihm\u00a0 \u00a0 bleiben und ihn unterst\u00fctzen.<\/li>\n<\/ol>\n<p>&nbsp;<\/p>\n<p>&nbsp;<\/p>\n<p>[\/et_pb_text][\/et_pb_column][\/et_pb_row][\/et_pb_section]<\/p>\n","protected":false},"excerpt":{"rendered":"<p>HOCHWICHTIG SICHERHEITSPROTOKOLL PROTOKOLL IM FALLE EINER ABSAGE DES WETTKAMPFES\u00a0 NACHDEM GESTARTET WURDE. Falls gestartet wurde,\u00a0 und alle Teilnehmer die im Wasser verbleiben \u00a0und gem\u00e4ss\u00a0 Entscheidung des Sicherheitsleiters evakuiert werden m\u00fcssen , sind folgende Schritte zu befolgen: Mitteilungen \u00a0der Richter an die Sicherheitsboote, dass der Wettkampf abgesagt wurde.. Der Sicherheitsleiter wird sich \u00fcber den festgelegten Sender [&hellip;]<\/p>\n","protected":false},"author":1,"featured_media":0,"parent":0,"menu_order":0,"comment_status":"closed","ping_status":"closed","template":"","meta":{"_et_pb_use_builder":"on","_et_pb_old_content":"","_et_gb_content_width":"","footnotes":""},"class_list":["post-26051","page","type-page","status-publish","hentry"],"yoast_head":"<!-- This site is optimized with the Yoast SEO plugin v27.5 - https:\/\/yoast.com\/product\/yoast-seo-wordpress\/ -->\n<title>SAFETY RULES PROCEDURE - Traves\u00eda a Nado Tabarca Santa Pola (Alicante - Espa\u00f1a)<\/title>\n<meta name=\"robots\" content=\"index, follow, max-snippet:-1, max-image-preview:large, max-video-preview:-1\" \/>\n<link rel=\"canonical\" href=\"https:\/\/www.travesiatabarcasantapola.com\/de\/protocolo-seguridad\/\" \/>\n<meta property=\"og:locale\" content=\"de_DE\" \/>\n<meta property=\"og:type\" content=\"article\" \/>\n<meta property=\"og:title\" content=\"SAFETY RULES PROCEDURE - Traves\u00eda a Nado Tabarca Santa Pola (Alicante - Espa\u00f1a)\" \/>\n<meta property=\"og:description\" content=\"HOCHWICHTIG SICHERHEITSPROTOKOLL PROTOKOLL IM FALLE EINER ABSAGE DES WETTKAMPFES\u00a0 NACHDEM GESTARTET WURDE. Falls gestartet wurde,\u00a0 und alle Teilnehmer die im Wasser verbleiben \u00a0und gem\u00e4ss\u00a0 Entscheidung des Sicherheitsleiters evakuiert werden m\u00fcssen , sind folgende Schritte zu befolgen: Mitteilungen \u00a0der Richter an die Sicherheitsboote, dass der Wettkampf abgesagt wurde.. Der Sicherheitsleiter wird sich \u00fcber den festgelegten Sender [&hellip;]\" \/>\n<meta property=\"og:url\" content=\"https:\/\/www.travesiatabarcasantapola.com\/de\/protocolo-seguridad\/\" \/>\n<meta property=\"og:site_name\" content=\"Traves\u00eda a Nado Tabarca Santa Pola (Alicante - Espa\u00f1a)\" \/>\n<meta property=\"article:publisher\" content=\"https:\/\/www.facebook.com\/Travesiaanado\/?fref=ts\" \/>\n<meta property=\"article:modified_time\" content=\"2024-01-29T11:47:32+00:00\" \/>\n<meta name=\"twitter:card\" content=\"summary_large_image\" \/>\n<meta name=\"twitter:site\" content=\"@travesiaanado\" \/>\n<meta name=\"twitter:label1\" content=\"Est. reading time\" \/>\n\t<meta name=\"twitter:data1\" content=\"4 minutes\" \/>\n<script type=\"application\/ld+json\" class=\"yoast-schema-graph\">{\"@context\":\"https:\\\/\\\/schema.org\",\"@graph\":[{\"@type\":\"WebPage\",\"@id\":\"https:\\\/\\\/www.travesiatabarcasantapola.com\\\/de\\\/protocolo-seguridad\\\/\",\"url\":\"https:\\\/\\\/www.travesiatabarcasantapola.com\\\/de\\\/protocolo-seguridad\\\/\",\"name\":\"SAFETY RULES PROCEDURE - Traves\u00eda a Nado Tabarca Santa Pola (Alicante - Espa\u00f1a)\",\"isPartOf\":{\"@id\":\"https:\\\/\\\/www.travesiatabarcasantapola.com\\\/#website\"},\"datePublished\":\"2017-02-07T10:32:44+00:00\",\"dateModified\":\"2024-01-29T11:47:32+00:00\",\"breadcrumb\":{\"@id\":\"https:\\\/\\\/www.travesiatabarcasantapola.com\\\/de\\\/protocolo-seguridad\\\/#breadcrumb\"},\"inLanguage\":\"de-DE\",\"potentialAction\":[{\"@type\":\"ReadAction\",\"target\":[\"https:\\\/\\\/www.travesiatabarcasantapola.com\\\/de\\\/protocolo-seguridad\\\/\"]}]},{\"@type\":\"BreadcrumbList\",\"@id\":\"https:\\\/\\\/www.travesiatabarcasantapola.com\\\/de\\\/protocolo-seguridad\\\/#breadcrumb\",\"itemListElement\":[{\"@type\":\"ListItem\",\"position\":1,\"name\":\"Portada\",\"item\":\"https:\\\/\\\/www.travesiatabarcasantapola.com\\\/de\\\/\"},{\"@type\":\"ListItem\",\"position\":2,\"name\":\"SAFETY RULES PROCEDURE\"}]},{\"@type\":\"WebSite\",\"@id\":\"https:\\\/\\\/www.travesiatabarcasantapola.com\\\/#website\",\"url\":\"https:\\\/\\\/www.travesiatabarcasantapola.com\\\/\",\"name\":\"Traves\u00eda a Nado Tabarca Santa Pola (Alicante - Espa\u00f1a)\",\"description\":\"La mejor traves\u00eda a nado en aguas abiertas de Espa\u00f1a\",\"potentialAction\":[{\"@type\":\"SearchAction\",\"target\":{\"@type\":\"EntryPoint\",\"urlTemplate\":\"https:\\\/\\\/www.travesiatabarcasantapola.com\\\/?s={search_term_string}\"},\"query-input\":{\"@type\":\"PropertyValueSpecification\",\"valueRequired\":true,\"valueName\":\"search_term_string\"}}],\"inLanguage\":\"de-DE\"}]}<\/script>\n<!-- \/ Yoast SEO plugin. -->","yoast_head_json":{"title":"SAFETY RULES PROCEDURE - Traves\u00eda a Nado Tabarca Santa Pola (Alicante - Espa\u00f1a)","robots":{"index":"index","follow":"follow","max-snippet":"max-snippet:-1","max-image-preview":"max-image-preview:large","max-video-preview":"max-video-preview:-1"},"canonical":"https:\/\/www.travesiatabarcasantapola.com\/de\/protocolo-seguridad\/","og_locale":"de_DE","og_type":"article","og_title":"SAFETY RULES PROCEDURE - Traves\u00eda a Nado Tabarca Santa Pola (Alicante - Espa\u00f1a)","og_description":"HOCHWICHTIG SICHERHEITSPROTOKOLL PROTOKOLL IM FALLE EINER ABSAGE DES WETTKAMPFES\u00a0 NACHDEM GESTARTET WURDE. Falls gestartet wurde,\u00a0 und alle Teilnehmer die im Wasser verbleiben \u00a0und gem\u00e4ss\u00a0 Entscheidung des Sicherheitsleiters evakuiert werden m\u00fcssen , sind folgende Schritte zu befolgen: Mitteilungen \u00a0der Richter an die Sicherheitsboote, dass der Wettkampf abgesagt wurde.. Der Sicherheitsleiter wird sich \u00fcber den festgelegten Sender [&hellip;]","og_url":"https:\/\/www.travesiatabarcasantapola.com\/de\/protocolo-seguridad\/","og_site_name":"Traves\u00eda a Nado Tabarca Santa Pola (Alicante - Espa\u00f1a)","article_publisher":"https:\/\/www.facebook.com\/Travesiaanado\/?fref=ts","article_modified_time":"2024-01-29T11:47:32+00:00","twitter_card":"summary_large_image","twitter_site":"@travesiaanado","twitter_misc":{"Est. reading time":"4 minutes"},"schema":{"@context":"https:\/\/schema.org","@graph":[{"@type":"WebPage","@id":"https:\/\/www.travesiatabarcasantapola.com\/de\/protocolo-seguridad\/","url":"https:\/\/www.travesiatabarcasantapola.com\/de\/protocolo-seguridad\/","name":"SAFETY RULES PROCEDURE - Traves\u00eda a Nado Tabarca Santa Pola (Alicante - Espa\u00f1a)","isPartOf":{"@id":"https:\/\/www.travesiatabarcasantapola.com\/#website"},"datePublished":"2017-02-07T10:32:44+00:00","dateModified":"2024-01-29T11:47:32+00:00","breadcrumb":{"@id":"https:\/\/www.travesiatabarcasantapola.com\/de\/protocolo-seguridad\/#breadcrumb"},"inLanguage":"de-DE","potentialAction":[{"@type":"ReadAction","target":["https:\/\/www.travesiatabarcasantapola.com\/de\/protocolo-seguridad\/"]}]},{"@type":"BreadcrumbList","@id":"https:\/\/www.travesiatabarcasantapola.com\/de\/protocolo-seguridad\/#breadcrumb","itemListElement":[{"@type":"ListItem","position":1,"name":"Portada","item":"https:\/\/www.travesiatabarcasantapola.com\/de\/"},{"@type":"ListItem","position":2,"name":"SAFETY RULES PROCEDURE"}]},{"@type":"WebSite","@id":"https:\/\/www.travesiatabarcasantapola.com\/#website","url":"https:\/\/www.travesiatabarcasantapola.com\/","name":"Traves\u00eda a Nado Tabarca Santa Pola (Alicante - Espa\u00f1a)","description":"La mejor traves\u00eda a nado en aguas abiertas de Espa\u00f1a","potentialAction":[{"@type":"SearchAction","target":{"@type":"EntryPoint","urlTemplate":"https:\/\/www.travesiatabarcasantapola.com\/?s={search_term_string}"},"query-input":{"@type":"PropertyValueSpecification","valueRequired":true,"valueName":"search_term_string"}}],"inLanguage":"de-DE"}]}},"_links":{"self":[{"href":"https:\/\/www.travesiatabarcasantapola.com\/de\/wp-json\/wp\/v2\/pages\/26051","targetHints":{"allow":["GET"]}}],"collection":[{"href":"https:\/\/www.travesiatabarcasantapola.com\/de\/wp-json\/wp\/v2\/pages"}],"about":[{"href":"https:\/\/www.travesiatabarcasantapola.com\/de\/wp-json\/wp\/v2\/types\/page"}],"author":[{"embeddable":true,"href":"https:\/\/www.travesiatabarcasantapola.com\/de\/wp-json\/wp\/v2\/users\/1"}],"replies":[{"embeddable":true,"href":"https:\/\/www.travesiatabarcasantapola.com\/de\/wp-json\/wp\/v2\/comments?post=26051"}],"version-history":[{"count":6,"href":"https:\/\/www.travesiatabarcasantapola.com\/de\/wp-json\/wp\/v2\/pages\/26051\/revisions"}],"predecessor-version":[{"id":29823,"href":"https:\/\/www.travesiatabarcasantapola.com\/de\/wp-json\/wp\/v2\/pages\/26051\/revisions\/29823"}],"wp:attachment":[{"href":"https:\/\/www.travesiatabarcasantapola.com\/de\/wp-json\/wp\/v2\/media?parent=26051"}],"curies":[{"name":"wp","href":"https:\/\/api.w.org\/{rel}","templated":true}]}}