{"id":26880,"date":"2017-09-11T12:31:11","date_gmt":"2017-09-11T11:31:11","guid":{"rendered":"http:\/\/www.travesiatabarcasantapola.com\/relatos\/"},"modified":"2019-01-15T19:38:06","modified_gmt":"2019-01-15T18:38:06","slug":"geschichten","status":"publish","type":"page","link":"https:\/\/www.travesiatabarcasantapola.com\/de\/geschichten\/","title":{"rendered":"Geschichten"},"content":{"rendered":"<p>[et_pb_section bb_built=&#8221;1&#8243; admin_label=&#8221;section&#8221; _builder_version=&#8221;3.0.69&#8243; next_background_color=&#8221;#000000&#8243;][et_pb_row admin_label=&#8221;row&#8221; custom_padding=&#8221;0px||0px|&#8221; parallax_method_1=&#8221;off&#8221; background_position=&#8221;top_left&#8221; background_repeat=&#8221;repeat&#8221; background_size=&#8221;initial&#8221; _builder_version=&#8221;3.0.69&#8243; background_position_1=&#8221;top_left&#8221; background_repeat_1=&#8221;no-repeat&#8221;][et_pb_column type=&#8221;4_4&#8243;][et_pb_text admin_label=&#8221;Subtitulo&#8221; text_font=&#8221;Source Sans Pro Light||||&#8221; text_font_size=&#8221;25&#8243; text_text_color=&#8221;#09688b&#8221; text_line_height=&#8221;1em&#8221; custom_margin=&#8221;||0px|&#8221; custom_padding=&#8221;||0px|&#8221; background_position=&#8221;top_left&#8221; background_repeat=&#8221;repeat&#8221; background_size=&#8221;initial&#8221; _builder_version=&#8221;3.17.6&#8243;]<\/p>\n<p>DER WETTKAMPF MIT EIGENEN WORTEN BESCHRIEBEN<\/p>\n<p>[\/et_pb_text][et_pb_text admin_label=&#8221;TITULO&#8221; text_font=&#8221;Source Sans Pro Light|on||on|&#8221; text_font_size=&#8221;50&#8243; text_text_color=&#8221;#09688b&#8221; text_line_height=&#8221;1em&#8221; custom_margin=&#8221;0px||30px|&#8221; custom_padding=&#8221;0px|||&#8221; background_position=&#8221;top_left&#8221; background_repeat=&#8221;repeat&#8221; background_size=&#8221;initial&#8221; _builder_version=&#8221;3.17.6&#8243;]<\/p>\n<p>GESCHICHTEN<\/p>\n<p>[\/et_pb_text][et_pb_divider color=&#8221;#09688b&#8221; show_divider=&#8221;on&#8221; height=&#8221;50&#8243; divider_style=&#8221;solid&#8221; divider_position=&#8221;top&#8221; hide_on_mobile=&#8221;on&#8221; custom_css_main_element=&#8221;width: 20%;&#8221; disabled_on=&#8221;on|on|off&#8221; \/][\/et_pb_column][\/et_pb_row][\/et_pb_section][et_pb_section bb_built=&#8221;1&#8243; fullwidth=&#8221;off&#8221; specialty=&#8221;off&#8221; transparent_background=&#8221;off&#8221; allow_player_pause=&#8221;off&#8221; inner_shadow=&#8221;off&#8221; parallax=&#8221;off&#8221; parallax_method=&#8221;on&#8221; custom_padding=&#8221;0px||0px|&#8221; make_fullwidth=&#8221;off&#8221; use_custom_width=&#8221;off&#8221; width_unit=&#8221;on&#8221; make_equal=&#8221;off&#8221; use_custom_gutter=&#8221;off&#8221; _builder_version=&#8221;3.0.69&#8243; prev_background_color=&#8221;#ffffff&#8221; next_background_color=&#8221;#000000&#8243;][et_pb_row make_fullwidth=&#8221;on&#8221; use_custom_width=&#8221;off&#8221; width_unit=&#8221;on&#8221; use_custom_gutter=&#8221;on&#8221; gutter_width=&#8221;2&#8243; allow_player_pause=&#8221;off&#8221; parallax=&#8221;off&#8221; parallax_method=&#8221;on&#8221; make_equal=&#8221;off&#8221; parallax_1=&#8221;off&#8221; parallax_method_1=&#8221;off&#8221; parallax_2=&#8221;off&#8221; parallax_method_2=&#8221;off&#8221; parallax_3=&#8221;off&#8221; parallax_method_3=&#8221;off&#8221; parallax_4=&#8221;off&#8221; parallax_method_4=&#8221;off&#8221; background_position=&#8221;top_left&#8221; background_repeat=&#8221;repeat&#8221; background_size=&#8221;initial&#8221;][et_pb_column type=&#8221;1_4&#8243;][et_pb_image admin_label=&#8221;Una espera de 6a\u00f1os&#8221; _builder_version=&#8221;3.17.6&#8243; src=&#8221;https:\/\/www.travesiatabarcasantapola.com\/wp-content\/uploads\/2018\/11\/000.jpg&#8221; url=&#8221;https:\/\/www.travesiatabarcasantapola.com\/relatos\/una-espera-6-anos\/&#8221; use_overlay=&#8221;on&#8221; hover_icon=&#8221;%%51%%&#8221; align=&#8221;center&#8221; animation_style=&#8221;slide&#8221; animation_duration=&#8221;500ms&#8221; animation_intensity_slide=&#8221;10%&#8221; animation_direction=&#8221;left&#8221; show_bottom_space=&#8221;off&#8221; \/][et_pb_text background_layout=&#8221;light&#8221; text_orientation=&#8221;left&#8221; border_style=&#8221;solid&#8221; background_position=&#8221;top_left&#8221; background_repeat=&#8221;repeat&#8221; background_size=&#8221;initial&#8221; _builder_version=&#8221;3.0.69&#8243;]<\/p>\n<p>\n<strong>Una espera de 6 a\u00f1os.<\/strong><br \/>por Eduardo &#8220;El Mexicano&#8221;<br \/>Traves\u00eda 2017<\/p>\n<p>[\/et_pb_text][\/et_pb_column][et_pb_column type=&#8221;1_4&#8243;][et_pb_image admin_label=&#8221;Los Inicios de la Traves\u00eda&#8221; _builder_version=&#8221;3.17.6&#8243; src=&#8221;https:\/\/www.travesiatabarcasantapola.com\/wp-content\/uploads\/2018\/11\/000-3.jpg&#8221; url=&#8221;https:\/\/www.travesiatabarcasantapola.com\/relatos\/inicio-de-la-travesia\/&#8221; use_overlay=&#8221;on&#8221; hover_icon=&#8221;%%51%%&#8221; sticky=&#8221;on&#8221; align=&#8221;center&#8221; border_style=&#8221;solid&#8221; animation_style=&#8221;slide&#8221; animation_duration=&#8221;500ms&#8221; animation_intensity_slide=&#8221;10%&#8221; animation_direction=&#8221;left&#8221; show_bottom_space=&#8221;off&#8221; \/][et_pb_text background_position=&#8221;top_left&#8221; background_repeat=&#8221;repeat&#8221; background_size=&#8221;initial&#8221; _builder_version=&#8221;3.17.6&#8243;]<\/p>\n<p><strong>Mis recuerdos de la Traves\u00eda Tabarca-Santa Pola (Los inicios de la Traves\u00eda).<\/strong><br \/>por Sebasti\u00e1n Ant\u00f3n Leon\u00eds.<\/p>\n<p>[\/et_pb_text][\/et_pb_column][et_pb_column type=&#8221;1_4&#8243;][et_pb_image admin_label=&#8221;Origen Logo&#8221; _builder_version=&#8221;3.17.6&#8243; src=&#8221;https:\/\/www.travesiatabarcasantapola.com\/wp-content\/uploads\/2018\/11\/000-2.jpg&#8221; url=&#8221;https:\/\/www.travesiatabarcasantapola.com\/relatos\/origen-logo-club-alone\/&#8221; use_overlay=&#8221;on&#8221; hover_icon=&#8221;%%51%%&#8221; sticky=&#8221;on&#8221; align=&#8221;center&#8221; border_style=&#8221;solid&#8221; animation_style=&#8221;slide&#8221; animation_duration=&#8221;500ms&#8221; animation_intensity_slide=&#8221;10%&#8221; animation_direction=&#8221;left&#8221; show_bottom_space=&#8221;off&#8221; \/][et_pb_text background_position=&#8221;top_left&#8221; background_repeat=&#8221;repeat&#8221; background_size=&#8221;initial&#8221; _builder_version=&#8221;3.17.6&#8243;]<\/p>\n<p><strong>El origen del logo.<\/strong><br \/>Logotipo Club Nataci\u00f3n Alone<\/p>\n<p>[\/et_pb_text][\/et_pb_column][et_pb_column type=&#8221;1_4&#8243;][et_pb_image admin_label=&#8221;Acero de Barco&#8221; _builder_version=&#8221;3.17.6&#8243; src=&#8221;https:\/\/www.travesiatabarcasantapola.com\/wp-content\/uploads\/2018\/11\/000-1.jpg&#8221; url=&#8221;https:\/\/www.travesiatabarcasantapola.com\/relatos\/acero-de-barco\/&#8221; use_overlay=&#8221;on&#8221; hover_icon=&#8221;%%51%%&#8221; sticky=&#8221;on&#8221; align=&#8221;center&#8221; border_style=&#8221;solid&#8221; animation_style=&#8221;slide&#8221; animation_duration=&#8221;500ms&#8221; animation_intensity_slide=&#8221;10%&#8221; animation_direction=&#8221;left&#8221; show_bottom_space=&#8221;off&#8221; \/][et_pb_text background_position=&#8221;top_left&#8221; background_repeat=&#8221;repeat&#8221; background_size=&#8221;initial&#8221; _builder_version=&#8221;3.17.6&#8243;]<\/p>\n<p><strong>ACERO DE BARCO.<\/strong><br \/>Relato de Acero de Barco.<br \/>Traves\u00eda 2012<\/p>\n<p>[\/et_pb_text][\/et_pb_column][\/et_pb_row][et_pb_row make_fullwidth=&#8221;on&#8221; use_custom_width=&#8221;off&#8221; width_unit=&#8221;on&#8221; use_custom_gutter=&#8221;on&#8221; gutter_width=&#8221;2&#8243; allow_player_pause=&#8221;off&#8221; parallax=&#8221;off&#8221; parallax_method=&#8221;on&#8221; make_equal=&#8221;off&#8221; parallax_1=&#8221;off&#8221; parallax_method_1=&#8221;off&#8221; parallax_2=&#8221;off&#8221; parallax_method_2=&#8221;off&#8221; parallax_3=&#8221;off&#8221; parallax_method_3=&#8221;off&#8221; parallax_4=&#8221;off&#8221; parallax_method_4=&#8221;off&#8221; background_position=&#8221;top_left&#8221; background_repeat=&#8221;repeat&#8221; background_size=&#8221;initial&#8221;][et_pb_column type=&#8221;1_4&#8243;][et_pb_image admin_label=&#8221;Lucia&#8221; _builder_version=&#8221;3.17.6&#8243; src=&#8221;https:\/\/www.travesiatabarcasantapola.com\/wp-content\/uploads\/2018\/11\/000-4.jpg&#8221; url=&#8221;https:\/\/www.travesiatabarcasantapola.com\/relatos\/lucia-travesia-2012\/&#8221; use_overlay=&#8221;on&#8221; hover_icon=&#8221;%%51%%&#8221; sticky=&#8221;on&#8221; align=&#8221;center&#8221; border_style=&#8221;solid&#8221; animation_style=&#8221;slide&#8221; animation_duration=&#8221;500ms&#8221; animation_intensity_slide=&#8221;10%&#8221; animation_direction=&#8221;left&#8221; show_bottom_space=&#8221;off&#8221; \/][et_pb_text border_style=&#8221;solid&#8221; background_position=&#8221;top_left&#8221; background_repeat=&#8221;repeat&#8221; background_size=&#8221;initial&#8221; _builder_version=&#8221;3.17.6&#8243;]<\/p>\n<p><strong>El Relato de Luc\u00eda<\/strong><br \/>por Lucia<br \/>Traves\u00eda 2012<\/p>\n<p>[\/et_pb_text][\/et_pb_column][et_pb_column type=&#8221;1_4&#8243;][\/et_pb_column][et_pb_column type=&#8221;1_4&#8243;][\/et_pb_column][et_pb_column type=&#8221;1_4&#8243;][\/et_pb_column][\/et_pb_row][\/et_pb_section]<\/p>\n","protected":false},"excerpt":{"rendered":"<p>DER WETTKAMPF MIT EIGENEN WORTEN BESCHRIEBEN GESCHICHTEN Una espera de 6 a\u00f1os.por Eduardo &#8220;El Mexicano&#8221;Traves\u00eda 2017 Mis recuerdos de la Traves\u00eda Tabarca-Santa Pola (Los inicios de la Traves\u00eda).por Sebasti\u00e1n Ant\u00f3n Leon\u00eds. El origen del logo.Logotipo Club Nataci\u00f3n Alone ACERO DE BARCO.Relato de Acero de Barco.Traves\u00eda 2012 El Relato de Luc\u00edapor LuciaTraves\u00eda 2012<\/p>\n","protected":false},"author":1,"featured_media":0,"parent":0,"menu_order":0,"comment_status":"closed","ping_status":"closed","template":"","meta":{"_et_pb_use_builder":"on","_et_pb_old_content":"","_et_gb_content_width":"","footnotes":""},"class_list":["post-26880","page","type-page","status-publish","hentry"],"yoast_head":"<!-- This site is optimized with the Yoast SEO plugin v27.5 - https:\/\/yoast.com\/product\/yoast-seo-wordpress\/ -->\n<title>Geschichten - Traves\u00eda a Nado Tabarca Santa Pola (Alicante - Espa\u00f1a)<\/title>\n<meta name=\"robots\" content=\"index, follow, max-snippet:-1, max-image-preview:large, max-video-preview:-1\" \/>\n<link rel=\"canonical\" href=\"https:\/\/www.travesiatabarcasantapola.com\/de\/geschichten\/\" \/>\n<meta property=\"og:locale\" content=\"de_DE\" \/>\n<meta property=\"og:type\" content=\"article\" \/>\n<meta property=\"og:title\" content=\"Geschichten - Traves\u00eda a Nado Tabarca Santa Pola (Alicante - Espa\u00f1a)\" \/>\n<meta property=\"og:description\" content=\"DER WETTKAMPF MIT EIGENEN WORTEN BESCHRIEBEN GESCHICHTEN Una espera de 6 a\u00f1os.por Eduardo &quot;El Mexicano&quot;Traves\u00eda 2017 Mis recuerdos de la Traves\u00eda Tabarca-Santa Pola (Los inicios de la Traves\u00eda).por Sebasti\u00e1n Ant\u00f3n Leon\u00eds. El origen del logo.Logotipo Club Nataci\u00f3n Alone ACERO DE BARCO.Relato de Acero de Barco.Traves\u00eda 2012 El Relato de Luc\u00edapor LuciaTraves\u00eda 2012\" \/>\n<meta property=\"og:url\" content=\"https:\/\/www.travesiatabarcasantapola.com\/de\/geschichten\/\" \/>\n<meta property=\"og:site_name\" content=\"Traves\u00eda a Nado Tabarca Santa Pola (Alicante - Espa\u00f1a)\" \/>\n<meta property=\"article:publisher\" content=\"https:\/\/www.facebook.com\/Travesiaanado\/?fref=ts\" \/>\n<meta property=\"article:modified_time\" content=\"2019-01-15T18:38:06+00:00\" \/>\n<meta name=\"twitter:card\" content=\"summary_large_image\" \/>\n<meta name=\"twitter:site\" content=\"@travesiaanado\" \/>\n<meta name=\"twitter:label1\" content=\"Est. reading time\" \/>\n\t<meta name=\"twitter:data1\" content=\"4 minutes\" \/>\n<script type=\"application\/ld+json\" class=\"yoast-schema-graph\">{\"@context\":\"https:\\\/\\\/schema.org\",\"@graph\":[{\"@type\":\"WebPage\",\"@id\":\"https:\\\/\\\/www.travesiatabarcasantapola.com\\\/de\\\/geschichten\\\/\",\"url\":\"https:\\\/\\\/www.travesiatabarcasantapola.com\\\/de\\\/geschichten\\\/\",\"name\":\"Geschichten - Traves\u00eda a Nado Tabarca Santa Pola (Alicante - Espa\u00f1a)\",\"isPartOf\":{\"@id\":\"https:\\\/\\\/www.travesiatabarcasantapola.com\\\/#website\"},\"datePublished\":\"2017-09-11T11:31:11+00:00\",\"dateModified\":\"2019-01-15T18:38:06+00:00\",\"breadcrumb\":{\"@id\":\"https:\\\/\\\/www.travesiatabarcasantapola.com\\\/de\\\/geschichten\\\/#breadcrumb\"},\"inLanguage\":\"de-DE\",\"potentialAction\":[{\"@type\":\"ReadAction\",\"target\":[\"https:\\\/\\\/www.travesiatabarcasantapola.com\\\/de\\\/geschichten\\\/\"]}]},{\"@type\":\"BreadcrumbList\",\"@id\":\"https:\\\/\\\/www.travesiatabarcasantapola.com\\\/de\\\/geschichten\\\/#breadcrumb\",\"itemListElement\":[{\"@type\":\"ListItem\",\"position\":1,\"name\":\"Portada\",\"item\":\"https:\\\/\\\/www.travesiatabarcasantapola.com\\\/de\\\/\"},{\"@type\":\"ListItem\",\"position\":2,\"name\":\"Geschichten\"}]},{\"@type\":\"WebSite\",\"@id\":\"https:\\\/\\\/www.travesiatabarcasantapola.com\\\/#website\",\"url\":\"https:\\\/\\\/www.travesiatabarcasantapola.com\\\/\",\"name\":\"Traves\u00eda a Nado Tabarca Santa Pola (Alicante - Espa\u00f1a)\",\"description\":\"La mejor traves\u00eda a nado en aguas abiertas de Espa\u00f1a\",\"potentialAction\":[{\"@type\":\"SearchAction\",\"target\":{\"@type\":\"EntryPoint\",\"urlTemplate\":\"https:\\\/\\\/www.travesiatabarcasantapola.com\\\/?s={search_term_string}\"},\"query-input\":{\"@type\":\"PropertyValueSpecification\",\"valueRequired\":true,\"valueName\":\"search_term_string\"}}],\"inLanguage\":\"de-DE\"}]}<\/script>\n<!-- \/ Yoast SEO plugin. -->","yoast_head_json":{"title":"Geschichten - Traves\u00eda a Nado Tabarca Santa Pola (Alicante - Espa\u00f1a)","robots":{"index":"index","follow":"follow","max-snippet":"max-snippet:-1","max-image-preview":"max-image-preview:large","max-video-preview":"max-video-preview:-1"},"canonical":"https:\/\/www.travesiatabarcasantapola.com\/de\/geschichten\/","og_locale":"de_DE","og_type":"article","og_title":"Geschichten - Traves\u00eda a Nado Tabarca Santa Pola (Alicante - Espa\u00f1a)","og_description":"DER WETTKAMPF MIT EIGENEN WORTEN BESCHRIEBEN GESCHICHTEN Una espera de 6 a\u00f1os.por Eduardo \"El Mexicano\"Traves\u00eda 2017 Mis recuerdos de la Traves\u00eda Tabarca-Santa Pola (Los inicios de la Traves\u00eda).por Sebasti\u00e1n Ant\u00f3n Leon\u00eds. El origen del logo.Logotipo Club Nataci\u00f3n Alone ACERO DE BARCO.Relato de Acero de Barco.Traves\u00eda 2012 El Relato de Luc\u00edapor LuciaTraves\u00eda 2012","og_url":"https:\/\/www.travesiatabarcasantapola.com\/de\/geschichten\/","og_site_name":"Traves\u00eda a Nado Tabarca Santa Pola (Alicante - Espa\u00f1a)","article_publisher":"https:\/\/www.facebook.com\/Travesiaanado\/?fref=ts","article_modified_time":"2019-01-15T18:38:06+00:00","twitter_card":"summary_large_image","twitter_site":"@travesiaanado","twitter_misc":{"Est. reading time":"4 minutes"},"schema":{"@context":"https:\/\/schema.org","@graph":[{"@type":"WebPage","@id":"https:\/\/www.travesiatabarcasantapola.com\/de\/geschichten\/","url":"https:\/\/www.travesiatabarcasantapola.com\/de\/geschichten\/","name":"Geschichten - Traves\u00eda a Nado Tabarca Santa Pola (Alicante - Espa\u00f1a)","isPartOf":{"@id":"https:\/\/www.travesiatabarcasantapola.com\/#website"},"datePublished":"2017-09-11T11:31:11+00:00","dateModified":"2019-01-15T18:38:06+00:00","breadcrumb":{"@id":"https:\/\/www.travesiatabarcasantapola.com\/de\/geschichten\/#breadcrumb"},"inLanguage":"de-DE","potentialAction":[{"@type":"ReadAction","target":["https:\/\/www.travesiatabarcasantapola.com\/de\/geschichten\/"]}]},{"@type":"BreadcrumbList","@id":"https:\/\/www.travesiatabarcasantapola.com\/de\/geschichten\/#breadcrumb","itemListElement":[{"@type":"ListItem","position":1,"name":"Portada","item":"https:\/\/www.travesiatabarcasantapola.com\/de\/"},{"@type":"ListItem","position":2,"name":"Geschichten"}]},{"@type":"WebSite","@id":"https:\/\/www.travesiatabarcasantapola.com\/#website","url":"https:\/\/www.travesiatabarcasantapola.com\/","name":"Traves\u00eda a Nado Tabarca Santa Pola (Alicante - Espa\u00f1a)","description":"La mejor traves\u00eda a nado en aguas abiertas de Espa\u00f1a","potentialAction":[{"@type":"SearchAction","target":{"@type":"EntryPoint","urlTemplate":"https:\/\/www.travesiatabarcasantapola.com\/?s={search_term_string}"},"query-input":{"@type":"PropertyValueSpecification","valueRequired":true,"valueName":"search_term_string"}}],"inLanguage":"de-DE"}]}},"_links":{"self":[{"href":"https:\/\/www.travesiatabarcasantapola.com\/de\/wp-json\/wp\/v2\/pages\/26880","targetHints":{"allow":["GET"]}}],"collection":[{"href":"https:\/\/www.travesiatabarcasantapola.com\/de\/wp-json\/wp\/v2\/pages"}],"about":[{"href":"https:\/\/www.travesiatabarcasantapola.com\/de\/wp-json\/wp\/v2\/types\/page"}],"author":[{"embeddable":true,"href":"https:\/\/www.travesiatabarcasantapola.com\/de\/wp-json\/wp\/v2\/users\/1"}],"replies":[{"embeddable":true,"href":"https:\/\/www.travesiatabarcasantapola.com\/de\/wp-json\/wp\/v2\/comments?post=26880"}],"version-history":[{"count":8,"href":"https:\/\/www.travesiatabarcasantapola.com\/de\/wp-json\/wp\/v2\/pages\/26880\/revisions"}],"predecessor-version":[{"id":27122,"href":"https:\/\/www.travesiatabarcasantapola.com\/de\/wp-json\/wp\/v2\/pages\/26880\/revisions\/27122"}],"wp:attachment":[{"href":"https:\/\/www.travesiatabarcasantapola.com\/de\/wp-json\/wp\/v2\/media?parent=26880"}],"curies":[{"name":"wp","href":"https:\/\/api.w.org\/{rel}","templated":true}]}}