{"id":25527,"date":"2017-02-07T10:20:10","date_gmt":"2017-02-07T10:20:10","guid":{"rendered":"http:\/\/www.travesiatabarcasantapola.com\/informacion-nadador-novel\/"},"modified":"2022-04-01T20:49:09","modified_gmt":"2022-04-01T19:49:09","slug":"first-timers-advice","status":"publish","type":"page","link":"https:\/\/www.travesiatabarcasantapola.com\/en\/first-timers-advice\/","title":{"rendered":"First Timers Advice"},"content":{"rendered":"<p>[et_pb_section fb_built=&#8221;1&#8243; admin_label=&#8221;section&#8221; _builder_version=&#8221;4.15&#8243; global_colors_info=&#8221;{}&#8221;][et_pb_row admin_label=&#8221;row&#8221; _builder_version=&#8221;4.15&#8243; background_size=&#8221;initial&#8221; background_position=&#8221;top_left&#8221; background_repeat=&#8221;repeat&#8221; global_colors_info=&#8221;{}&#8221;][et_pb_column type=&#8221;4_4&#8243; _builder_version=&#8221;4.15&#8243; custom_padding=&#8221;|||&#8221; global_colors_info=&#8221;{}&#8221; custom_padding__hover=&#8221;|||&#8221;][et_pb_text admin_label=&#8221;SUBTITULO&#8221; _builder_version=&#8221;4.15&#8243; text_font=&#8221;Source Sans Pro Light||||&#8221; text_text_color=&#8221;#09688b&#8221; text_font_size=&#8221;25&#8243; text_line_height=&#8221;1em&#8221; background_size=&#8221;initial&#8221; background_position=&#8221;top_left&#8221; background_repeat=&#8221;repeat&#8221; custom_margin=&#8221;||0px|&#8221; custom_padding=&#8221;||0px|&#8221; use_border_color=&#8221;off&#8221; global_colors_info=&#8221;{}&#8221;]FOR FIRST TIME SWIMMERS IN OPEN WATERS<br \/>\n[\/et_pb_text][et_pb_text admin_label=&#8221;TITULO&#8221; _builder_version=&#8221;4.15&#8243; text_font=&#8221;Source Sans Pro Light|on|||&#8221; text_text_color=&#8221;#09688b&#8221; text_font_size=&#8221;50&#8243; text_line_height=&#8221;1em&#8221; background_size=&#8221;initial&#8221; background_position=&#8221;top_left&#8221; background_repeat=&#8221;repeat&#8221; custom_margin=&#8221;0px||30px|&#8221; custom_padding=&#8221;0px|||&#8221; use_border_color=&#8221;off&#8221; border_color=&#8221;#ffffff&#8221; border_style=&#8221;solid&#8221; global_colors_info=&#8221;{}&#8221;]FIRST TIMERS ADVISE<br \/>\n[\/et_pb_text][et_pb_divider disabled_on=&#8221;on|on|off&#8221; _builder_version=&#8221;4.15&#8243; height=&#8221;50px&#8221; custom_css_main_element=&#8221;width: 20%;&#8221; hide_on_mobile=&#8221;on&#8221; global_colors_info=&#8221;{}&#8221;][\/et_pb_divider][et_pb_text module_class=&#8221;reglamento&#8221; _builder_version=&#8221;4.15.1&#8243; background_size=&#8221;initial&#8221; background_position=&#8221;top_left&#8221; background_repeat=&#8221;repeat&#8221; hover_enabled=&#8221;0&#8243; use_border_color=&#8221;off&#8221; border_color=&#8221;#ffffff&#8221; border_style=&#8221;solid&#8221; global_colors_info=&#8221;{}&#8221; admin_label=&#8221;Text&#8221; sticky_enabled=&#8221;0&#8243;]<\/p>\n<p>In the text below I will try to answer the questions that some of the swimmers ask and who are going to experience the swimming crossing for the first time or they have already asked us on occasions.<\/p>\n<p>A swimming-crossing in open sea is a crossing where the swimmer will find himself alone, without seeing anybody around him, only water and more water, this new experience can cause a new feeling like anguish or desperation.The most important is always not to panic and do not become nervous, because there will be certainly other swimmers or kayak near you to help in any way you need.<\/p>\n<p>The swimmer who for the first time tries to join this event must have had the right training to face this crossing, this means swimming for more than three hours without any difficulty.<\/p>\n<p>The distance between Tabarca Island and Santa Pola is 5900 metres, but if any bad weather conditions arise, big waves, strong opposing currents, those 5900 metres can become a lot more difficult than you imagined.<\/p>\n<p>The visual references, when swimming in open waters, are different to the white line in a swimming pool or using the edge. It is important to locate these references by raising your head up and looking for the buoys that mark the route, the shortest way.<br \/>It is important to have done some of your training in open waters, where you can come across situations similar to those occurring on the day of the crossing, which you won\u2019t experience in a swimming pool, side waves, rough sea, opposing currents, and get your vision used to views you will have when swimming in open waters. (normally these views are spectacular but can become dark or even black)<br \/>It is important to have a friend during the crossing, if you haven\u2019t found them in the pool or among your friends you can look for one in the crossing, most probably you will find somebody that swims at the same pace.<\/p>\n<p>Training in open waters, along the shoreline, you may encounter scary jellyfish and you will discover that they are not so bad as it is said. You will find three sorts of jellyfish in this area:<\/p>\n<ol>\n<li>One is very big and very beautiful when they swim, usually you find them isolated, these do not prevent you from passing because they do not form a barrier, easy to see because of their size which make it easier to dodge them, you can even push them aside. The worst part of their body are their legs.<\/li>\n<li>Another sort of jellyfish, very common in this area, have a circular body from 2 to 7 centimetres, surrounded by little armful sticky legs. Usually you find them in isolation, and its poison is not very painful but it is uncomfortable. If one bites you at the beginning you can carry on till you arrive at the finish and you may not even remember where you had been bitten.<\/li>\n<li>Finally we have the ones considered to be the worst, they are the same size as the ones described above but its poison is a lot more painful, on top of that they move in shoals, like real barriers which make impossible to go through. The organisation will make a visual check of the area before the start in case there is one of this shoals.<\/li>\n<li>The organization before the start will check the crossing area to see if there is any shoal of these jellyfish.<\/li>\n<\/ol>\n<p>What should you do in case of being bitten by a jellyfish:<\/p>\n<ol>\n<li>First of all do not panic, if you panic this could be worse than the jellyfish itself.<\/li>\n<li>Do not rub the affected area with your hand, if you rub you will spread the poison wherever you touch.<\/li>\n<li>If you think this is necessary, stop and sound your whistle, so any pirogue or boat can take you out of the water.<\/li>\n<li>Follow the Organisers\u00b4safety recommendations.<\/li>\n<\/ol>\n<p><strong>It is absolutely vital to know your own limits so as not to exceed your\u00a0\u00a0 capabilities, so if you feel unwell, or get frequent cramps, it is much better to ask for assistance while you are still able, and NEVER, NEVER get to the stage of collapse. In the sea, security is provided by onself, we can help if we are asked\u00a0 for, before collapsing ask for help.<\/strong><\/p>\n<p>A critical phase of this type of competition, is the Start; swimmers are not placed according to who is fastest or slowest. So this causes physical contact and nudging against other swimmers, which could cause -some distress- If you are not sure of your performance level compared with others and you wish to avoid this type of hindrance, it\u00b4s much better to place yourself\u00a0\u00a0 at the rear, at the Start and then set your own rhythm from the outset, confident that later on you will pass some of the \u201cmachines\u201d who set off\u00a0 at a frantic pace.<\/p>\n<p>In the event of cramp setting in, one must stop until the affected area has\u00a0 duly settled down; if you are a long way from the Finishing Line, it\u00b4s better\u00a0 to abandon the event and merely try again next time; if you are near the Finishing Line the best advice then is to allow the muscle(s) to relax,\u00a0 but try NOT to force the leg with cramp, to move at all costs.<\/p>\n<p>Another problem which often arises, is that of seasickness, with symptoms, identical to normal seasickness, namely vomiting and feeling ill generally. Somebody who has experienced this personally, recommends you then to abandon the swim and try once again next year. If you find when training in open sea you are prone to get seasick, try using silicone ear plugs.<\/p>\n<p>It is important at the outset not to use a leg rhythm faster than the one you are used to, for a first open sea swim hang back a little and leave your best spurt till the Finish.<\/p>\n<p>Before entering the water, it is vital to use vaseline, the most important points being the armpits and the neck, to avoid rubbing. Some swimmers who apply it all over the body say the extra layer cuts water resistance and at the same time gives protection from jellyfish<\/p>\n<p>Let\u2019s not forget that this competition is a popular one but in most cases you are just competing against your own performance record.<\/p>\n<p>Let\u2019s ensure it\u2019s an unforgettable one and turn it into a great &#8220;fiesta&#8221;, but most of all remember that friendly attitude in the water can achieve that and, who knows, avoid it being cut short.<\/p>\n<p>[\/et_pb_text][\/et_pb_column][\/et_pb_row][\/et_pb_section]<\/p>\n","protected":false},"excerpt":{"rendered":"<p>FOR FIRST TIME SWIMMERS IN OPEN WATERS FIRST TIMERS ADVISE In the text below I will try to answer the questions that some of the swimmers ask and who are going to experience the swimming crossing for the first time or they have already asked us on occasions. A swimming-crossing in open sea is a [&hellip;]<\/p>\n","protected":false},"author":1,"featured_media":0,"parent":0,"menu_order":0,"comment_status":"closed","ping_status":"closed","template":"","meta":{"_et_pb_use_builder":"on","_et_pb_old_content":"","_et_gb_content_width":"","footnotes":""},"class_list":["post-25527","page","type-page","status-publish","hentry"],"yoast_head":"<!-- This site is optimized with the Yoast SEO plugin v27.6 - https:\/\/yoast.com\/product\/yoast-seo-wordpress\/ -->\n<title>First Timers Advice - Traves\u00eda a Nado Tabarca Santa Pola (Alicante - Espa\u00f1a)<\/title>\n<meta name=\"robots\" content=\"index, follow, max-snippet:-1, max-image-preview:large, max-video-preview:-1\" \/>\n<link rel=\"canonical\" href=\"https:\/\/www.travesiatabarcasantapola.com\/en\/first-timers-advice\/\" \/>\n<meta property=\"og:locale\" content=\"en_US\" \/>\n<meta property=\"og:type\" content=\"article\" \/>\n<meta property=\"og:title\" content=\"First Timers Advice - Traves\u00eda a Nado Tabarca Santa Pola (Alicante - Espa\u00f1a)\" \/>\n<meta property=\"og:description\" content=\"FOR FIRST TIME SWIMMERS IN OPEN WATERS FIRST TIMERS ADVISE In the text below I will try to answer the questions that some of the swimmers ask and who are going to experience the swimming crossing for the first time or they have already asked us on occasions. A swimming-crossing in open sea is a [&hellip;]\" \/>\n<meta property=\"og:url\" content=\"https:\/\/www.travesiatabarcasantapola.com\/en\/first-timers-advice\/\" \/>\n<meta property=\"og:site_name\" content=\"Traves\u00eda a Nado Tabarca Santa Pola (Alicante - Espa\u00f1a)\" \/>\n<meta property=\"article:publisher\" content=\"https:\/\/www.facebook.com\/Travesiaanado\/?fref=ts\" \/>\n<meta property=\"article:modified_time\" content=\"2022-04-01T19:49:09+00:00\" \/>\n<meta name=\"twitter:card\" content=\"summary_large_image\" \/>\n<meta name=\"twitter:site\" content=\"@travesiaanado\" \/>\n<meta name=\"twitter:label1\" content=\"Est. reading time\" \/>\n\t<meta name=\"twitter:data1\" content=\"7 minutes\" \/>\n<script type=\"application\/ld+json\" class=\"yoast-schema-graph\">{\"@context\":\"https:\\\/\\\/schema.org\",\"@graph\":[{\"@type\":\"WebPage\",\"@id\":\"https:\\\/\\\/www.travesiatabarcasantapola.com\\\/en\\\/first-timers-advice\\\/\",\"url\":\"https:\\\/\\\/www.travesiatabarcasantapola.com\\\/en\\\/first-timers-advice\\\/\",\"name\":\"First Timers Advice - Traves\u00eda a Nado Tabarca Santa Pola (Alicante - Espa\u00f1a)\",\"isPartOf\":{\"@id\":\"https:\\\/\\\/www.travesiatabarcasantapola.com\\\/#website\"},\"datePublished\":\"2017-02-07T10:20:10+00:00\",\"dateModified\":\"2022-04-01T19:49:09+00:00\",\"breadcrumb\":{\"@id\":\"https:\\\/\\\/www.travesiatabarcasantapola.com\\\/en\\\/first-timers-advice\\\/#breadcrumb\"},\"inLanguage\":\"en-US\",\"potentialAction\":[{\"@type\":\"ReadAction\",\"target\":[\"https:\\\/\\\/www.travesiatabarcasantapola.com\\\/en\\\/first-timers-advice\\\/\"]}]},{\"@type\":\"BreadcrumbList\",\"@id\":\"https:\\\/\\\/www.travesiatabarcasantapola.com\\\/en\\\/first-timers-advice\\\/#breadcrumb\",\"itemListElement\":[{\"@type\":\"ListItem\",\"position\":1,\"name\":\"Portada\",\"item\":\"https:\\\/\\\/www.travesiatabarcasantapola.com\\\/en\\\/\"},{\"@type\":\"ListItem\",\"position\":2,\"name\":\"First Timers Advice\"}]},{\"@type\":\"WebSite\",\"@id\":\"https:\\\/\\\/www.travesiatabarcasantapola.com\\\/#website\",\"url\":\"https:\\\/\\\/www.travesiatabarcasantapola.com\\\/\",\"name\":\"Traves\u00eda a Nado Tabarca Santa Pola (Alicante - Espa\u00f1a)\",\"description\":\"La mejor traves\u00eda a nado en aguas abiertas de Espa\u00f1a\",\"potentialAction\":[{\"@type\":\"SearchAction\",\"target\":{\"@type\":\"EntryPoint\",\"urlTemplate\":\"https:\\\/\\\/www.travesiatabarcasantapola.com\\\/?s={search_term_string}\"},\"query-input\":{\"@type\":\"PropertyValueSpecification\",\"valueRequired\":true,\"valueName\":\"search_term_string\"}}],\"inLanguage\":\"en-US\"}]}<\/script>\n<!-- \/ Yoast SEO plugin. -->","yoast_head_json":{"title":"First Timers Advice - Traves\u00eda a Nado Tabarca Santa Pola (Alicante - Espa\u00f1a)","robots":{"index":"index","follow":"follow","max-snippet":"max-snippet:-1","max-image-preview":"max-image-preview:large","max-video-preview":"max-video-preview:-1"},"canonical":"https:\/\/www.travesiatabarcasantapola.com\/en\/first-timers-advice\/","og_locale":"en_US","og_type":"article","og_title":"First Timers Advice - Traves\u00eda a Nado Tabarca Santa Pola (Alicante - Espa\u00f1a)","og_description":"FOR FIRST TIME SWIMMERS IN OPEN WATERS FIRST TIMERS ADVISE In the text below I will try to answer the questions that some of the swimmers ask and who are going to experience the swimming crossing for the first time or they have already asked us on occasions. A swimming-crossing in open sea is a [&hellip;]","og_url":"https:\/\/www.travesiatabarcasantapola.com\/en\/first-timers-advice\/","og_site_name":"Traves\u00eda a Nado Tabarca Santa Pola (Alicante - Espa\u00f1a)","article_publisher":"https:\/\/www.facebook.com\/Travesiaanado\/?fref=ts","article_modified_time":"2022-04-01T19:49:09+00:00","twitter_card":"summary_large_image","twitter_site":"@travesiaanado","twitter_misc":{"Est. reading time":"7 minutes"},"schema":{"@context":"https:\/\/schema.org","@graph":[{"@type":"WebPage","@id":"https:\/\/www.travesiatabarcasantapola.com\/en\/first-timers-advice\/","url":"https:\/\/www.travesiatabarcasantapola.com\/en\/first-timers-advice\/","name":"First Timers Advice - Traves\u00eda a Nado Tabarca Santa Pola (Alicante - Espa\u00f1a)","isPartOf":{"@id":"https:\/\/www.travesiatabarcasantapola.com\/#website"},"datePublished":"2017-02-07T10:20:10+00:00","dateModified":"2022-04-01T19:49:09+00:00","breadcrumb":{"@id":"https:\/\/www.travesiatabarcasantapola.com\/en\/first-timers-advice\/#breadcrumb"},"inLanguage":"en-US","potentialAction":[{"@type":"ReadAction","target":["https:\/\/www.travesiatabarcasantapola.com\/en\/first-timers-advice\/"]}]},{"@type":"BreadcrumbList","@id":"https:\/\/www.travesiatabarcasantapola.com\/en\/first-timers-advice\/#breadcrumb","itemListElement":[{"@type":"ListItem","position":1,"name":"Portada","item":"https:\/\/www.travesiatabarcasantapola.com\/en\/"},{"@type":"ListItem","position":2,"name":"First Timers Advice"}]},{"@type":"WebSite","@id":"https:\/\/www.travesiatabarcasantapola.com\/#website","url":"https:\/\/www.travesiatabarcasantapola.com\/","name":"Traves\u00eda a Nado Tabarca Santa Pola (Alicante - Espa\u00f1a)","description":"La mejor traves\u00eda a nado en aguas abiertas de Espa\u00f1a","potentialAction":[{"@type":"SearchAction","target":{"@type":"EntryPoint","urlTemplate":"https:\/\/www.travesiatabarcasantapola.com\/?s={search_term_string}"},"query-input":{"@type":"PropertyValueSpecification","valueRequired":true,"valueName":"search_term_string"}}],"inLanguage":"en-US"}]}},"_links":{"self":[{"href":"https:\/\/www.travesiatabarcasantapola.com\/en\/wp-json\/wp\/v2\/pages\/25527","targetHints":{"allow":["GET"]}}],"collection":[{"href":"https:\/\/www.travesiatabarcasantapola.com\/en\/wp-json\/wp\/v2\/pages"}],"about":[{"href":"https:\/\/www.travesiatabarcasantapola.com\/en\/wp-json\/wp\/v2\/types\/page"}],"author":[{"embeddable":true,"href":"https:\/\/www.travesiatabarcasantapola.com\/en\/wp-json\/wp\/v2\/users\/1"}],"replies":[{"embeddable":true,"href":"https:\/\/www.travesiatabarcasantapola.com\/en\/wp-json\/wp\/v2\/comments?post=25527"}],"version-history":[{"count":5,"href":"https:\/\/www.travesiatabarcasantapola.com\/en\/wp-json\/wp\/v2\/pages\/25527\/revisions"}],"predecessor-version":[{"id":28536,"href":"https:\/\/www.travesiatabarcasantapola.com\/en\/wp-json\/wp\/v2\/pages\/25527\/revisions\/28536"}],"wp:attachment":[{"href":"https:\/\/www.travesiatabarcasantapola.com\/en\/wp-json\/wp\/v2\/media?parent=25527"}],"curies":[{"name":"wp","href":"https:\/\/api.w.org\/{rel}","templated":true}]}}