{"id":25525,"date":"2017-02-07T10:20:10","date_gmt":"2017-02-07T10:20:10","guid":{"rendered":"http:\/\/www.travesiatabarcasantapola.com\/informacion-nadador-novel\/"},"modified":"2022-04-01T20:53:25","modified_gmt":"2022-04-01T19:53:25","slug":"informacion-nadador-novel","status":"publish","type":"page","link":"https:\/\/www.travesiatabarcasantapola.com\/fr\/informacion-nadador-novel\/","title":{"rendered":"CONSEILS A UN NAGEUR DEBUTANT"},"content":{"rendered":"<p>[et_pb_section fb_built=&#8221;1&#8243; admin_label=&#8221;section&#8221; _builder_version=&#8221;4.15&#8243; global_colors_info=&#8221;{}&#8221;][et_pb_row admin_label=&#8221;row&#8221; _builder_version=&#8221;4.15&#8243; background_size=&#8221;initial&#8221; background_position=&#8221;top_left&#8221; background_repeat=&#8221;repeat&#8221; global_colors_info=&#8221;{}&#8221;][et_pb_column type=&#8221;4_4&#8243; _builder_version=&#8221;4.15&#8243; custom_padding=&#8221;|||&#8221; global_colors_info=&#8221;{}&#8221; custom_padding__hover=&#8221;|||&#8221;][et_pb_text admin_label=&#8221;SUBTITULO&#8221; _builder_version=&#8221;4.15&#8243; text_font=&#8221;Source Sans Pro Light||||&#8221; text_text_color=&#8221;#09688b&#8221; text_font_size=&#8221;25&#8243; text_line_height=&#8221;1em&#8221; background_size=&#8221;initial&#8221; background_position=&#8221;top_left&#8221; background_repeat=&#8221;repeat&#8221; custom_margin=&#8221;||0px|&#8221; custom_padding=&#8221;||0px|&#8221; use_border_color=&#8221;off&#8221; global_colors_info=&#8221;{}&#8221;]POUR NAGEUR\u00a0 D\u00c9BUTANT<br \/>\n[\/et_pb_text][et_pb_text admin_label=&#8221;TITULO&#8221; _builder_version=&#8221;4.15&#8243; text_font=&#8221;Source Sans Pro Light|on|||&#8221; text_text_color=&#8221;#09688b&#8221; text_font_size=&#8221;50&#8243; text_line_height=&#8221;1em&#8221; background_size=&#8221;initial&#8221; background_position=&#8221;top_left&#8221; background_repeat=&#8221;repeat&#8221; custom_margin=&#8221;0px||30px|&#8221; custom_padding=&#8221;0px|||&#8221; use_border_color=&#8221;off&#8221; global_colors_info=&#8221;{}&#8221;]INFORMATION POUR NAGEUR D\u00c9BUTANT<br \/>\n[\/et_pb_text][et_pb_divider disabled_on=&#8221;on|on|off&#8221; _builder_version=&#8221;4.15&#8243; height=&#8221;50px&#8221; custom_css_main_element=&#8221;width: 20%;&#8221; hide_on_mobile=&#8221;on&#8221; global_colors_info=&#8221;{}&#8221;][\/et_pb_divider][et_pb_text module_class=&#8221;reglamento&#8221; _builder_version=&#8221;4.15.1&#8243; background_size=&#8221;initial&#8221; background_position=&#8221;top_left&#8221; background_repeat=&#8221;repeat&#8221; hover_enabled=&#8221;0&#8243; use_border_color=&#8221;off&#8221; global_colors_info=&#8221;{}&#8221; admin_label=&#8221;Texte&#8221; sticky_enabled=&#8221;0&#8243;]<\/p>\n<p>\u00c0 la suite de cette s\u00e9rie de points, j\u2019essaierai de r\u00e9pondre aux questions que chaque nageur qui va effectuer la travers\u00e9e pour la premi\u00e8re fois, peut \u00e9ventuellement se poser.<\/p>\n<p>Une travers\u00e9e en pleine mer est une travers\u00e9e o\u00f9 le nageur aura l\u2019occasion de se retrouver seul dans une vaste \u00e9tendue d\u2019eau ce qui peut causer une sensation d\u2019angoisse ou de d\u00e9sespoir. L\u2019important est de toujours rester calme et de ne pas paniquer car il est certain qu\u2019un autre nageur ou qu\u2019un cano\u00eb sera l\u00e0 pour vous aider en cas de besoin.<\/p>\n<p>Le nageur qui s\u2019essaye \u00e0 cette \u00e9preuve pour la premi\u00e8re fois doit avoir\u00a0 un \u00a0entra\u00eenement en rapport avec l\u2019\u00e9preuve, c\u2019est-\u00e0-dire, qu\u2019il doit \u00eatre capable de nager sans difficult\u00e9s pendant plus de trois heures. La distance qui s\u00e9pare l\u2019\u00eele de Tabarca \u00e0 Santa Pola est de 5.900 m\u00e8tres et l\u2019apparition d\u2019un mauvais temps avec des vagues et\/ou des courants en sens contraire de la trajectoire peut rendre ces 5.900 m\u00e8tres plus difficiles \u00e0 parcourir qu\u2019on ne le pense.<\/p>\n<p>Les r\u00e9f\u00e9rences visuelles qui doivent \u00eatre prises lorsqu\u2019on nage en pleine mer sont diff\u00e9rentes \u00e0 celles d&#8217;une piscine d\u00e9limit\u00e9es par une ligne au fond\u00a0 de la piscine, des couloirs de nages et le bord de celle-ci. Il est important de localiser ces r\u00e9f\u00e9rences en levant verticalement la t\u00eate et en se reportant \u00e0 l\u2019alignement des bou\u00e9es qui marquent le parcours, c\u2019est le chemin le plus court.<\/p>\n<p>Il est important d\u2019avoir pratiqu\u00e9 un entra\u00eenement en pleine mer o\u00f9 nous nous confronterons \u00e0 des situations pouvant se produire le jour de l\u2019\u00e9preuve. vagues lat\u00e9rales, mer agit\u00e9e,\u00a0 petits courants\u00a0 aussi nous devrons nous habituer aux diff\u00e9rentes perceptions d&#8217;une nage en pleine mer.\u00a0 (Notamment\u00a0 la houle) contrairement \u00e0 la piscine.<\/p>\n<p>Il est important d\u2019avoir un partenaire pendant la travers\u00e9e. Si vous ne l\u2019avez pas encore trouv\u00e9 \u00e0 la piscine ou parmi vos amis, vous pourrez le chercher durant la travers\u00e9e, il est s\u00fbr que vous rencontrerez quelqu\u2019un qui nage au m\u00eame rythme que vous.<\/p>\n<p>Lors de l\u2019entra\u00eenement en mer, le long de la c\u00f4te, vous pourrez rencontrer des m\u00e9duses et constater qu\u2019elles ne sont pas si m\u00e9chantes qu\u2019elles le paraissent. Celles que l\u2019on rencontre dans cette zone correspondent \u00e0 trois types\u00a0:<\/p>\n<ol>\n<li>Celles de grande taille, tr\u00e8s jolies quand elles se d\u00e9placent,\u00a0 ont l\u2019habitude de se trouver isol\u00e9es. Elles n\u2019emp\u00eachent pas le nageur de passer en formant\u00a0 une \u00ab\u00a0barri\u00e8re\u00a0\u00bb autour de lui. Elles sont faciles \u00e0 voir par leur grandeur, ce qui permet de les contourner et de les \u00e9loigner d\u2019un geste de la main. Les parties les plus redoutables sont les tentacules.<\/li>\n<li>L\u2019autre type de m\u00e9duse reste le plus commun de la zone. Ces m\u00e9duses ont un corps circulaire de 2 \u00e0 7 cm entour\u00e9 de petits tentacules collants et douloureuses. On a \u00a0l\u2019habitude de les trouver seule et le venin qu\u2019elles utilisent n\u2019est pas tr\u00e8s d\u00e9rangeant\u00a0; en effet, si elles vous piquent au d\u00e9but de l\u2019\u00e9preuve, il est quasi certain qu&#8217;\u00e0 l&#8217;arrivee vous ne vous en rappellerez plus.<\/li>\n<\/ol>\n<p>Enfin, il y a celles que nous consid\u00e9rons comme les pires, qui sont de m\u00eame dimension que les pr\u00e9c\u00e9dentes mais leur venin est beaucoup plus douloureux. Elles voyagent en bancs ce qui rend impossible de passer au-dessus d\u2019elles.<\/p>\n<p>Avant de donner le d\u00e9part, l\u2019organisation observe la zone de la travers\u00e9e et rend compte d\u2019un \u00e9ventuel banc de ses m\u00e9duses.<\/p>\n<p>En cas de contact avec une m\u00e9duse\u00a0:<\/p>\n<ol>\n<li>Ne pas s\u2019\u00e9nerver, l&#8217;\u00e9nervement\u00a0 peut-\u00eatre pire que la m\u00e9duse elle-m\u00eame.<\/li>\n<li>Ne pas frotter la zone affect\u00e9e car cela peut \u00e9tendre les d\u00e9mangeaisons\u00a0 sur le corps.<\/li>\n<li>Si vous consid\u00e9rez n\u00e9cessaire d\u2019abandonner faite le une minute apr\u00e8s avoir \u00e9t\u00e9 piqu\u00e9, avec le sifflet fournis par l&#8217;organisation, mettez-vous en contact avec une embarcation pour \u00eatre sorti de l\u2019eau.<\/li>\n<li>Suivez les recommandations de l\u2019organisation concernant la s\u00e9curit\u00e9.<\/li>\n<\/ol>\n<p><strong>Il est important de se conna\u00eetre et de ne pas atteindre ses limites. Il est pr\u00e9f\u00e9rable si vous ne vous trouvez pas bien ou en cas de crampe de demander de l\u2019aide quand vous le pouvez encore mais ne JAMAIS EN ARRIVER AU POINT DE VOUS EVANOUIR. En mer, la s\u00e9curite est assur\u00e9e par soi-m\u00eame, on peut secourir si on nous demande de l&#8217;aide, avant vous evanouir demander de l&#8217;aide.<\/strong><\/p>\n<p>Un point crucial de ce type de comp\u00e9tition est le d\u00e9part, les nageurs ne sont pas situ\u00e9s selon leur rapidit\u00e9 et cela provoque des contacts et des frottements avec les autres nageurs ce qui peut produire un certain malaise. Si vous n\u2019avez pas le rythme des autres nageurs et que vous ne voulez pas subir cette g\u00eane, il est pr\u00e9f\u00e9rable de vous positionner \u00e0 l\u2019arri\u00e8re lors du d\u00e9part et de nager suivant votre rythme. Il est probable qu\u2019au fil de la course vous r\u00e9ussissiez \u00e0 d\u00e9passer vos concurrents.<\/p>\n<p>En cas d\u2019apparition de crampes, il faut vous arr\u00eater pour relaxer la zone en question, si vous vous trouvez tr\u00e8s loin de l\u2019arriv\u00e9e, il est pr\u00e9f\u00e9rable d\u2019abandonner la \u00a0comp\u00e9tition et de la retenter lors d\u2019une prochaine \u00e9dition. Si vous \u00eates proche de la ligne d\u2019arriv\u00e9e, rel\u00e2chez les muscles et essayer de ne pas forcer sur la jambe qui a souffert de la crampe.<\/p>\n<p>Un autre probl\u00e8me que l\u2019on a l\u2019habitude d\u2019avoir est le mal de c\u0153ur qui entra\u00eene les m\u00eames sympt\u00f4mes qu\u2019un mal de c\u0153ur normal avec des vomissements et un mal \u00eatre g\u00e9n\u00e9ral. Les recommandations pour ceux qui en sont sujet est d\u2019abandonner l\u2019\u00e9preuve et de la r\u00e9essayer l\u2019ann\u00e9e prochaine. Si pendant les entra\u00eenements en pleine mer vous aviez d\u00e9j\u00e0 des maux de c\u0153ur, essayez de mettre des boules qui\u00e8s.<\/p>\n<p>Il est important au d\u00e9but de la course de ne pas aller plus vite que le rythme que vous vous \u00e9tiez fix\u00e9, il vaut mieux pendant la premi\u00e8re partie de la travers\u00e9e\u00a0 garder ses forces et de tout donner \u00e0 la fin.<\/p>\n<p>Il est important avant de vous jeter \u00e0 l\u2019eau de vous appliquer de la vaseline. Les endroits importants sont les aisselles et le cou pour \u00e9viter les echauffements. Il y a des nageurs qui s&#8217;enduisent tout le corps, on dit que ce voile les prot\u00e8ge des m\u00e9duses.<\/p>\n<p>N\u2019oublions pas que cette \u00e9preuve est populaire. Dans la majeure partie des cas, nous allons nous mesurer \u00e0 nous-m\u00eames, nous lancer un d\u00e9fis. Faisons en sorte qu\u2019elle soit inoubliable, rendons la conviviale et festive, mais surtout, que le partenariat et le b\u00e9n\u00e9volat au sein du milieu maritime rende cette\u00a0 \u00e9preuve r\u00e9alisable.<\/p>\n<p>[\/et_pb_text][\/et_pb_column][\/et_pb_row][\/et_pb_section]<\/p>\n","protected":false},"excerpt":{"rendered":"<p>POUR NAGEUR\u00a0 D\u00c9BUTANT INFORMATION POUR NAGEUR D\u00c9BUTANT \u00c0 la suite de cette s\u00e9rie de points, j\u2019essaierai de r\u00e9pondre aux questions que chaque nageur qui va effectuer la travers\u00e9e pour la premi\u00e8re fois, peut \u00e9ventuellement se poser. Une travers\u00e9e en pleine mer est une travers\u00e9e o\u00f9 le nageur aura l\u2019occasion de se retrouver seul dans une [&hellip;]<\/p>\n","protected":false},"author":1,"featured_media":0,"parent":0,"menu_order":0,"comment_status":"closed","ping_status":"closed","template":"","meta":{"_et_pb_use_builder":"on","_et_pb_old_content":"","_et_gb_content_width":"","footnotes":""},"class_list":["post-25525","page","type-page","status-publish","hentry"],"yoast_head":"<!-- This site is optimized with the Yoast SEO plugin v27.6 - https:\/\/yoast.com\/product\/yoast-seo-wordpress\/ -->\n<title>CONSEILS A UN NAGEUR DEBUTANT - Traves\u00eda a Nado Tabarca Santa Pola (Alicante - Espa\u00f1a)<\/title>\n<meta name=\"robots\" content=\"index, follow, max-snippet:-1, max-image-preview:large, max-video-preview:-1\" \/>\n<link rel=\"canonical\" href=\"https:\/\/www.travesiatabarcasantapola.com\/fr\/informacion-nadador-novel\/\" \/>\n<meta property=\"og:locale\" content=\"fr_FR\" \/>\n<meta property=\"og:type\" content=\"article\" \/>\n<meta property=\"og:title\" content=\"CONSEILS A UN NAGEUR DEBUTANT - Traves\u00eda a Nado Tabarca Santa Pola (Alicante - Espa\u00f1a)\" \/>\n<meta property=\"og:description\" content=\"POUR NAGEUR\u00a0 D\u00c9BUTANT INFORMATION POUR NAGEUR D\u00c9BUTANT \u00c0 la suite de cette s\u00e9rie de points, j\u2019essaierai de r\u00e9pondre aux questions que chaque nageur qui va effectuer la travers\u00e9e pour la premi\u00e8re fois, peut \u00e9ventuellement se poser. Une travers\u00e9e en pleine mer est une travers\u00e9e o\u00f9 le nageur aura l\u2019occasion de se retrouver seul dans une [&hellip;]\" \/>\n<meta property=\"og:url\" content=\"https:\/\/www.travesiatabarcasantapola.com\/fr\/informacion-nadador-novel\/\" \/>\n<meta property=\"og:site_name\" content=\"Traves\u00eda a Nado Tabarca Santa Pola (Alicante - Espa\u00f1a)\" \/>\n<meta property=\"article:publisher\" content=\"https:\/\/www.facebook.com\/Travesiaanado\/?fref=ts\" \/>\n<meta property=\"article:modified_time\" content=\"2022-04-01T19:53:25+00:00\" \/>\n<meta name=\"twitter:card\" content=\"summary_large_image\" \/>\n<meta name=\"twitter:site\" content=\"@travesiaanado\" \/>\n<meta name=\"twitter:label1\" content=\"Est. reading time\" \/>\n\t<meta name=\"twitter:data1\" content=\"7 minutes\" \/>\n<script type=\"application\/ld+json\" class=\"yoast-schema-graph\">{\"@context\":\"https:\\\/\\\/schema.org\",\"@graph\":[{\"@type\":\"WebPage\",\"@id\":\"https:\\\/\\\/www.travesiatabarcasantapola.com\\\/fr\\\/informacion-nadador-novel\\\/\",\"url\":\"https:\\\/\\\/www.travesiatabarcasantapola.com\\\/fr\\\/informacion-nadador-novel\\\/\",\"name\":\"CONSEILS A UN NAGEUR DEBUTANT - Traves\u00eda a Nado Tabarca Santa Pola (Alicante - Espa\u00f1a)\",\"isPartOf\":{\"@id\":\"https:\\\/\\\/www.travesiatabarcasantapola.com\\\/#website\"},\"datePublished\":\"2017-02-07T10:20:10+00:00\",\"dateModified\":\"2022-04-01T19:53:25+00:00\",\"breadcrumb\":{\"@id\":\"https:\\\/\\\/www.travesiatabarcasantapola.com\\\/fr\\\/informacion-nadador-novel\\\/#breadcrumb\"},\"inLanguage\":\"fr-FR\",\"potentialAction\":[{\"@type\":\"ReadAction\",\"target\":[\"https:\\\/\\\/www.travesiatabarcasantapola.com\\\/fr\\\/informacion-nadador-novel\\\/\"]}]},{\"@type\":\"BreadcrumbList\",\"@id\":\"https:\\\/\\\/www.travesiatabarcasantapola.com\\\/fr\\\/informacion-nadador-novel\\\/#breadcrumb\",\"itemListElement\":[{\"@type\":\"ListItem\",\"position\":1,\"name\":\"Portada\",\"item\":\"https:\\\/\\\/www.travesiatabarcasantapola.com\\\/fr\\\/\"},{\"@type\":\"ListItem\",\"position\":2,\"name\":\"CONSEILS A UN NAGEUR DEBUTANT\"}]},{\"@type\":\"WebSite\",\"@id\":\"https:\\\/\\\/www.travesiatabarcasantapola.com\\\/#website\",\"url\":\"https:\\\/\\\/www.travesiatabarcasantapola.com\\\/\",\"name\":\"Traves\u00eda a Nado Tabarca Santa Pola (Alicante - Espa\u00f1a)\",\"description\":\"La mejor traves\u00eda a nado en aguas abiertas de Espa\u00f1a\",\"potentialAction\":[{\"@type\":\"SearchAction\",\"target\":{\"@type\":\"EntryPoint\",\"urlTemplate\":\"https:\\\/\\\/www.travesiatabarcasantapola.com\\\/?s={search_term_string}\"},\"query-input\":{\"@type\":\"PropertyValueSpecification\",\"valueRequired\":true,\"valueName\":\"search_term_string\"}}],\"inLanguage\":\"fr-FR\"}]}<\/script>\n<!-- \/ Yoast SEO plugin. -->","yoast_head_json":{"title":"CONSEILS A UN NAGEUR DEBUTANT - Traves\u00eda a Nado Tabarca Santa Pola (Alicante - Espa\u00f1a)","robots":{"index":"index","follow":"follow","max-snippet":"max-snippet:-1","max-image-preview":"max-image-preview:large","max-video-preview":"max-video-preview:-1"},"canonical":"https:\/\/www.travesiatabarcasantapola.com\/fr\/informacion-nadador-novel\/","og_locale":"fr_FR","og_type":"article","og_title":"CONSEILS A UN NAGEUR DEBUTANT - Traves\u00eda a Nado Tabarca Santa Pola (Alicante - Espa\u00f1a)","og_description":"POUR NAGEUR\u00a0 D\u00c9BUTANT INFORMATION POUR NAGEUR D\u00c9BUTANT \u00c0 la suite de cette s\u00e9rie de points, j\u2019essaierai de r\u00e9pondre aux questions que chaque nageur qui va effectuer la travers\u00e9e pour la premi\u00e8re fois, peut \u00e9ventuellement se poser. Une travers\u00e9e en pleine mer est une travers\u00e9e o\u00f9 le nageur aura l\u2019occasion de se retrouver seul dans une [&hellip;]","og_url":"https:\/\/www.travesiatabarcasantapola.com\/fr\/informacion-nadador-novel\/","og_site_name":"Traves\u00eda a Nado Tabarca Santa Pola (Alicante - Espa\u00f1a)","article_publisher":"https:\/\/www.facebook.com\/Travesiaanado\/?fref=ts","article_modified_time":"2022-04-01T19:53:25+00:00","twitter_card":"summary_large_image","twitter_site":"@travesiaanado","twitter_misc":{"Est. reading time":"7 minutes"},"schema":{"@context":"https:\/\/schema.org","@graph":[{"@type":"WebPage","@id":"https:\/\/www.travesiatabarcasantapola.com\/fr\/informacion-nadador-novel\/","url":"https:\/\/www.travesiatabarcasantapola.com\/fr\/informacion-nadador-novel\/","name":"CONSEILS A UN NAGEUR DEBUTANT - Traves\u00eda a Nado Tabarca Santa Pola (Alicante - Espa\u00f1a)","isPartOf":{"@id":"https:\/\/www.travesiatabarcasantapola.com\/#website"},"datePublished":"2017-02-07T10:20:10+00:00","dateModified":"2022-04-01T19:53:25+00:00","breadcrumb":{"@id":"https:\/\/www.travesiatabarcasantapola.com\/fr\/informacion-nadador-novel\/#breadcrumb"},"inLanguage":"fr-FR","potentialAction":[{"@type":"ReadAction","target":["https:\/\/www.travesiatabarcasantapola.com\/fr\/informacion-nadador-novel\/"]}]},{"@type":"BreadcrumbList","@id":"https:\/\/www.travesiatabarcasantapola.com\/fr\/informacion-nadador-novel\/#breadcrumb","itemListElement":[{"@type":"ListItem","position":1,"name":"Portada","item":"https:\/\/www.travesiatabarcasantapola.com\/fr\/"},{"@type":"ListItem","position":2,"name":"CONSEILS A UN NAGEUR DEBUTANT"}]},{"@type":"WebSite","@id":"https:\/\/www.travesiatabarcasantapola.com\/#website","url":"https:\/\/www.travesiatabarcasantapola.com\/","name":"Traves\u00eda a Nado Tabarca Santa Pola (Alicante - Espa\u00f1a)","description":"La mejor traves\u00eda a nado en aguas abiertas de Espa\u00f1a","potentialAction":[{"@type":"SearchAction","target":{"@type":"EntryPoint","urlTemplate":"https:\/\/www.travesiatabarcasantapola.com\/?s={search_term_string}"},"query-input":{"@type":"PropertyValueSpecification","valueRequired":true,"valueName":"search_term_string"}}],"inLanguage":"fr-FR"}]}},"_links":{"self":[{"href":"https:\/\/www.travesiatabarcasantapola.com\/fr\/wp-json\/wp\/v2\/pages\/25525","targetHints":{"allow":["GET"]}}],"collection":[{"href":"https:\/\/www.travesiatabarcasantapola.com\/fr\/wp-json\/wp\/v2\/pages"}],"about":[{"href":"https:\/\/www.travesiatabarcasantapola.com\/fr\/wp-json\/wp\/v2\/types\/page"}],"author":[{"embeddable":true,"href":"https:\/\/www.travesiatabarcasantapola.com\/fr\/wp-json\/wp\/v2\/users\/1"}],"replies":[{"embeddable":true,"href":"https:\/\/www.travesiatabarcasantapola.com\/fr\/wp-json\/wp\/v2\/comments?post=25525"}],"version-history":[{"count":5,"href":"https:\/\/www.travesiatabarcasantapola.com\/fr\/wp-json\/wp\/v2\/pages\/25525\/revisions"}],"predecessor-version":[{"id":28539,"href":"https:\/\/www.travesiatabarcasantapola.com\/fr\/wp-json\/wp\/v2\/pages\/25525\/revisions\/28539"}],"wp:attachment":[{"href":"https:\/\/www.travesiatabarcasantapola.com\/fr\/wp-json\/wp\/v2\/media?parent=25525"}],"curies":[{"name":"wp","href":"https:\/\/api.w.org\/{rel}","templated":true}]}}