{"id":26913,"date":"2018-11-08T16:08:59","date_gmt":"2018-11-08T15:08:59","guid":{"rendered":"http:\/\/www.travesiatabarcasantapola.com\/relatos\/origen-logo-club-alone\/"},"modified":"2018-11-08T17:33:51","modified_gmt":"2018-11-08T16:33:51","slug":"origen-logo-club-alone","status":"publish","type":"page","link":"https:\/\/www.travesiatabarcasantapola.com\/fr\/recits\/origen-logo-club-alone\/","title":{"rendered":"Origen logotipo Club Nataci\u00f3n Alone"},"content":{"rendered":"<p>[et_pb_section bb_built=&#8221;1&#8243; admin_label=&#8221;section&#8221; transparent_background=&#8221;off&#8221; allow_player_pause=&#8221;off&#8221; inner_shadow=&#8221;off&#8221; parallax=&#8221;off&#8221; parallax_method=&#8221;on&#8221; make_fullwidth=&#8221;off&#8221; use_custom_width=&#8221;off&#8221; width_unit=&#8221;on&#8221; make_equal=&#8221;off&#8221; use_custom_gutter=&#8221;off&#8221; custom_padding=&#8221;||0px|&#8221; prev_background_color=&#8221;#000000&#8243; next_background_color=&#8221;#000000&#8243;][et_pb_row admin_label=&#8221;row&#8221; make_fullwidth=&#8221;off&#8221; use_custom_width=&#8221;off&#8221; width_unit=&#8221;on&#8221; use_custom_gutter=&#8221;off&#8221; custom_padding=&#8221;||0px|&#8221; allow_player_pause=&#8221;off&#8221; parallax=&#8221;off&#8221; parallax_method=&#8221;on&#8221; make_equal=&#8221;off&#8221; parallax_1=&#8221;off&#8221; parallax_method_1=&#8221;off&#8221; background_position=&#8221;top_left&#8221; background_repeat=&#8221;repeat&#8221; background_size=&#8221;initial&#8221;][et_pb_column type=&#8221;4_4&#8243;][et_pb_text admin_label=&#8221;Subtitulo&#8221; text_font=&#8221;Source Sans Pro Light||||&#8221; text_font_size=&#8221;25&#8243; text_text_color=&#8221;#09688b&#8221; text_line_height=&#8221;1em&#8221; custom_margin=&#8221;||0px|&#8221; custom_padding=&#8221;||0px|&#8221; _builder_version=&#8221;3.17.6&#8243;]<\/p>\n<p>Club Nataci\u00f3n Alone &#8211; Santa Pola Logo<\/p>\n<p>[\/et_pb_text][et_pb_text admin_label=&#8221;Titular&#8221; text_font=&#8221;Source Sans Pro Light|on|||&#8221; text_font_size=&#8221;50&#8243; text_text_color=&#8221;#09688b&#8221; text_line_height=&#8221;1em&#8221; custom_margin=&#8221;0px||30px|&#8221; custom_padding=&#8221;0px|||&#8221; _builder_version=&#8221;3.17.6&#8243;]<\/p>\n<div class=\"page\" title=\"Page 1\">\n<div class=\"layoutArea\">\n<div class=\"column\">\n<div class=\"page\" title=\"Page 1\">\n<div class=\"section\">\n<div class=\"layoutArea\">\n<div class=\"column\">\n<div class=\"page\" title=\"Page 1\">\n<div class=\"layoutArea\">\n<div class=\"column\">\n<p>HISTORIE DE LOGO DU CLUB<\/p>\n<\/div>\n<\/div>\n<\/div>\n<\/div>\n<\/div>\n<\/div>\n<\/div>\n<\/div>\n<\/div>\n<\/div>\n<p>[\/et_pb_text][et_pb_divider height=&#8221;50px&#8221; custom_css_main_element=&#8221;width: 20%;&#8221; disabled_on=&#8221;on|on|off&#8221; _builder_version=&#8221;3.17.6&#8243; \/][et_pb_text _builder_version=&#8221;3.17.6&#8243;]<\/p>\n<p><img loading=\"lazy\" decoding=\"async\" class=\"size-full wp-image-25664 aligncenter\" src=\"https:\/\/www.travesiatabarcasantapola.com\/wp-content\/uploads\/2017\/03\/Captura-de-pantalla-2017-07-04-a-las-17.47.11.png\" alt=\"\" width=\"854\" height=\"398\" srcset=\"https:\/\/www.travesiatabarcasantapola.com\/wp-content\/uploads\/2017\/03\/Captura-de-pantalla-2017-07-04-a-las-17.47.11.png 854w, https:\/\/www.travesiatabarcasantapola.com\/wp-content\/uploads\/2017\/03\/Captura-de-pantalla-2017-07-04-a-las-17.47.11-300x140.png 300w, https:\/\/www.travesiatabarcasantapola.com\/wp-content\/uploads\/2017\/03\/Captura-de-pantalla-2017-07-04-a-las-17.47.11-768x358.png 768w\" sizes=\"(max-width: 854px) 100vw, 854px\" \/><\/p>\n<div class=\"page\" title=\"Page 1\">\n<div class=\"layoutArea\">\n<div class=\"column\">\n<p>Peut-e?tre que la nouvelle d\u2019un exploit de natation de fond, dont nous faisons re?fe?rence, vient d\u2019une le?gende grecque c\u2019est l\u2019historie de Leandre et He?ro. Leandre s\u2019e?tait amourache? d\u2019une jeune et belle religieuse appele?e He?ro.<\/p>\n<p>Quoique grecs tours les deux, ils vivaient se?pare?s par un bras de mer de plus de<\/p>\n<p>5700mts (curieusement, presque la distance de no?tre traverse?e). La famille de He?ro s\u2019opposait a? ces amours, ce qui, ajoute? a? la condition de religieuse, faisait cette union presque impossible.<\/p>\n<p>Mais tous deux s\u2019aimaient passionne?ment et, Leandre demanda a? He?ro d\u2019e?tre sa femme, ils de?cide?rent de s\u2019unir en secret, mais pour se voir ils devaient se cacher de ceux que s\u2019opposaient a? leur amour.<\/p>\n<p>Pour cela, Le?andre traversait, a? la nage, le de?troit tous les jours, guide? par une chandelle que sa bien aime?e allumait tus les soirs, au haut d\u2019une tour ou? anxieuse elle attendait Le?andre, qui revenait de son aventure au petit matin.<\/p>\n<p>L\u2019hiver arrive? et avec lui le mouvais temps, la belle He?ro faisait tre?s attention de pre?server la chandelle avec son manteau de fac?on que le vent violent ne l\u2019e?teigne pas. Mais une nuit, funeste nuit, soit que He?ro n\u2019allumait pas par oubli, soit que la violence du vent e?teignit la chandelle Le?andre ne put s\u2019orienter et ballotte? par des vagues violentes et e?reinte? par sa lutte contre les vagues il ne put re?sister long temps es finalement se noya.<\/p>\n<p>He?ro l\u2019attendit en vain le reste de la nuit. Aux premie?res lueurs du soleil levant seulement elle vit avec horreur, au pied de la tour, le corps de son amant flottant sur l\u2019eau.<\/p>\n<p>La malheureuse He?ro comprit ce qu\u2019e?tait arrive? et, perdant la raison, dans un douleur extre?me, elle se jette du haut de la tour se noyant pre?s de Leandre dans la me?me eau qui les avait se?pare?s.<\/p>\n<\/div>\n<\/div>\n<\/div>\n<p><img loading=\"lazy\" decoding=\"async\" class=\"size-full wp-image-26895 aligncenter\" src=\"https:\/\/www.travesiatabarcasantapola.com\/wp-content\/uploads\/2018\/11\/monedas.jpg\" alt=\"\" width=\"1000\" height=\"322\" srcset=\"https:\/\/www.travesiatabarcasantapola.com\/wp-content\/uploads\/2018\/11\/monedas.jpg 1000w, https:\/\/www.travesiatabarcasantapola.com\/wp-content\/uploads\/2018\/11\/monedas-300x97.jpg 300w, https:\/\/www.travesiatabarcasantapola.com\/wp-content\/uploads\/2018\/11\/monedas-768x247.jpg 768w\" sizes=\"(max-width: 1000px) 100vw, 1000px\" \/><\/p>\n<div class=\"page\" title=\"Page 2\">\n<div class=\"layoutArea\">\n<div class=\"column\">\n<div class=\"page\" title=\"Page 1\">\n<div class=\"layoutArea\">\n<div class=\"column\">\n<p>On dit que les deux corps apparurent unis<\/p>\n<p>Un poe?te e?crivit d\u2019eux :<br \/>Ainsi, apre?s la mort<br \/>Jouirent les deux amants<br \/>De se voir unis devant<br \/>Ceux que se moque?rent de leur malheureux sort.<\/p>\n<\/div>\n<\/div>\n<\/div>\n<div class=\"page\" title=\"Page 2\">\n<div class=\"layoutArea\">\n<div class=\"column\">\n<p>De cette le?gende on frappa une monnaie ou me?daille d\u2019e?poque, rachete?e pour e?tre vue dans les muse?es et sur laquelle on voit un nageur, celui que nous a inspire? le logo.<\/p>\n<\/div>\n<\/div>\n<\/div>\n<\/div>\n<\/div>\n<\/div>\n<p><a href=\"https:\/\/es.wikipedia.org\/wiki\/Hero_y_Leandro\">https:\/\/es.wikipedia.org\/wiki\/Hero_y_Leandro<\/a><\/p>\n<p>[\/et_pb_text][\/et_pb_column][\/et_pb_row][\/et_pb_section]<\/p>\n","protected":false},"excerpt":{"rendered":"<p>Club Nataci\u00f3n Alone &#8211; Santa Pola Logo HISTORIE DE LOGO DU CLUB Peut-e?tre que la nouvelle d\u2019un exploit de natation de fond, dont nous faisons re?fe?rence, vient d\u2019une le?gende grecque c\u2019est l\u2019historie de Leandre et He?ro. Leandre s\u2019e?tait amourache? d\u2019une jeune et belle religieuse appele?e He?ro.Quoique grecs tours les deux, ils vivaient se?pare?s par un [&hellip;]<\/p>\n","protected":false},"author":1,"featured_media":0,"parent":26879,"menu_order":0,"comment_status":"closed","ping_status":"closed","template":"","meta":{"_et_pb_use_builder":"on","_et_pb_old_content":"","_et_gb_content_width":"","footnotes":""},"class_list":["post-26913","page","type-page","status-publish","hentry"],"yoast_head":"<!-- This site is optimized with the Yoast SEO plugin v27.6 - https:\/\/yoast.com\/product\/yoast-seo-wordpress\/ -->\n<title>Origen logotipo Club Nataci\u00f3n Alone - Traves\u00eda a Nado Tabarca Santa Pola (Alicante - Espa\u00f1a)<\/title>\n<meta name=\"robots\" content=\"index, follow, max-snippet:-1, max-image-preview:large, max-video-preview:-1\" \/>\n<link rel=\"canonical\" href=\"https:\/\/www.travesiatabarcasantapola.com\/fr\/recits\/origen-logo-club-alone\/\" \/>\n<meta property=\"og:locale\" content=\"fr_FR\" \/>\n<meta property=\"og:type\" content=\"article\" \/>\n<meta property=\"og:title\" content=\"Origen logotipo Club Nataci\u00f3n Alone - Traves\u00eda a Nado Tabarca Santa Pola (Alicante - Espa\u00f1a)\" \/>\n<meta property=\"og:description\" content=\"Club Nataci\u00f3n Alone - Santa Pola Logo HISTORIE DE LOGO DU CLUB Peut-e?tre que la nouvelle d\u2019un exploit de natation de fond, dont nous faisons re?fe?rence, vient d\u2019une le?gende grecque c\u2019est l\u2019historie de Leandre et He?ro. Leandre s\u2019e?tait amourache? d\u2019une jeune et belle religieuse appele?e He?ro.Quoique grecs tours les deux, ils vivaient se?pare?s par un [&hellip;]\" \/>\n<meta property=\"og:url\" content=\"https:\/\/www.travesiatabarcasantapola.com\/fr\/recits\/origen-logo-club-alone\/\" \/>\n<meta property=\"og:site_name\" content=\"Traves\u00eda a Nado Tabarca Santa Pola (Alicante - Espa\u00f1a)\" \/>\n<meta property=\"article:publisher\" content=\"https:\/\/www.facebook.com\/Travesiaanado\/?fref=ts\" \/>\n<meta property=\"article:modified_time\" content=\"2018-11-08T16:33:51+00:00\" \/>\n<meta property=\"og:image\" content=\"https:\/\/www.travesiatabarcasantapola.com\/wp-content\/uploads\/2017\/03\/Captura-de-pantalla-2017-07-04-a-las-17.47.11.png\" \/>\n<meta name=\"twitter:card\" content=\"summary_large_image\" \/>\n<meta name=\"twitter:site\" content=\"@travesiaanado\" \/>\n<meta name=\"twitter:label1\" content=\"Est. reading time\" \/>\n\t<meta name=\"twitter:data1\" content=\"3 minutes\" \/>\n<script type=\"application\/ld+json\" class=\"yoast-schema-graph\">{\"@context\":\"https:\\\/\\\/schema.org\",\"@graph\":[{\"@type\":\"WebPage\",\"@id\":\"https:\\\/\\\/www.travesiatabarcasantapola.com\\\/fr\\\/recits\\\/origen-logo-club-alone\\\/\",\"url\":\"https:\\\/\\\/www.travesiatabarcasantapola.com\\\/fr\\\/recits\\\/origen-logo-club-alone\\\/\",\"name\":\"Origen logotipo Club Nataci\u00f3n Alone - Traves\u00eda a Nado Tabarca Santa Pola (Alicante - Espa\u00f1a)\",\"isPartOf\":{\"@id\":\"https:\\\/\\\/www.travesiatabarcasantapola.com\\\/#website\"},\"primaryImageOfPage\":{\"@id\":\"https:\\\/\\\/www.travesiatabarcasantapola.com\\\/fr\\\/recits\\\/origen-logo-club-alone\\\/#primaryimage\"},\"image\":{\"@id\":\"https:\\\/\\\/www.travesiatabarcasantapola.com\\\/fr\\\/recits\\\/origen-logo-club-alone\\\/#primaryimage\"},\"thumbnailUrl\":\"https:\\\/\\\/www.travesiatabarcasantapola.com\\\/wp-content\\\/uploads\\\/2017\\\/03\\\/Captura-de-pantalla-2017-07-04-a-las-17.47.11.png\",\"datePublished\":\"2018-11-08T15:08:59+00:00\",\"dateModified\":\"2018-11-08T16:33:51+00:00\",\"breadcrumb\":{\"@id\":\"https:\\\/\\\/www.travesiatabarcasantapola.com\\\/fr\\\/recits\\\/origen-logo-club-alone\\\/#breadcrumb\"},\"inLanguage\":\"fr-FR\",\"potentialAction\":[{\"@type\":\"ReadAction\",\"target\":[\"https:\\\/\\\/www.travesiatabarcasantapola.com\\\/fr\\\/recits\\\/origen-logo-club-alone\\\/\"]}]},{\"@type\":\"ImageObject\",\"inLanguage\":\"fr-FR\",\"@id\":\"https:\\\/\\\/www.travesiatabarcasantapola.com\\\/fr\\\/recits\\\/origen-logo-club-alone\\\/#primaryimage\",\"url\":\"https:\\\/\\\/www.travesiatabarcasantapola.com\\\/wp-content\\\/uploads\\\/2017\\\/03\\\/Captura-de-pantalla-2017-07-04-a-las-17.47.11.png\",\"contentUrl\":\"https:\\\/\\\/www.travesiatabarcasantapola.com\\\/wp-content\\\/uploads\\\/2017\\\/03\\\/Captura-de-pantalla-2017-07-04-a-las-17.47.11.png\"},{\"@type\":\"BreadcrumbList\",\"@id\":\"https:\\\/\\\/www.travesiatabarcasantapola.com\\\/fr\\\/recits\\\/origen-logo-club-alone\\\/#breadcrumb\",\"itemListElement\":[{\"@type\":\"ListItem\",\"position\":1,\"name\":\"Portada\",\"item\":\"https:\\\/\\\/www.travesiatabarcasantapola.com\\\/fr\\\/\"},{\"@type\":\"ListItem\",\"position\":2,\"name\":\"R\u00e9cits\",\"item\":\"https:\\\/\\\/www.travesiatabarcasantapola.com\\\/fr\\\/recits\\\/\"},{\"@type\":\"ListItem\",\"position\":3,\"name\":\"Origen logotipo Club Nataci\u00f3n Alone\"}]},{\"@type\":\"WebSite\",\"@id\":\"https:\\\/\\\/www.travesiatabarcasantapola.com\\\/#website\",\"url\":\"https:\\\/\\\/www.travesiatabarcasantapola.com\\\/\",\"name\":\"Traves\u00eda a Nado Tabarca Santa Pola (Alicante - Espa\u00f1a)\",\"description\":\"La mejor traves\u00eda a nado en aguas abiertas de Espa\u00f1a\",\"potentialAction\":[{\"@type\":\"SearchAction\",\"target\":{\"@type\":\"EntryPoint\",\"urlTemplate\":\"https:\\\/\\\/www.travesiatabarcasantapola.com\\\/?s={search_term_string}\"},\"query-input\":{\"@type\":\"PropertyValueSpecification\",\"valueRequired\":true,\"valueName\":\"search_term_string\"}}],\"inLanguage\":\"fr-FR\"}]}<\/script>\n<!-- \/ Yoast SEO plugin. -->","yoast_head_json":{"title":"Origen logotipo Club Nataci\u00f3n Alone - Traves\u00eda a Nado Tabarca Santa Pola (Alicante - Espa\u00f1a)","robots":{"index":"index","follow":"follow","max-snippet":"max-snippet:-1","max-image-preview":"max-image-preview:large","max-video-preview":"max-video-preview:-1"},"canonical":"https:\/\/www.travesiatabarcasantapola.com\/fr\/recits\/origen-logo-club-alone\/","og_locale":"fr_FR","og_type":"article","og_title":"Origen logotipo Club Nataci\u00f3n Alone - Traves\u00eda a Nado Tabarca Santa Pola (Alicante - Espa\u00f1a)","og_description":"Club Nataci\u00f3n Alone - Santa Pola Logo HISTORIE DE LOGO DU CLUB Peut-e?tre que la nouvelle d\u2019un exploit de natation de fond, dont nous faisons re?fe?rence, vient d\u2019une le?gende grecque c\u2019est l\u2019historie de Leandre et He?ro. Leandre s\u2019e?tait amourache? d\u2019une jeune et belle religieuse appele?e He?ro.Quoique grecs tours les deux, ils vivaient se?pare?s par un [&hellip;]","og_url":"https:\/\/www.travesiatabarcasantapola.com\/fr\/recits\/origen-logo-club-alone\/","og_site_name":"Traves\u00eda a Nado Tabarca Santa Pola (Alicante - Espa\u00f1a)","article_publisher":"https:\/\/www.facebook.com\/Travesiaanado\/?fref=ts","article_modified_time":"2018-11-08T16:33:51+00:00","og_image":[{"url":"https:\/\/www.travesiatabarcasantapola.com\/wp-content\/uploads\/2017\/03\/Captura-de-pantalla-2017-07-04-a-las-17.47.11.png","type":"","width":"","height":""}],"twitter_card":"summary_large_image","twitter_site":"@travesiaanado","twitter_misc":{"Est. reading time":"3 minutes"},"schema":{"@context":"https:\/\/schema.org","@graph":[{"@type":"WebPage","@id":"https:\/\/www.travesiatabarcasantapola.com\/fr\/recits\/origen-logo-club-alone\/","url":"https:\/\/www.travesiatabarcasantapola.com\/fr\/recits\/origen-logo-club-alone\/","name":"Origen logotipo Club Nataci\u00f3n Alone - Traves\u00eda a Nado Tabarca Santa Pola (Alicante - Espa\u00f1a)","isPartOf":{"@id":"https:\/\/www.travesiatabarcasantapola.com\/#website"},"primaryImageOfPage":{"@id":"https:\/\/www.travesiatabarcasantapola.com\/fr\/recits\/origen-logo-club-alone\/#primaryimage"},"image":{"@id":"https:\/\/www.travesiatabarcasantapola.com\/fr\/recits\/origen-logo-club-alone\/#primaryimage"},"thumbnailUrl":"https:\/\/www.travesiatabarcasantapola.com\/wp-content\/uploads\/2017\/03\/Captura-de-pantalla-2017-07-04-a-las-17.47.11.png","datePublished":"2018-11-08T15:08:59+00:00","dateModified":"2018-11-08T16:33:51+00:00","breadcrumb":{"@id":"https:\/\/www.travesiatabarcasantapola.com\/fr\/recits\/origen-logo-club-alone\/#breadcrumb"},"inLanguage":"fr-FR","potentialAction":[{"@type":"ReadAction","target":["https:\/\/www.travesiatabarcasantapola.com\/fr\/recits\/origen-logo-club-alone\/"]}]},{"@type":"ImageObject","inLanguage":"fr-FR","@id":"https:\/\/www.travesiatabarcasantapola.com\/fr\/recits\/origen-logo-club-alone\/#primaryimage","url":"https:\/\/www.travesiatabarcasantapola.com\/wp-content\/uploads\/2017\/03\/Captura-de-pantalla-2017-07-04-a-las-17.47.11.png","contentUrl":"https:\/\/www.travesiatabarcasantapola.com\/wp-content\/uploads\/2017\/03\/Captura-de-pantalla-2017-07-04-a-las-17.47.11.png"},{"@type":"BreadcrumbList","@id":"https:\/\/www.travesiatabarcasantapola.com\/fr\/recits\/origen-logo-club-alone\/#breadcrumb","itemListElement":[{"@type":"ListItem","position":1,"name":"Portada","item":"https:\/\/www.travesiatabarcasantapola.com\/fr\/"},{"@type":"ListItem","position":2,"name":"R\u00e9cits","item":"https:\/\/www.travesiatabarcasantapola.com\/fr\/recits\/"},{"@type":"ListItem","position":3,"name":"Origen logotipo Club Nataci\u00f3n Alone"}]},{"@type":"WebSite","@id":"https:\/\/www.travesiatabarcasantapola.com\/#website","url":"https:\/\/www.travesiatabarcasantapola.com\/","name":"Traves\u00eda a Nado Tabarca Santa Pola (Alicante - Espa\u00f1a)","description":"La mejor traves\u00eda a nado en aguas abiertas de Espa\u00f1a","potentialAction":[{"@type":"SearchAction","target":{"@type":"EntryPoint","urlTemplate":"https:\/\/www.travesiatabarcasantapola.com\/?s={search_term_string}"},"query-input":{"@type":"PropertyValueSpecification","valueRequired":true,"valueName":"search_term_string"}}],"inLanguage":"fr-FR"}]}},"_links":{"self":[{"href":"https:\/\/www.travesiatabarcasantapola.com\/fr\/wp-json\/wp\/v2\/pages\/26913","targetHints":{"allow":["GET"]}}],"collection":[{"href":"https:\/\/www.travesiatabarcasantapola.com\/fr\/wp-json\/wp\/v2\/pages"}],"about":[{"href":"https:\/\/www.travesiatabarcasantapola.com\/fr\/wp-json\/wp\/v2\/types\/page"}],"author":[{"embeddable":true,"href":"https:\/\/www.travesiatabarcasantapola.com\/fr\/wp-json\/wp\/v2\/users\/1"}],"replies":[{"embeddable":true,"href":"https:\/\/www.travesiatabarcasantapola.com\/fr\/wp-json\/wp\/v2\/comments?post=26913"}],"version-history":[{"count":3,"href":"https:\/\/www.travesiatabarcasantapola.com\/fr\/wp-json\/wp\/v2\/pages\/26913\/revisions"}],"predecessor-version":[{"id":26918,"href":"https:\/\/www.travesiatabarcasantapola.com\/fr\/wp-json\/wp\/v2\/pages\/26913\/revisions\/26918"}],"up":[{"embeddable":true,"href":"https:\/\/www.travesiatabarcasantapola.com\/fr\/wp-json\/wp\/v2\/pages\/26879"}],"wp:attachment":[{"href":"https:\/\/www.travesiatabarcasantapola.com\/fr\/wp-json\/wp\/v2\/media?parent=26913"}],"curies":[{"name":"wp","href":"https:\/\/api.w.org\/{rel}","templated":true}]}}