{"id":25530,"date":"2017-02-07T10:20:10","date_gmt":"2017-02-07T10:20:10","guid":{"rendered":"http:\/\/www.travesiatabarcasantapola.com\/informacion-nadador-novel\/"},"modified":"2022-04-01T21:14:15","modified_gmt":"2022-04-01T20:14:15","slug":"informazioni-nuotatori-principiati","status":"publish","type":"page","link":"https:\/\/www.travesiatabarcasantapola.com\/it\/informazioni-nuotatori-principiati\/","title":{"rendered":"INFORMAZIONI NUOTATORI PRINCIPIANTI"},"content":{"rendered":"<p>[et_pb_section fb_built=&#8221;1&#8243; admin_label=&#8221;section&#8221; _builder_version=&#8221;4.15&#8243; global_colors_info=&#8221;{}&#8221;][et_pb_row admin_label=&#8221;row&#8221; _builder_version=&#8221;4.15&#8243; background_size=&#8221;initial&#8221; background_position=&#8221;top_left&#8221; background_repeat=&#8221;repeat&#8221; global_colors_info=&#8221;{}&#8221;][et_pb_column type=&#8221;4_4&#8243; _builder_version=&#8221;4.15&#8243; custom_padding=&#8221;|||&#8221; global_colors_info=&#8221;{}&#8221; custom_padding__hover=&#8221;|||&#8221;][et_pb_text admin_label=&#8221;SUBTITULO&#8221; _builder_version=&#8221;4.15&#8243; text_font=&#8221;Source Sans Pro Light||||&#8221; text_text_color=&#8221;#09688b&#8221; text_font_size=&#8221;25&#8243; text_line_height=&#8221;1em&#8221; background_size=&#8221;initial&#8221; background_position=&#8221;top_left&#8221; background_repeat=&#8221;repeat&#8221; custom_margin=&#8221;||0px|&#8221; custom_padding=&#8221;||0px|&#8221; use_border_color=&#8221;off&#8221; global_colors_info=&#8221;{}&#8221;]PER NOUTATORI CHE FANNO\u00a0 LA TRAVERSATA PER LA PRIMA VOLTA<br \/>\n[\/et_pb_text][et_pb_text admin_label=&#8221;TITULO&#8221; _builder_version=&#8221;4.15&#8243; text_font=&#8221;Source Sans Pro Light|on|||&#8221; text_text_color=&#8221;#09688b&#8221; text_font_size=&#8221;50&#8243; text_line_height=&#8221;1em&#8221; background_size=&#8221;initial&#8221; background_position=&#8221;top_left&#8221; background_repeat=&#8221;repeat&#8221; custom_margin=&#8221;0px||30px|&#8221; custom_padding=&#8221;0px|||&#8221; use_border_color=&#8221;off&#8221; border_color=&#8221;#ffffff&#8221; border_style=&#8221;solid&#8221; global_colors_info=&#8221;{}&#8221;]INFORMAZIONI \u2013 NUOTATORI PRINCIPIANTI<br \/>\n[\/et_pb_text][et_pb_divider disabled_on=&#8221;on|on|off&#8221; _builder_version=&#8221;4.15&#8243; height=&#8221;50px&#8221; custom_css_main_element=&#8221;width: 20%;&#8221; hide_on_mobile=&#8221;on&#8221; global_colors_info=&#8221;{}&#8221;][\/et_pb_divider][et_pb_text module_class=&#8221;reglamento&#8221; _builder_version=&#8221;4.15.1&#8243; background_size=&#8221;initial&#8221; background_position=&#8221;top_left&#8221; background_repeat=&#8221;repeat&#8221; hover_enabled=&#8221;0&#8243; use_border_color=&#8221;off&#8221; border_color=&#8221;#ffffff&#8221; border_style=&#8221;solid&#8221; global_colors_info=&#8221;{}&#8221; sticky_enabled=&#8221;0&#8243;]<\/p>\n<p>In questa serie di punti seguenti cercher\u00f3 di descrivere e rispondere alle domande di alcuni nuotatori che vanno ad affrontare la traversata per la prima volta, domande che ci hanno fatto in alcune ocasi\u00f3ne<\/p>\n<p>Una traversata in mare aperto, \u00e8 una traversata dove il nuotatore avr\u00e1 occasione di incontrarsi solo, senza vedere alcuno nelle sue vicinanze, solo acqua e pi\u00fa acqua, ci\u00f3 che pu\u00f3 provocare acuna sensazione nuova come angustia e disperazione. La cosa importante \u00e8 sempre mantener la calma e non porsi apprensivo, perch\u00e9 seguramente un altro nuotatore o una barca si trover\u00e1 nelle sue vicinanze per aiutarlo nelle sue necesita.<\/p>\n<p>Il nuotatore che si trova difronte a questa prova per la prima volta ,debe aver sostenuto precedentemente una preparazione in acord\u00f3 con la prova, questo vuol dire che non ha problema per nuotare senza difficolt\u00e1 per un po\u00b4pi\u00fa di 3 ore. La distanza che separa l\u2019isola di Tabarca da Santa Pola \u00e8 di 5.900 metri, per\u00f3 se si presente del mal tempo con onde, correnti contrarie alla traettoria, pu\u00f3 suceder\u00e9 che questi 5.900 metri, siano pi\u00fa difficili di quanto uno pensi.<\/p>\n<p>Le referente visuali che si prendono quando si nuota in mare aperto, sono diverse dalla linea Bianca della piscina e al bordo della stessa, \u00e8 importante localizzare queste referente, sollevando la testa verticalmente, cercando la linea delle boe che marcan il percorso, il percorso pi\u00fa corto.<\/p>\n<p>\u00c8 importante aver fatto parte dell\u2019allenamento in mare aperto, dove ci incontreremo con situazioni che possono accadere il giorno della prova, e mai in piscina, onde laterali, mare increspato, piccole correnti e abituarci alla vista che si ha quando si nuota in mare aperto.(normalmente questa vista \u00e8 spettacolare, per\u00f3 ci sono ocasi\u00f3ni in cui cambia in oscura e nera). \u00c8 importante avere un compagno nella traversata, se non lo hai incontrato nella tua piscina, o tra i tuoi amici, puoi encontrarlo nella traversata, sicuramente incontrerai a qualcuno che nuota al tuo stesso ritmo.<\/p>\n<p>Con l\u2019allenamento in mare aperto, lontano dalla costa, potreste incotrarvi con le temute medusa, e scoprirete che non sono cos\u00ed dannose come si dipingono. Quelle che si incontrano in questa zona sono di 3 tipi:<\/p>\n<ol>\n<li>Una medusa di grande dimensioni, e bella a vedersi quando nuota, che si suole encontrar isolata, la quale non ostacola il passaggio del nuotatore, non formando barriera, sono facile da avvistare per la loro dimensione, ci\u00f3 che rende facile\u00a0 evitarle, incluso scansarle con una manata. La parte peggiore sono i filamenti inferiori.<\/li>\n<li>Altro tipo di medusa sono tipiche della zona, hanno un corpo circolare che va da 2 a 7 cm., circ\u00fandate da piccoli filamento appiccicosi e dolorosi. Normalmente si incontrano isolate e il veleno che utilizzano non \u00e8 molto molesto, la reazione che ti da non dura a lungo, se ti punge al principio della traversata, quando giungi a met\u00e1 non lo senti gi\u00e1 pi\u00fa<\/li>\n<li>Per ultimo abbiamo quella che riteniamo la peggiore, sono delle stesse dimensioni della precedente, per\u00f3 il suo veleno \u00e8 molto pi\u00fa doloroso, e viaggiano sempre in grande branchi, il che rende impossibile attraversarle.<\/li>\n<\/ol>\n<p>L\u2019Organizzazione prima di dare la partenza fa una ricognizione visiva della zona della traversata per veder se c\u2019\u00e8 qualche Branco di queste medusa.<\/p>\n<p>Que si debe fare in caso di contatto con medusa:<\/p>\n<ol>\n<li>Per prima cosa non innervosirsi, ci\u00f3 pu\u00f3 essere peggiore della stessa puntura della medusa.<\/li>\n<li>Non sfregarsi con la mano la parte irritata, ci\u00f3 potrebbe causare l\u2019estensione dell\u2019irritazione a tutto il corpo.<\/li>\n<li>Se consideri necesario fermarti, fallo qualche minuto dopo di aver sentito la puntura, usando il fischietto di salvataggio, porsi in contatto con una delle imbarcazioni per essere tirato fuori dallacqua.<\/li>\n<li>Seguire le raccomandazioni di sicurezza predisponte dall\u2019Oranizzazione.<\/li>\n<\/ol>\n<p><strong>\u00c9 importante conocer\u00e9 se stessi e non raggiungere in nessun momento i limiti delle proprie posibilita, \u00e8 preferibile se non ci sentiamo bene o ci sono spesso dei crampi, chiedere aiuto quando ancora ci sono le forze per farlo e MAI\u00a0 E POI MAI RAGGIUNGERE IL PUNTO DI SVENIMENTO. In mare la sicurezza \u00e8 fornita da se stessi, possiamo aiutare se ci viene chiesto aiuto, prima di svenire chiedere aiuto<\/strong><\/p>\n<p>Un punto critico in questo tipo di competizione, \u00e8 la partenza, i nuotatori non \u00a0sono posizionati in ordine da maggiore a minore velocit\u00e1, questo provoca contatto e sfregamento con altri nuotatori, ci\u00f3 pu\u00f3 produrre una certa irritazione.\u00a0 Se non hai ben chiaro il ritmo che tiene rispetto agli altri nuotatori, e non vuoi questi problema,\u00a0 \u00e8 preferibile porsi nella parte posteriore di partenza\u00a0 e mantenere il tuo giusto ritmo fin dal principio e sicuramente pi\u00fa avanti supererai alcune di quelle macchine che al principio sono partite sfrenatamente<\/p>\n<p>Nel caso si soffra ripetutamente di crampi, ci si debe soffermare\u00a0 in modo da poter rilassare la parte colpita, se ti trovi molto lontano dall\u2019arrivo \u00e8 preferibile\u00a0 abbandonare la prova e intentarla in altra edizione; se ti trovi pr\u00f3ximo alla linea d\u2019arrivo, la formula \u00e8 di rilassare i muscoli e cercare di non impegnare la gamba colpita dal crampo.<\/p>\n<p>Altro problema possibile \u00e8 il mal di mare, con gli stessi sintomi del mal di mare normale, vomito e malessere generale.La raccomandazione da parte di uno che lo ha sofferto, \u00e8 abbandonare e intentare il pr\u00f3ssimo anno. Se durante gli\u00a0 allenamenti in mare aperto gi\u00e1 notate che soffrite di questo malessere, provate\u00a0 a mettervi dei tamp\u00f3n di silicone nell\u2019orecchio.<\/p>\n<p>\u00c8 importante al principio della prova di non prendere un andamento che portI ad un ritmo superiore a quello che ci eravamo prefissi di tenere, \u00e8 preferibile\u00a0 essendo la prima traversata in mare aperto, tener delle riserve e dare il tutto\u00a0 nella parte finale.<\/p>\n<p>\u00c8 importante prima di buttarsi in mare di spalmarsi con vasellina. Le parti pi\u00fa importante sono le ascelle e il collo per avitar attrito, ci sono nuotatori che la spalmano in tutto il corpo, si dice che questa extra cuticola reduce la resistenza nell\u2019acqua e protege dalle medusa..<\/p>\n<p>Non dimentichiamo che questa \u00e8 una prova popolare, nella maggioraanza dei asi\u00a0 ogliamo misurare le nostre stesse possibilit\u00e1, facciamo che sia\u00a0 indimenticabile e convertiamola in una grande festa, per\u00f3 sopratutto pensa che il cameratismo in mare fa si che questo si possa effettuare, chi lo sa, chiss\u00e1 che\u00a0 che eviti che venga sospesa.<\/p>\n<p>[\/et_pb_text][\/et_pb_column][\/et_pb_row][\/et_pb_section]<\/p>\n","protected":false},"excerpt":{"rendered":"<p>PER NOUTATORI CHE FANNO\u00a0 LA TRAVERSATA PER LA PRIMA VOLTA INFORMAZIONI \u2013 NUOTATORI PRINCIPIANTI In questa serie di punti seguenti cercher\u00f3 di descrivere e rispondere alle domande di alcuni nuotatori che vanno ad affrontare la traversata per la prima volta, domande che ci hanno fatto in alcune ocasi\u00f3ne Una traversata in mare aperto, \u00e8 una [&hellip;]<\/p>\n","protected":false},"author":1,"featured_media":0,"parent":0,"menu_order":0,"comment_status":"closed","ping_status":"closed","template":"","meta":{"_et_pb_use_builder":"on","_et_pb_old_content":"","_et_gb_content_width":"","footnotes":""},"class_list":["post-25530","page","type-page","status-publish","hentry"],"yoast_head":"<!-- This site is optimized with the Yoast SEO plugin v27.6 - https:\/\/yoast.com\/product\/yoast-seo-wordpress\/ -->\n<title>INFORMAZIONI NUOTATORI PRINCIPIANTI - Traves\u00eda a Nado Tabarca Santa Pola (Alicante - Espa\u00f1a)<\/title>\n<meta name=\"robots\" content=\"index, follow, max-snippet:-1, max-image-preview:large, max-video-preview:-1\" \/>\n<link rel=\"canonical\" href=\"https:\/\/www.travesiatabarcasantapola.com\/it\/informazioni-nuotatori-principiati\/\" \/>\n<meta property=\"og:locale\" content=\"it_IT\" \/>\n<meta property=\"og:type\" content=\"article\" \/>\n<meta property=\"og:title\" content=\"INFORMAZIONI NUOTATORI PRINCIPIANTI - Traves\u00eda a Nado Tabarca Santa Pola (Alicante - Espa\u00f1a)\" \/>\n<meta property=\"og:description\" content=\"PER NOUTATORI CHE FANNO\u00a0 LA TRAVERSATA PER LA PRIMA VOLTA INFORMAZIONI \u2013 NUOTATORI PRINCIPIANTI In questa serie di punti seguenti cercher\u00f3 di descrivere e rispondere alle domande di alcuni nuotatori che vanno ad affrontare la traversata per la prima volta, domande che ci hanno fatto in alcune ocasi\u00f3ne Una traversata in mare aperto, \u00e8 una [&hellip;]\" \/>\n<meta property=\"og:url\" content=\"https:\/\/www.travesiatabarcasantapola.com\/it\/informazioni-nuotatori-principiati\/\" \/>\n<meta property=\"og:site_name\" content=\"Traves\u00eda a Nado Tabarca Santa Pola (Alicante - Espa\u00f1a)\" \/>\n<meta property=\"article:publisher\" content=\"https:\/\/www.facebook.com\/Travesiaanado\/?fref=ts\" \/>\n<meta property=\"article:modified_time\" content=\"2022-04-01T20:14:15+00:00\" \/>\n<meta name=\"twitter:card\" content=\"summary_large_image\" \/>\n<meta name=\"twitter:site\" content=\"@travesiaanado\" \/>\n<meta name=\"twitter:label1\" content=\"Est. reading time\" \/>\n\t<meta name=\"twitter:data1\" content=\"6 minutes\" \/>\n<script type=\"application\/ld+json\" class=\"yoast-schema-graph\">{\"@context\":\"https:\\\/\\\/schema.org\",\"@graph\":[{\"@type\":\"WebPage\",\"@id\":\"https:\\\/\\\/www.travesiatabarcasantapola.com\\\/it\\\/informazioni-nuotatori-principiati\\\/\",\"url\":\"https:\\\/\\\/www.travesiatabarcasantapola.com\\\/it\\\/informazioni-nuotatori-principiati\\\/\",\"name\":\"INFORMAZIONI NUOTATORI PRINCIPIANTI - Traves\u00eda a Nado Tabarca Santa Pola (Alicante - Espa\u00f1a)\",\"isPartOf\":{\"@id\":\"https:\\\/\\\/www.travesiatabarcasantapola.com\\\/#website\"},\"datePublished\":\"2017-02-07T10:20:10+00:00\",\"dateModified\":\"2022-04-01T20:14:15+00:00\",\"breadcrumb\":{\"@id\":\"https:\\\/\\\/www.travesiatabarcasantapola.com\\\/it\\\/informazioni-nuotatori-principiati\\\/#breadcrumb\"},\"inLanguage\":\"it-IT\",\"potentialAction\":[{\"@type\":\"ReadAction\",\"target\":[\"https:\\\/\\\/www.travesiatabarcasantapola.com\\\/it\\\/informazioni-nuotatori-principiati\\\/\"]}]},{\"@type\":\"BreadcrumbList\",\"@id\":\"https:\\\/\\\/www.travesiatabarcasantapola.com\\\/it\\\/informazioni-nuotatori-principiati\\\/#breadcrumb\",\"itemListElement\":[{\"@type\":\"ListItem\",\"position\":1,\"name\":\"Portada\",\"item\":\"https:\\\/\\\/www.travesiatabarcasantapola.com\\\/it\\\/\"},{\"@type\":\"ListItem\",\"position\":2,\"name\":\"INFORMAZIONI NUOTATORI PRINCIPIANTI\"}]},{\"@type\":\"WebSite\",\"@id\":\"https:\\\/\\\/www.travesiatabarcasantapola.com\\\/#website\",\"url\":\"https:\\\/\\\/www.travesiatabarcasantapola.com\\\/\",\"name\":\"Traves\u00eda a Nado Tabarca Santa Pola (Alicante - Espa\u00f1a)\",\"description\":\"La mejor traves\u00eda a nado en aguas abiertas de Espa\u00f1a\",\"potentialAction\":[{\"@type\":\"SearchAction\",\"target\":{\"@type\":\"EntryPoint\",\"urlTemplate\":\"https:\\\/\\\/www.travesiatabarcasantapola.com\\\/?s={search_term_string}\"},\"query-input\":{\"@type\":\"PropertyValueSpecification\",\"valueRequired\":true,\"valueName\":\"search_term_string\"}}],\"inLanguage\":\"it-IT\"}]}<\/script>\n<!-- \/ Yoast SEO plugin. -->","yoast_head_json":{"title":"INFORMAZIONI NUOTATORI PRINCIPIANTI - Traves\u00eda a Nado Tabarca Santa Pola (Alicante - Espa\u00f1a)","robots":{"index":"index","follow":"follow","max-snippet":"max-snippet:-1","max-image-preview":"max-image-preview:large","max-video-preview":"max-video-preview:-1"},"canonical":"https:\/\/www.travesiatabarcasantapola.com\/it\/informazioni-nuotatori-principiati\/","og_locale":"it_IT","og_type":"article","og_title":"INFORMAZIONI NUOTATORI PRINCIPIANTI - Traves\u00eda a Nado Tabarca Santa Pola (Alicante - Espa\u00f1a)","og_description":"PER NOUTATORI CHE FANNO\u00a0 LA TRAVERSATA PER LA PRIMA VOLTA INFORMAZIONI \u2013 NUOTATORI PRINCIPIANTI In questa serie di punti seguenti cercher\u00f3 di descrivere e rispondere alle domande di alcuni nuotatori che vanno ad affrontare la traversata per la prima volta, domande che ci hanno fatto in alcune ocasi\u00f3ne Una traversata in mare aperto, \u00e8 una [&hellip;]","og_url":"https:\/\/www.travesiatabarcasantapola.com\/it\/informazioni-nuotatori-principiati\/","og_site_name":"Traves\u00eda a Nado Tabarca Santa Pola (Alicante - Espa\u00f1a)","article_publisher":"https:\/\/www.facebook.com\/Travesiaanado\/?fref=ts","article_modified_time":"2022-04-01T20:14:15+00:00","twitter_card":"summary_large_image","twitter_site":"@travesiaanado","twitter_misc":{"Est. reading time":"6 minutes"},"schema":{"@context":"https:\/\/schema.org","@graph":[{"@type":"WebPage","@id":"https:\/\/www.travesiatabarcasantapola.com\/it\/informazioni-nuotatori-principiati\/","url":"https:\/\/www.travesiatabarcasantapola.com\/it\/informazioni-nuotatori-principiati\/","name":"INFORMAZIONI NUOTATORI PRINCIPIANTI - Traves\u00eda a Nado Tabarca Santa Pola (Alicante - Espa\u00f1a)","isPartOf":{"@id":"https:\/\/www.travesiatabarcasantapola.com\/#website"},"datePublished":"2017-02-07T10:20:10+00:00","dateModified":"2022-04-01T20:14:15+00:00","breadcrumb":{"@id":"https:\/\/www.travesiatabarcasantapola.com\/it\/informazioni-nuotatori-principiati\/#breadcrumb"},"inLanguage":"it-IT","potentialAction":[{"@type":"ReadAction","target":["https:\/\/www.travesiatabarcasantapola.com\/it\/informazioni-nuotatori-principiati\/"]}]},{"@type":"BreadcrumbList","@id":"https:\/\/www.travesiatabarcasantapola.com\/it\/informazioni-nuotatori-principiati\/#breadcrumb","itemListElement":[{"@type":"ListItem","position":1,"name":"Portada","item":"https:\/\/www.travesiatabarcasantapola.com\/it\/"},{"@type":"ListItem","position":2,"name":"INFORMAZIONI NUOTATORI PRINCIPIANTI"}]},{"@type":"WebSite","@id":"https:\/\/www.travesiatabarcasantapola.com\/#website","url":"https:\/\/www.travesiatabarcasantapola.com\/","name":"Traves\u00eda a Nado Tabarca Santa Pola (Alicante - Espa\u00f1a)","description":"La mejor traves\u00eda a nado en aguas abiertas de Espa\u00f1a","potentialAction":[{"@type":"SearchAction","target":{"@type":"EntryPoint","urlTemplate":"https:\/\/www.travesiatabarcasantapola.com\/?s={search_term_string}"},"query-input":{"@type":"PropertyValueSpecification","valueRequired":true,"valueName":"search_term_string"}}],"inLanguage":"it-IT"}]}},"_links":{"self":[{"href":"https:\/\/www.travesiatabarcasantapola.com\/it\/wp-json\/wp\/v2\/pages\/25530","targetHints":{"allow":["GET"]}}],"collection":[{"href":"https:\/\/www.travesiatabarcasantapola.com\/it\/wp-json\/wp\/v2\/pages"}],"about":[{"href":"https:\/\/www.travesiatabarcasantapola.com\/it\/wp-json\/wp\/v2\/types\/page"}],"author":[{"embeddable":true,"href":"https:\/\/www.travesiatabarcasantapola.com\/it\/wp-json\/wp\/v2\/users\/1"}],"replies":[{"embeddable":true,"href":"https:\/\/www.travesiatabarcasantapola.com\/it\/wp-json\/wp\/v2\/comments?post=25530"}],"version-history":[{"count":5,"href":"https:\/\/www.travesiatabarcasantapola.com\/it\/wp-json\/wp\/v2\/pages\/25530\/revisions"}],"predecessor-version":[{"id":28541,"href":"https:\/\/www.travesiatabarcasantapola.com\/it\/wp-json\/wp\/v2\/pages\/25530\/revisions\/28541"}],"wp:attachment":[{"href":"https:\/\/www.travesiatabarcasantapola.com\/it\/wp-json\/wp\/v2\/media?parent=25530"}],"curies":[{"name":"wp","href":"https:\/\/api.w.org\/{rel}","templated":true}]}}