{"id":26055,"date":"2017-04-12T07:32:54","date_gmt":"2017-04-12T06:32:54","guid":{"rendered":"http:\/\/www.travesiatabarcasantapola.com\/plan-entrenamiento-travesia-nado\/"},"modified":"2025-01-29T18:55:59","modified_gmt":"2025-01-29T17:55:59","slug":"plan-entrenamiento-travesia-nado","status":"publish","type":"page","link":"https:\/\/www.travesiatabarcasantapola.com\/it\/plan-entrenamiento-travesia-nado\/","title":{"rendered":"PIANI DI ALLENAMENTO"},"content":{"rendered":"<p>[et_pb_section fb_built=&#8221;1&#8243; admin_label=&#8221;section&#8221; _builder_version=&#8221;4.16&#8243; global_colors_info=&#8221;{}&#8221;][et_pb_row admin_label=&#8221;row&#8221; _builder_version=&#8221;4.16&#8243; background_size=&#8221;initial&#8221; background_position=&#8221;top_left&#8221; background_repeat=&#8221;repeat&#8221; custom_padding=&#8221;0px||0px|&#8221; make_fullwidth=&#8221;off&#8221; use_custom_width=&#8221;off&#8221; width_unit=&#8221;on&#8221; global_colors_info=&#8221;{}&#8221;][et_pb_column type=&#8221;4_4&#8243; _builder_version=&#8221;4.16&#8243; custom_padding=&#8221;|||&#8221; global_colors_info=&#8221;{}&#8221; custom_padding__hover=&#8221;|||&#8221;][et_pb_text admin_label=&#8221;Subtitulo&#8221; _builder_version=&#8221;4.16&#8243; text_font=&#8221;Source Sans Pro Light||||&#8221; text_text_color=&#8221;#09688b&#8221; text_font_size=&#8221;25&#8243; text_line_height=&#8221;1em&#8221; background_size=&#8221;initial&#8221; background_position=&#8221;top_left&#8221; background_repeat=&#8221;repeat&#8221; custom_margin=&#8221;||0px|&#8221; custom_padding=&#8221;||0px|&#8221; use_border_color=&#8221;off&#8221; global_colors_info=&#8221;{}&#8221;]PREPARATI BENE PER NUOTARE<br \/>\n[\/et_pb_text][et_pb_text admin_label=&#8221;TITULO&#8221; _builder_version=&#8221;4.16&#8243; text_font=&#8221;Source Sans Pro Light|on||on|&#8221; text_text_color=&#8221;#09688b&#8221; text_font_size=&#8221;50&#8243; text_line_height=&#8221;1em&#8221; background_size=&#8221;initial&#8221; background_position=&#8221;top_left&#8221; background_repeat=&#8221;repeat&#8221; custom_margin=&#8221;0px||30px|&#8221; custom_padding=&#8221;0px|||&#8221; use_border_color=&#8221;off&#8221; global_colors_info=&#8221;{}&#8221;]PIANI DI ALLENAMENTO<br \/>\n[\/et_pb_text][et_pb_divider disabled_on=&#8221;on|on|off&#8221; _builder_version=&#8221;4.16&#8243; height=&#8221;50px&#8221; custom_css_main_element=&#8221;width: 20%;&#8221; hide_on_mobile=&#8221;on&#8221; global_colors_info=&#8221;{}&#8221;][\/et_pb_divider][\/et_pb_column][\/et_pb_row][et_pb_row admin_label=&#8221;row&#8221; _builder_version=&#8221;4.16&#8243; background_size=&#8221;initial&#8221; background_position=&#8221;top_left&#8221; background_repeat=&#8221;repeat&#8221; custom_padding=&#8221;0px|||&#8221; make_fullwidth=&#8221;off&#8221; use_custom_width=&#8221;off&#8221; width_unit=&#8221;on&#8221; global_colors_info=&#8221;{}&#8221;][et_pb_column type=&#8221;4_4&#8243; _builder_version=&#8221;4.16&#8243; custom_padding=&#8221;|||&#8221; global_colors_info=&#8221;{}&#8221; custom_padding__hover=&#8221;|||&#8221;][et_pb_text admin_label=&#8221;Texto Informacion General&#8221; module_class=&#8221;reglamento&#8221; _builder_version=&#8221;4.16&#8243; background_size=&#8221;initial&#8221; background_position=&#8221;top_left&#8221; background_repeat=&#8221;repeat&#8221; use_border_color=&#8221;off&#8221; global_colors_info=&#8221;{}&#8221;]Hai deciso di partecipare alla Traversata Tabarca &#8211; Santa Pola, \u00e8 una grande sfida che sicuramente non ti lascer\u00e0 indifferente. Ma come ogni evento sportivo devi avere una preparazione preliminare. A seconda del tuo livello fisico, del tuo tempo per allenarti &#8230; qui ti mostriamo due piani di allenamento. Ricordati di prenderti cura della tua dieta e non dimenticare di riposare.<\/p>\n<p>Ci vediamo in acqua!<br \/>\n[\/et_pb_text][\/et_pb_column][\/et_pb_row][et_pb_row module_class=&#8221;border-hover&#8221; _builder_version=&#8221;4.16&#8243; background_size=&#8221;initial&#8221; background_position=&#8221;top_left&#8221; background_repeat=&#8221;repeat&#8221; custom_padding=&#8221;0px||0px|&#8221; make_fullwidth=&#8221;off&#8221; use_custom_width=&#8221;off&#8221; width_unit=&#8221;on&#8221; global_colors_info=&#8221;{}&#8221; column_structure=&#8221;1_2,1_2&#8243;][et_pb_column type=&#8221;1_2&#8243; _builder_version=&#8221;4.16&#8243; custom_padding=&#8221;|||&#8221; global_colors_info=&#8221;{}&#8221; custom_padding__hover=&#8221;|||&#8221;][et_pb_image src=&#8221;https:\/\/www.travesiatabarcasantapola.com\/wp-content\/uploads\/2017\/04\/img_plan_entrenamiento_basico_travesia_nado_tabarca_santa_pola.jpg&#8221; alt=&#8221;Plan Entrenamiento B\u00e1sico Tabarca Traves\u00eda a Nado Tabarca Santa Pola&#8221; title_text=&#8221;Plan Entrenamiento B\u00e1sico Tabarca Traves\u00eda a Nado Tabarca Santa Pola&#8221; url=&#8221;@ET-DC@eyJkeW5hbWljIjp0cnVlLCJjb250ZW50IjoicG9zdF9saW5rX3VybF9hdHRhY2htZW50Iiwic2V0dGluZ3MiOnsicG9zdF9pZCI6IjMwNDQwIn19@&#8221; url_new_window=&#8221;on&#8221; show_bottom_space=&#8221;off&#8221; force_fullwidth=&#8221;on&#8221; align_tablet=&#8221;center&#8221; align_last_edited=&#8221;on|desktop&#8221; _builder_version=&#8221;4.27.4&#8243; animation_style=&#8221;slide&#8221; animation_direction=&#8221;left&#8221; animation_duration=&#8221;500ms&#8221; animation_intensity_slide=&#8221;10%&#8221; hover_enabled=&#8221;0&#8243; use_border_color=&#8221;off&#8221; border_color=&#8221;#ffffff&#8221; border_style=&#8221;solid&#8221; animation=&#8221;left&#8221; sticky=&#8221;on&#8221; always_center_on_mobile=&#8221;on&#8221; global_colors_info=&#8221;{}&#8221; _dynamic_attributes=&#8221;url&#8221; sticky_enabled=&#8221;0&#8243; align_phone=&#8221;center&#8221;][\/et_pb_image][et_pb_cta title=&#8221;Allenamento di basso livello&#8221; button_url=&#8221;@ET-DC@eyJkeW5hbWljIjp0cnVlLCJjb250ZW50IjoicG9zdF9saW5rX3VybF9hdHRhY2htZW50Iiwic2V0dGluZ3MiOnsicG9zdF9pZCI6IjMwNDQwIn19@&#8221; url_new_window=&#8221;on&#8221; button_text=&#8221;Texto Bot\u00f3n&#8221; _builder_version=&#8221;4.27.4&#8243; header_font=&#8221;Source Sans Pro Light|on|||&#8221; body_font=&#8221;Source Sans Pro Light|on||on|&#8221; body_text_color=&#8221;#ffffff&#8221; use_background_color=&#8221;off&#8221; background_size=&#8221;initial&#8221; background_position=&#8221;top_left&#8221; background_repeat=&#8221;repeat&#8221; hover_enabled=&#8221;0&#8243; use_border_color=&#8221;off&#8221; global_colors_info=&#8221;{}&#8221; button_text_size__hover_enabled=&#8221;off&#8221; button_one_text_size__hover_enabled=&#8221;off&#8221; button_two_text_size__hover_enabled=&#8221;off&#8221; button_text_color__hover_enabled=&#8221;off&#8221; button_one_text_color__hover_enabled=&#8221;off&#8221; button_two_text_color__hover_enabled=&#8221;off&#8221; button_border_width__hover_enabled=&#8221;off&#8221; button_one_border_width__hover_enabled=&#8221;off&#8221; button_two_border_width__hover_enabled=&#8221;off&#8221; button_border_color__hover_enabled=&#8221;off&#8221; button_one_border_color__hover_enabled=&#8221;off&#8221; button_two_border_color__hover_enabled=&#8221;off&#8221; button_border_radius__hover_enabled=&#8221;off&#8221; button_one_border_radius__hover_enabled=&#8221;off&#8221; button_two_border_radius__hover_enabled=&#8221;off&#8221; button_letter_spacing__hover_enabled=&#8221;off&#8221; button_one_letter_spacing__hover_enabled=&#8221;off&#8221; button_two_letter_spacing__hover_enabled=&#8221;off&#8221; button_bg_color__hover_enabled=&#8221;off&#8221; button_one_bg_color__hover_enabled=&#8221;off&#8221; button_two_bg_color__hover_enabled=&#8221;off&#8221; _dynamic_attributes=&#8221;button_url&#8221; sticky_enabled=&#8221;0&#8243;][\/et_pb_cta][\/et_pb_column][et_pb_column type=&#8221;1_2&#8243; _builder_version=&#8221;4.16&#8243; custom_padding=&#8221;|||&#8221; global_colors_info=&#8221;{}&#8221; custom_padding__hover=&#8221;|||&#8221;][et_pb_image src=&#8221;https:\/\/www.travesiatabarcasantapola.com\/wp-content\/uploads\/2017\/04\/img_plan_entrenamiento_avanzado_travesia_nado_tabarca_santa_pola.jpg&#8221; alt=&#8221;Plan Entrenamiento B\u00e1sico Tabarca Traves\u00eda a Nado Tabarca Santa Pola&#8221; title_text=&#8221;Plan Entrenamiento B\u00e1sico Tabarca Traves\u00eda a Nado Tabarca Santa Pola&#8221; url=&#8221;@ET-DC@eyJkeW5hbWljIjp0cnVlLCJjb250ZW50IjoicG9zdF9saW5rX3VybF9hdHRhY2htZW50Iiwic2V0dGluZ3MiOnsicG9zdF9pZCI6IjMwNDQ1In19@&#8221; url_new_window=&#8221;on&#8221; show_bottom_space=&#8221;off&#8221; force_fullwidth=&#8221;on&#8221; align_tablet=&#8221;center&#8221; align_last_edited=&#8221;on|desktop&#8221; _builder_version=&#8221;4.27.4&#8243; animation_style=&#8221;slide&#8221; animation_direction=&#8221;left&#8221; animation_duration=&#8221;500ms&#8221; animation_intensity_slide=&#8221;10%&#8221; hover_enabled=&#8221;0&#8243; use_border_color=&#8221;off&#8221; border_color=&#8221;#ffffff&#8221; border_style=&#8221;solid&#8221; animation=&#8221;left&#8221; sticky=&#8221;on&#8221; always_center_on_mobile=&#8221;on&#8221; global_colors_info=&#8221;{}&#8221; _dynamic_attributes=&#8221;url&#8221; sticky_enabled=&#8221;0&#8243; align_phone=&#8221;center&#8221;][\/et_pb_image][et_pb_cta title=&#8221;Allenamento superiore&#8221; button_url=&#8221;@ET-DC@eyJkeW5hbWljIjp0cnVlLCJjb250ZW50IjoicG9zdF9saW5rX3VybF9hdHRhY2htZW50Iiwic2V0dGluZ3MiOnsicG9zdF9pZCI6IjMwNDQ1In19@&#8221; url_new_window=&#8221;on&#8221; button_text=&#8221;Texto Bot\u00f3n&#8221; _builder_version=&#8221;4.27.4&#8243; header_font=&#8221;Source Sans Pro Light|on|||&#8221; body_font=&#8221;Source Sans Pro Light|on||on|&#8221; body_text_color=&#8221;#ffffff&#8221; use_background_color=&#8221;off&#8221; background_size=&#8221;initial&#8221; background_position=&#8221;top_left&#8221; background_repeat=&#8221;repeat&#8221; hover_enabled=&#8221;0&#8243; use_border_color=&#8221;off&#8221; global_colors_info=&#8221;{}&#8221; button_text_size__hover_enabled=&#8221;off&#8221; button_one_text_size__hover_enabled=&#8221;off&#8221; button_two_text_size__hover_enabled=&#8221;off&#8221; button_text_color__hover_enabled=&#8221;off&#8221; button_one_text_color__hover_enabled=&#8221;off&#8221; button_two_text_color__hover_enabled=&#8221;off&#8221; button_border_width__hover_enabled=&#8221;off&#8221; button_one_border_width__hover_enabled=&#8221;off&#8221; button_two_border_width__hover_enabled=&#8221;off&#8221; button_border_color__hover_enabled=&#8221;off&#8221; button_one_border_color__hover_enabled=&#8221;off&#8221; button_two_border_color__hover_enabled=&#8221;off&#8221; button_border_radius__hover_enabled=&#8221;off&#8221; button_one_border_radius__hover_enabled=&#8221;off&#8221; button_two_border_radius__hover_enabled=&#8221;off&#8221; button_letter_spacing__hover_enabled=&#8221;off&#8221; button_one_letter_spacing__hover_enabled=&#8221;off&#8221; button_two_letter_spacing__hover_enabled=&#8221;off&#8221; button_bg_color__hover_enabled=&#8221;off&#8221; button_one_bg_color__hover_enabled=&#8221;off&#8221; button_two_bg_color__hover_enabled=&#8221;off&#8221; _dynamic_attributes=&#8221;button_url&#8221; sticky_enabled=&#8221;0&#8243;][\/et_pb_cta][\/et_pb_column][\/et_pb_row][\/et_pb_section]<\/p>\n","protected":false},"excerpt":{"rendered":"<p>PREPARATI BENE PER NUOTARE PIANI DI ALLENAMENTO Hai deciso di partecipare alla Traversata Tabarca &#8211; Santa Pola, \u00e8 una grande sfida che sicuramente non ti lascer\u00e0 indifferente. Ma come ogni evento sportivo devi avere una preparazione preliminare. A seconda del tuo livello fisico, del tuo tempo per allenarti &#8230; qui ti mostriamo due piani di [&hellip;]<\/p>\n","protected":false},"author":1,"featured_media":0,"parent":0,"menu_order":0,"comment_status":"closed","ping_status":"closed","template":"","meta":{"_et_pb_use_builder":"on","_et_pb_old_content":"","_et_gb_content_width":"","footnotes":""},"class_list":["post-26055","page","type-page","status-publish","hentry"],"yoast_head":"<!-- This site is optimized with the Yoast SEO plugin v27.6 - https:\/\/yoast.com\/product\/yoast-seo-wordpress\/ -->\n<title>PIANI DI ALLENAMENTO - Traves\u00eda a Nado Tabarca Santa Pola (Alicante - Espa\u00f1a)<\/title>\n<meta name=\"robots\" content=\"index, follow, max-snippet:-1, max-image-preview:large, max-video-preview:-1\" \/>\n<link rel=\"canonical\" href=\"https:\/\/www.travesiatabarcasantapola.com\/it\/plan-entrenamiento-travesia-nado\/\" \/>\n<meta property=\"og:locale\" content=\"it_IT\" \/>\n<meta property=\"og:type\" content=\"article\" \/>\n<meta property=\"og:title\" content=\"PIANI DI ALLENAMENTO - Traves\u00eda a Nado Tabarca Santa Pola (Alicante - Espa\u00f1a)\" \/>\n<meta property=\"og:description\" content=\"PREPARATI BENE PER NUOTARE PIANI DI ALLENAMENTO Hai deciso di partecipare alla Traversata Tabarca - Santa Pola, \u00e8 una grande sfida che sicuramente non ti lascer\u00e0 indifferente. Ma come ogni evento sportivo devi avere una preparazione preliminare. A seconda del tuo livello fisico, del tuo tempo per allenarti ... qui ti mostriamo due piani di [&hellip;]\" \/>\n<meta property=\"og:url\" content=\"https:\/\/www.travesiatabarcasantapola.com\/it\/plan-entrenamiento-travesia-nado\/\" \/>\n<meta property=\"og:site_name\" content=\"Traves\u00eda a Nado Tabarca Santa Pola (Alicante - Espa\u00f1a)\" \/>\n<meta property=\"article:publisher\" content=\"https:\/\/www.facebook.com\/Travesiaanado\/?fref=ts\" \/>\n<meta property=\"article:modified_time\" content=\"2025-01-29T17:55:59+00:00\" \/>\n<meta name=\"twitter:card\" content=\"summary_large_image\" \/>\n<meta name=\"twitter:site\" content=\"@travesiaanado\" \/>\n<meta name=\"twitter:label1\" content=\"Est. reading time\" \/>\n\t<meta name=\"twitter:data1\" content=\"6 minutes\" \/>\n<script type=\"application\/ld+json\" class=\"yoast-schema-graph\">{\"@context\":\"https:\\\/\\\/schema.org\",\"@graph\":[{\"@type\":\"WebPage\",\"@id\":\"https:\\\/\\\/www.travesiatabarcasantapola.com\\\/it\\\/plan-entrenamiento-travesia-nado\\\/\",\"url\":\"https:\\\/\\\/www.travesiatabarcasantapola.com\\\/it\\\/plan-entrenamiento-travesia-nado\\\/\",\"name\":\"PIANI DI ALLENAMENTO - Traves\u00eda a Nado Tabarca Santa Pola (Alicante - Espa\u00f1a)\",\"isPartOf\":{\"@id\":\"https:\\\/\\\/www.travesiatabarcasantapola.com\\\/#website\"},\"datePublished\":\"2017-04-12T06:32:54+00:00\",\"dateModified\":\"2025-01-29T17:55:59+00:00\",\"breadcrumb\":{\"@id\":\"https:\\\/\\\/www.travesiatabarcasantapola.com\\\/it\\\/plan-entrenamiento-travesia-nado\\\/#breadcrumb\"},\"inLanguage\":\"it-IT\",\"potentialAction\":[{\"@type\":\"ReadAction\",\"target\":[\"https:\\\/\\\/www.travesiatabarcasantapola.com\\\/it\\\/plan-entrenamiento-travesia-nado\\\/\"]}]},{\"@type\":\"BreadcrumbList\",\"@id\":\"https:\\\/\\\/www.travesiatabarcasantapola.com\\\/it\\\/plan-entrenamiento-travesia-nado\\\/#breadcrumb\",\"itemListElement\":[{\"@type\":\"ListItem\",\"position\":1,\"name\":\"Portada\",\"item\":\"https:\\\/\\\/www.travesiatabarcasantapola.com\\\/it\\\/\"},{\"@type\":\"ListItem\",\"position\":2,\"name\":\"PIANI DI ALLENAMENTO\"}]},{\"@type\":\"WebSite\",\"@id\":\"https:\\\/\\\/www.travesiatabarcasantapola.com\\\/#website\",\"url\":\"https:\\\/\\\/www.travesiatabarcasantapola.com\\\/\",\"name\":\"Traves\u00eda a Nado Tabarca Santa Pola (Alicante - Espa\u00f1a)\",\"description\":\"La mejor traves\u00eda a nado en aguas abiertas de Espa\u00f1a\",\"potentialAction\":[{\"@type\":\"SearchAction\",\"target\":{\"@type\":\"EntryPoint\",\"urlTemplate\":\"https:\\\/\\\/www.travesiatabarcasantapola.com\\\/?s={search_term_string}\"},\"query-input\":{\"@type\":\"PropertyValueSpecification\",\"valueRequired\":true,\"valueName\":\"search_term_string\"}}],\"inLanguage\":\"it-IT\"}]}<\/script>\n<!-- \/ Yoast SEO plugin. -->","yoast_head_json":{"title":"PIANI DI ALLENAMENTO - Traves\u00eda a Nado Tabarca Santa Pola (Alicante - Espa\u00f1a)","robots":{"index":"index","follow":"follow","max-snippet":"max-snippet:-1","max-image-preview":"max-image-preview:large","max-video-preview":"max-video-preview:-1"},"canonical":"https:\/\/www.travesiatabarcasantapola.com\/it\/plan-entrenamiento-travesia-nado\/","og_locale":"it_IT","og_type":"article","og_title":"PIANI DI ALLENAMENTO - Traves\u00eda a Nado Tabarca Santa Pola (Alicante - Espa\u00f1a)","og_description":"PREPARATI BENE PER NUOTARE PIANI DI ALLENAMENTO Hai deciso di partecipare alla Traversata Tabarca - Santa Pola, \u00e8 una grande sfida che sicuramente non ti lascer\u00e0 indifferente. Ma come ogni evento sportivo devi avere una preparazione preliminare. A seconda del tuo livello fisico, del tuo tempo per allenarti ... qui ti mostriamo due piani di [&hellip;]","og_url":"https:\/\/www.travesiatabarcasantapola.com\/it\/plan-entrenamiento-travesia-nado\/","og_site_name":"Traves\u00eda a Nado Tabarca Santa Pola (Alicante - Espa\u00f1a)","article_publisher":"https:\/\/www.facebook.com\/Travesiaanado\/?fref=ts","article_modified_time":"2025-01-29T17:55:59+00:00","twitter_card":"summary_large_image","twitter_site":"@travesiaanado","twitter_misc":{"Est. reading time":"6 minutes"},"schema":{"@context":"https:\/\/schema.org","@graph":[{"@type":"WebPage","@id":"https:\/\/www.travesiatabarcasantapola.com\/it\/plan-entrenamiento-travesia-nado\/","url":"https:\/\/www.travesiatabarcasantapola.com\/it\/plan-entrenamiento-travesia-nado\/","name":"PIANI DI ALLENAMENTO - Traves\u00eda a Nado Tabarca Santa Pola (Alicante - Espa\u00f1a)","isPartOf":{"@id":"https:\/\/www.travesiatabarcasantapola.com\/#website"},"datePublished":"2017-04-12T06:32:54+00:00","dateModified":"2025-01-29T17:55:59+00:00","breadcrumb":{"@id":"https:\/\/www.travesiatabarcasantapola.com\/it\/plan-entrenamiento-travesia-nado\/#breadcrumb"},"inLanguage":"it-IT","potentialAction":[{"@type":"ReadAction","target":["https:\/\/www.travesiatabarcasantapola.com\/it\/plan-entrenamiento-travesia-nado\/"]}]},{"@type":"BreadcrumbList","@id":"https:\/\/www.travesiatabarcasantapola.com\/it\/plan-entrenamiento-travesia-nado\/#breadcrumb","itemListElement":[{"@type":"ListItem","position":1,"name":"Portada","item":"https:\/\/www.travesiatabarcasantapola.com\/it\/"},{"@type":"ListItem","position":2,"name":"PIANI DI ALLENAMENTO"}]},{"@type":"WebSite","@id":"https:\/\/www.travesiatabarcasantapola.com\/#website","url":"https:\/\/www.travesiatabarcasantapola.com\/","name":"Traves\u00eda a Nado Tabarca Santa Pola (Alicante - Espa\u00f1a)","description":"La mejor traves\u00eda a nado en aguas abiertas de Espa\u00f1a","potentialAction":[{"@type":"SearchAction","target":{"@type":"EntryPoint","urlTemplate":"https:\/\/www.travesiatabarcasantapola.com\/?s={search_term_string}"},"query-input":{"@type":"PropertyValueSpecification","valueRequired":true,"valueName":"search_term_string"}}],"inLanguage":"it-IT"}]}},"_links":{"self":[{"href":"https:\/\/www.travesiatabarcasantapola.com\/it\/wp-json\/wp\/v2\/pages\/26055","targetHints":{"allow":["GET"]}}],"collection":[{"href":"https:\/\/www.travesiatabarcasantapola.com\/it\/wp-json\/wp\/v2\/pages"}],"about":[{"href":"https:\/\/www.travesiatabarcasantapola.com\/it\/wp-json\/wp\/v2\/types\/page"}],"author":[{"embeddable":true,"href":"https:\/\/www.travesiatabarcasantapola.com\/it\/wp-json\/wp\/v2\/users\/1"}],"replies":[{"embeddable":true,"href":"https:\/\/www.travesiatabarcasantapola.com\/it\/wp-json\/wp\/v2\/comments?post=26055"}],"version-history":[{"count":3,"href":"https:\/\/www.travesiatabarcasantapola.com\/it\/wp-json\/wp\/v2\/pages\/26055\/revisions"}],"predecessor-version":[{"id":30464,"href":"https:\/\/www.travesiatabarcasantapola.com\/it\/wp-json\/wp\/v2\/pages\/26055\/revisions\/30464"}],"wp:attachment":[{"href":"https:\/\/www.travesiatabarcasantapola.com\/it\/wp-json\/wp\/v2\/media?parent=26055"}],"curies":[{"name":"wp","href":"https:\/\/api.w.org\/{rel}","templated":true}]}}