{"id":26915,"date":"2018-11-08T16:08:59","date_gmt":"2018-11-08T15:08:59","guid":{"rendered":"http:\/\/www.travesiatabarcasantapola.com\/relatos\/origen-logo-club-alone\/"},"modified":"2018-11-08T16:08:59","modified_gmt":"2018-11-08T15:08:59","slug":"origen-logo-club-alone","status":"publish","type":"page","link":"https:\/\/www.travesiatabarcasantapola.com\/it\/aneddoti\/origen-logo-club-alone\/","title":{"rendered":"Origen logotipo Club Nataci\u00f3n Alone"},"content":{"rendered":"<p>[et_pb_section bb_built=&#8221;1&#8243; admin_label=&#8221;section&#8221; transparent_background=&#8221;off&#8221; allow_player_pause=&#8221;off&#8221; inner_shadow=&#8221;off&#8221; parallax=&#8221;off&#8221; parallax_method=&#8221;on&#8221; make_fullwidth=&#8221;off&#8221; use_custom_width=&#8221;off&#8221; width_unit=&#8221;on&#8221; make_equal=&#8221;off&#8221; use_custom_gutter=&#8221;off&#8221; custom_padding=&#8221;||0px|&#8221; prev_background_color=&#8221;#000000&#8243; next_background_color=&#8221;#000000&#8243;][et_pb_row admin_label=&#8221;row&#8221; make_fullwidth=&#8221;off&#8221; use_custom_width=&#8221;off&#8221; width_unit=&#8221;on&#8221; use_custom_gutter=&#8221;off&#8221; custom_padding=&#8221;||0px|&#8221; allow_player_pause=&#8221;off&#8221; parallax=&#8221;off&#8221; parallax_method=&#8221;on&#8221; make_equal=&#8221;off&#8221; parallax_1=&#8221;off&#8221; parallax_method_1=&#8221;off&#8221; background_position=&#8221;top_left&#8221; background_repeat=&#8221;repeat&#8221; background_size=&#8221;initial&#8221;][et_pb_column type=&#8221;4_4&#8243;][et_pb_text admin_label=&#8221;Subtitulo&#8221; text_font=&#8221;Source Sans Pro Light||||&#8221; text_font_size=&#8221;25&#8243; text_text_color=&#8221;#09688b&#8221; text_line_height=&#8221;1em&#8221; custom_margin=&#8221;||0px|&#8221; custom_padding=&#8221;||0px|&#8221; _builder_version=&#8221;3.17.6&#8243;]<\/p>\n<p>Club Nataci\u00f3n Alone &#8211; Santa Pola Logotype<\/p>\n<p>[\/et_pb_text][et_pb_text admin_label=&#8221;Titular&#8221; text_font=&#8221;Source Sans Pro Light|on|||&#8221; text_font_size=&#8221;50&#8243; text_text_color=&#8221;#09688b&#8221; text_line_height=&#8221;1em&#8221; custom_margin=&#8221;0px||30px|&#8221; custom_padding=&#8221;0px|||&#8221; _builder_version=&#8221;3.17.6&#8243;]<\/p>\n<div class=\"page\" title=\"Page 1\">\n<div class=\"layoutArea\">\n<div class=\"column\">\n<div class=\"page\" title=\"Page 1\">\n<div class=\"section\">\n<div class=\"layoutArea\">\n<div class=\"column\">\n<p>LOGO ORIGIN<\/p>\n<\/div>\n<\/div>\n<\/div>\n<\/div>\n<\/div>\n<\/div>\n<\/div>\n<p>[\/et_pb_text][et_pb_divider height=&#8221;50px&#8221; custom_css_main_element=&#8221;width: 20%;&#8221; disabled_on=&#8221;on|on|off&#8221; _builder_version=&#8221;3.17.6&#8243; \/][et_pb_text _builder_version=&#8221;3.17.6&#8243;]<\/p>\n<p><img loading=\"lazy\" decoding=\"async\" class=\"size-full wp-image-25664 aligncenter\" src=\"https:\/\/www.travesiatabarcasantapola.com\/wp-content\/uploads\/2017\/03\/Captura-de-pantalla-2017-07-04-a-las-17.47.11.png\" alt=\"\" width=\"854\" height=\"398\" srcset=\"https:\/\/www.travesiatabarcasantapola.com\/wp-content\/uploads\/2017\/03\/Captura-de-pantalla-2017-07-04-a-las-17.47.11.png 854w, https:\/\/www.travesiatabarcasantapola.com\/wp-content\/uploads\/2017\/03\/Captura-de-pantalla-2017-07-04-a-las-17.47.11-300x140.png 300w, https:\/\/www.travesiatabarcasantapola.com\/wp-content\/uploads\/2017\/03\/Captura-de-pantalla-2017-07-04-a-las-17.47.11-768x358.png 768w\" sizes=\"(max-width: 854px) 100vw, 854px\" \/><\/p>\n<div class=\"page\" title=\"Page 1\">\n<div class=\"layoutArea\">\n<div class=\"column\">\n<p>Perhaps the first time we heard of a notable swimming feat; in our case this was when we heard from someone about a famous Greek legend, namely, the story concerning Leander and Hero. Leander had fallen madly in love with a beautiful, young priestess called Hero. Although they were both Greek, where they lived, they were separated by a sea channel about 30 stadia (something more than 5,700 metres, which by some quirk, is almost the same distance as our own Crossing).<\/p>\n<p>Hero\u2019s family were opposed to this lovers\u2019 liaison, which coupled with the fact that Hero was a priestess, rendered this union virtually impossible.<\/p>\n<p>But both were madly in love, and Leander asked Hero to be his wife and get together in secret. But to do this they had to hide this plan from all those who opposed their love for each other. So Leander had to swim across the strait daily at nightfall,<\/p>\n<p>guided by an oil lamp which his lover tended every night and lit at the top of a tower where she anxiously awaited him, Leander then would go back just before daybreak when the tryst was over.<\/p>\n<p>When winter came, Hero made a point of covering the lamp with her shawl<br \/>so that the strong winds could not blow it out.<br \/>But one night, (what a tragic one) either Hero failed to light it, or it was blown out by the strong wind, Leander could not get his bearings and hammered by the storm waves and exhausted by swimming against the wild sea, he couldn\u2019t cope any more and finally succumbed altogether&#8230;Hero waited in vain for him all the rest of that night. Only with the first light of daybreak, she spotted, horror-struck, her beloved Leander\u2019s body, floating at the foot of the tower.<\/p>\n<p>The beautiful but unhappy Hero realised what had happened, and then out of her mind through her intense grief , jumped from the top of the tower, sinking, together with Leander in the same strait which had earlier separated them.<br \/>They say both bodies appeared as if together.<\/p>\n<\/div>\n<\/div>\n<\/div>\n<p><img loading=\"lazy\" decoding=\"async\" class=\"size-full wp-image-26895 aligncenter\" src=\"https:\/\/www.travesiatabarcasantapola.com\/wp-content\/uploads\/2018\/11\/monedas.jpg\" alt=\"\" width=\"1000\" height=\"322\" srcset=\"https:\/\/www.travesiatabarcasantapola.com\/wp-content\/uploads\/2018\/11\/monedas.jpg 1000w, https:\/\/www.travesiatabarcasantapola.com\/wp-content\/uploads\/2018\/11\/monedas-300x97.jpg 300w, https:\/\/www.travesiatabarcasantapola.com\/wp-content\/uploads\/2018\/11\/monedas-768x247.jpg 768w\" sizes=\"(max-width: 1000px) 100vw, 1000px\" \/><\/p>\n<div class=\"page\" title=\"Page 2\">\n<div class=\"layoutArea\">\n<div class=\"column\">\n<p>Some poet wrote:<\/p>\n<p>So finally, after death,<br \/>two lovers succeeded late <br \/>to be united at last <br \/>smiling back at unjust fate<\/p>\n<p>As a result of this legend, a coin or medal of the time was minted, later to be recovered to be studied in museums, and in which a swimmer is featured and that\u2019s what provided the inspiration for our logo.<\/p>\n<\/div>\n<\/div>\n<\/div>\n<p><a href=\"https:\/\/es.wikipedia.org\/wiki\/Hero_y_Leandro\">https:\/\/es.wikipedia.org\/wiki\/Hero_y_Leandro<\/a><\/p>\n<p>[\/et_pb_text][\/et_pb_column][\/et_pb_row][\/et_pb_section]<\/p>\n","protected":false},"excerpt":{"rendered":"<p>Club Nataci\u00f3n Alone &#8211; Santa Pola Logotype LOGO ORIGIN Perhaps the first time we heard of a notable swimming feat; in our case this was when we heard from someone about a famous Greek legend, namely, the story concerning Leander and Hero. Leander had fallen madly in love with a beautiful, young priestess called Hero. [&hellip;]<\/p>\n","protected":false},"author":1,"featured_media":0,"parent":26881,"menu_order":0,"comment_status":"closed","ping_status":"closed","template":"","meta":{"_et_pb_use_builder":"on","_et_pb_old_content":"","_et_gb_content_width":"","footnotes":""},"class_list":["post-26915","page","type-page","status-publish","hentry"],"yoast_head":"<!-- This site is optimized with the Yoast SEO plugin v27.6 - https:\/\/yoast.com\/product\/yoast-seo-wordpress\/ -->\n<title>Origen logotipo Club Nataci\u00f3n Alone - Traves\u00eda a Nado Tabarca Santa Pola (Alicante - Espa\u00f1a)<\/title>\n<meta name=\"robots\" content=\"index, follow, max-snippet:-1, max-image-preview:large, max-video-preview:-1\" \/>\n<link rel=\"canonical\" href=\"https:\/\/www.travesiatabarcasantapola.com\/it\/aneddoti\/origen-logo-club-alone\/\" \/>\n<meta property=\"og:locale\" content=\"it_IT\" \/>\n<meta property=\"og:type\" content=\"article\" \/>\n<meta property=\"og:title\" content=\"Origen logotipo Club Nataci\u00f3n Alone - Traves\u00eda a Nado Tabarca Santa Pola (Alicante - Espa\u00f1a)\" \/>\n<meta property=\"og:description\" content=\"Club Nataci\u00f3n Alone - Santa Pola Logotype LOGO ORIGIN Perhaps the first time we heard of a notable swimming feat; in our case this was when we heard from someone about a famous Greek legend, namely, the story concerning Leander and Hero. Leander had fallen madly in love with a beautiful, young priestess called Hero. [&hellip;]\" \/>\n<meta property=\"og:url\" content=\"https:\/\/www.travesiatabarcasantapola.com\/it\/aneddoti\/origen-logo-club-alone\/\" \/>\n<meta property=\"og:site_name\" content=\"Traves\u00eda a Nado Tabarca Santa Pola (Alicante - Espa\u00f1a)\" \/>\n<meta property=\"article:publisher\" content=\"https:\/\/www.facebook.com\/Travesiaanado\/?fref=ts\" \/>\n<meta property=\"og:image\" content=\"https:\/\/www.travesiatabarcasantapola.com\/wp-content\/uploads\/2017\/03\/Captura-de-pantalla-2017-07-04-a-las-17.47.11.png\" \/>\n<meta name=\"twitter:card\" content=\"summary_large_image\" \/>\n<meta name=\"twitter:site\" content=\"@travesiaanado\" \/>\n<meta name=\"twitter:label1\" content=\"Est. reading time\" \/>\n\t<meta name=\"twitter:data1\" content=\"3 minutes\" \/>\n<script type=\"application\/ld+json\" class=\"yoast-schema-graph\">{\"@context\":\"https:\\\/\\\/schema.org\",\"@graph\":[{\"@type\":\"WebPage\",\"@id\":\"https:\\\/\\\/www.travesiatabarcasantapola.com\\\/it\\\/aneddoti\\\/origen-logo-club-alone\\\/\",\"url\":\"https:\\\/\\\/www.travesiatabarcasantapola.com\\\/it\\\/aneddoti\\\/origen-logo-club-alone\\\/\",\"name\":\"Origen logotipo Club Nataci\u00f3n Alone - Traves\u00eda a Nado Tabarca Santa Pola (Alicante - Espa\u00f1a)\",\"isPartOf\":{\"@id\":\"https:\\\/\\\/www.travesiatabarcasantapola.com\\\/#website\"},\"primaryImageOfPage\":{\"@id\":\"https:\\\/\\\/www.travesiatabarcasantapola.com\\\/it\\\/aneddoti\\\/origen-logo-club-alone\\\/#primaryimage\"},\"image\":{\"@id\":\"https:\\\/\\\/www.travesiatabarcasantapola.com\\\/it\\\/aneddoti\\\/origen-logo-club-alone\\\/#primaryimage\"},\"thumbnailUrl\":\"https:\\\/\\\/www.travesiatabarcasantapola.com\\\/wp-content\\\/uploads\\\/2017\\\/03\\\/Captura-de-pantalla-2017-07-04-a-las-17.47.11.png\",\"datePublished\":\"2018-11-08T15:08:59+00:00\",\"breadcrumb\":{\"@id\":\"https:\\\/\\\/www.travesiatabarcasantapola.com\\\/it\\\/aneddoti\\\/origen-logo-club-alone\\\/#breadcrumb\"},\"inLanguage\":\"it-IT\",\"potentialAction\":[{\"@type\":\"ReadAction\",\"target\":[\"https:\\\/\\\/www.travesiatabarcasantapola.com\\\/it\\\/aneddoti\\\/origen-logo-club-alone\\\/\"]}]},{\"@type\":\"ImageObject\",\"inLanguage\":\"it-IT\",\"@id\":\"https:\\\/\\\/www.travesiatabarcasantapola.com\\\/it\\\/aneddoti\\\/origen-logo-club-alone\\\/#primaryimage\",\"url\":\"https:\\\/\\\/www.travesiatabarcasantapola.com\\\/wp-content\\\/uploads\\\/2017\\\/03\\\/Captura-de-pantalla-2017-07-04-a-las-17.47.11.png\",\"contentUrl\":\"https:\\\/\\\/www.travesiatabarcasantapola.com\\\/wp-content\\\/uploads\\\/2017\\\/03\\\/Captura-de-pantalla-2017-07-04-a-las-17.47.11.png\"},{\"@type\":\"BreadcrumbList\",\"@id\":\"https:\\\/\\\/www.travesiatabarcasantapola.com\\\/it\\\/aneddoti\\\/origen-logo-club-alone\\\/#breadcrumb\",\"itemListElement\":[{\"@type\":\"ListItem\",\"position\":1,\"name\":\"Portada\",\"item\":\"https:\\\/\\\/www.travesiatabarcasantapola.com\\\/it\\\/\"},{\"@type\":\"ListItem\",\"position\":2,\"name\":\"ANEDDOTI\",\"item\":\"https:\\\/\\\/www.travesiatabarcasantapola.com\\\/it\\\/aneddoti\\\/\"},{\"@type\":\"ListItem\",\"position\":3,\"name\":\"Origen logotipo Club Nataci\u00f3n Alone\"}]},{\"@type\":\"WebSite\",\"@id\":\"https:\\\/\\\/www.travesiatabarcasantapola.com\\\/#website\",\"url\":\"https:\\\/\\\/www.travesiatabarcasantapola.com\\\/\",\"name\":\"Traves\u00eda a Nado Tabarca Santa Pola (Alicante - Espa\u00f1a)\",\"description\":\"La mejor traves\u00eda a nado en aguas abiertas de Espa\u00f1a\",\"potentialAction\":[{\"@type\":\"SearchAction\",\"target\":{\"@type\":\"EntryPoint\",\"urlTemplate\":\"https:\\\/\\\/www.travesiatabarcasantapola.com\\\/?s={search_term_string}\"},\"query-input\":{\"@type\":\"PropertyValueSpecification\",\"valueRequired\":true,\"valueName\":\"search_term_string\"}}],\"inLanguage\":\"it-IT\"}]}<\/script>\n<!-- \/ Yoast SEO plugin. -->","yoast_head_json":{"title":"Origen logotipo Club Nataci\u00f3n Alone - Traves\u00eda a Nado Tabarca Santa Pola (Alicante - Espa\u00f1a)","robots":{"index":"index","follow":"follow","max-snippet":"max-snippet:-1","max-image-preview":"max-image-preview:large","max-video-preview":"max-video-preview:-1"},"canonical":"https:\/\/www.travesiatabarcasantapola.com\/it\/aneddoti\/origen-logo-club-alone\/","og_locale":"it_IT","og_type":"article","og_title":"Origen logotipo Club Nataci\u00f3n Alone - Traves\u00eda a Nado Tabarca Santa Pola (Alicante - Espa\u00f1a)","og_description":"Club Nataci\u00f3n Alone - Santa Pola Logotype LOGO ORIGIN Perhaps the first time we heard of a notable swimming feat; in our case this was when we heard from someone about a famous Greek legend, namely, the story concerning Leander and Hero. Leander had fallen madly in love with a beautiful, young priestess called Hero. [&hellip;]","og_url":"https:\/\/www.travesiatabarcasantapola.com\/it\/aneddoti\/origen-logo-club-alone\/","og_site_name":"Traves\u00eda a Nado Tabarca Santa Pola (Alicante - Espa\u00f1a)","article_publisher":"https:\/\/www.facebook.com\/Travesiaanado\/?fref=ts","og_image":[{"url":"https:\/\/www.travesiatabarcasantapola.com\/wp-content\/uploads\/2017\/03\/Captura-de-pantalla-2017-07-04-a-las-17.47.11.png","type":"","width":"","height":""}],"twitter_card":"summary_large_image","twitter_site":"@travesiaanado","twitter_misc":{"Est. reading time":"3 minutes"},"schema":{"@context":"https:\/\/schema.org","@graph":[{"@type":"WebPage","@id":"https:\/\/www.travesiatabarcasantapola.com\/it\/aneddoti\/origen-logo-club-alone\/","url":"https:\/\/www.travesiatabarcasantapola.com\/it\/aneddoti\/origen-logo-club-alone\/","name":"Origen logotipo Club Nataci\u00f3n Alone - Traves\u00eda a Nado Tabarca Santa Pola (Alicante - Espa\u00f1a)","isPartOf":{"@id":"https:\/\/www.travesiatabarcasantapola.com\/#website"},"primaryImageOfPage":{"@id":"https:\/\/www.travesiatabarcasantapola.com\/it\/aneddoti\/origen-logo-club-alone\/#primaryimage"},"image":{"@id":"https:\/\/www.travesiatabarcasantapola.com\/it\/aneddoti\/origen-logo-club-alone\/#primaryimage"},"thumbnailUrl":"https:\/\/www.travesiatabarcasantapola.com\/wp-content\/uploads\/2017\/03\/Captura-de-pantalla-2017-07-04-a-las-17.47.11.png","datePublished":"2018-11-08T15:08:59+00:00","breadcrumb":{"@id":"https:\/\/www.travesiatabarcasantapola.com\/it\/aneddoti\/origen-logo-club-alone\/#breadcrumb"},"inLanguage":"it-IT","potentialAction":[{"@type":"ReadAction","target":["https:\/\/www.travesiatabarcasantapola.com\/it\/aneddoti\/origen-logo-club-alone\/"]}]},{"@type":"ImageObject","inLanguage":"it-IT","@id":"https:\/\/www.travesiatabarcasantapola.com\/it\/aneddoti\/origen-logo-club-alone\/#primaryimage","url":"https:\/\/www.travesiatabarcasantapola.com\/wp-content\/uploads\/2017\/03\/Captura-de-pantalla-2017-07-04-a-las-17.47.11.png","contentUrl":"https:\/\/www.travesiatabarcasantapola.com\/wp-content\/uploads\/2017\/03\/Captura-de-pantalla-2017-07-04-a-las-17.47.11.png"},{"@type":"BreadcrumbList","@id":"https:\/\/www.travesiatabarcasantapola.com\/it\/aneddoti\/origen-logo-club-alone\/#breadcrumb","itemListElement":[{"@type":"ListItem","position":1,"name":"Portada","item":"https:\/\/www.travesiatabarcasantapola.com\/it\/"},{"@type":"ListItem","position":2,"name":"ANEDDOTI","item":"https:\/\/www.travesiatabarcasantapola.com\/it\/aneddoti\/"},{"@type":"ListItem","position":3,"name":"Origen logotipo Club Nataci\u00f3n Alone"}]},{"@type":"WebSite","@id":"https:\/\/www.travesiatabarcasantapola.com\/#website","url":"https:\/\/www.travesiatabarcasantapola.com\/","name":"Traves\u00eda a Nado Tabarca Santa Pola (Alicante - Espa\u00f1a)","description":"La mejor traves\u00eda a nado en aguas abiertas de Espa\u00f1a","potentialAction":[{"@type":"SearchAction","target":{"@type":"EntryPoint","urlTemplate":"https:\/\/www.travesiatabarcasantapola.com\/?s={search_term_string}"},"query-input":{"@type":"PropertyValueSpecification","valueRequired":true,"valueName":"search_term_string"}}],"inLanguage":"it-IT"}]}},"_links":{"self":[{"href":"https:\/\/www.travesiatabarcasantapola.com\/it\/wp-json\/wp\/v2\/pages\/26915","targetHints":{"allow":["GET"]}}],"collection":[{"href":"https:\/\/www.travesiatabarcasantapola.com\/it\/wp-json\/wp\/v2\/pages"}],"about":[{"href":"https:\/\/www.travesiatabarcasantapola.com\/it\/wp-json\/wp\/v2\/types\/page"}],"author":[{"embeddable":true,"href":"https:\/\/www.travesiatabarcasantapola.com\/it\/wp-json\/wp\/v2\/users\/1"}],"replies":[{"embeddable":true,"href":"https:\/\/www.travesiatabarcasantapola.com\/it\/wp-json\/wp\/v2\/comments?post=26915"}],"version-history":[{"count":0,"href":"https:\/\/www.travesiatabarcasantapola.com\/it\/wp-json\/wp\/v2\/pages\/26915\/revisions"}],"up":[{"embeddable":true,"href":"https:\/\/www.travesiatabarcasantapola.com\/it\/wp-json\/wp\/v2\/pages\/26881"}],"wp:attachment":[{"href":"https:\/\/www.travesiatabarcasantapola.com\/it\/wp-json\/wp\/v2\/media?parent=26915"}],"curies":[{"name":"wp","href":"https:\/\/api.w.org\/{rel}","templated":true}]}}